{"id":11701,"date":"2020-05-06T18:06:44","date_gmt":"2020-05-06T16:06:44","guid":{"rendered":"http:\/\/success.local\/?page_id=11701"},"modified":"2024-05-06T22:06:27","modified_gmt":"2024-05-06T20:06:27","slug":"online-akce","status":"publish","type":"page","link":"https:\/\/rosicrucianum.org\/sk\/online-akce\/","title":{"rendered":"Online podujatia"},"content":{"rendered":"<div class='mc-event-list-container'><ul id='upcoming-events-39432816bfc025f8b003a4c96fa7cc1f' class='mc-event-list upcoming-events list-events'>\n<li class=\"mc-mc_upcoming_178 upcoming-event mc_online  future-event mc_primary_online nonrecurring mc-1-hour mc-start-19-00 ungrouped mc-event-154 mc-events mc_rel_online\"><strong><a href='https:\/\/rosicrucianum.org\/sk\/akce\/jaka-je-sila-myslenky-a-mluveneho-slova-co-je-vedomi\/' ><span class='mc-icon' aria-hidden='true'><\/span>Jak\u00e1 je s\u00edla my\u0161lenky a mluven\u00e9ho slova? Co je v\u011bdom\u00ed?<\/a><\/strong><br>\r\n<span style='background-color: #dd9933; color: #000000'>\u00a0\u00a0<\/span>\u00a0\u00a0Online, <strong>12.5.2026, 19:00<\/strong><br><br>\r\n<p>- Ka\u017ed\u00e1 my\u0161lenka a zejm\u00e9na vy\u0159\u010den\u00e9 slovo je magickou v\u00fdzvou a b\u00fdv\u00e1 v\u017edy vysly\u0161ena, ale nikoli v tom smyslu, jak v\u011bt\u0161ina lid\u00ed o\u010dek\u00e1v\u00e1.<br \/>\nKdy\u017e intenzivn\u011b mysl\u00edte, chcete a tou\u017e\u00edte, pak doch\u00e1z\u00ed k tvo\u0159en\u00ed, k tv\u016fr\u010d\u00edmu \u201efiat\u201c. Kdy\u017e jsou p\u0159\u00e1n\u00ed sobeck\u00e1, p\u0159itahuj\u00ed sobeck\u00e9 s\u00edly a tyto primitivn\u00ed s\u00edly n\u00e1s pak vedou osobn\u00edm \u017eivotem.<br \/>\n- Je pozoruhodn\u00e9, \u017ee ka\u017ed\u00fd z n\u00e1s m\u00e1 jin\u00e9 v\u011bdom\u00ed, a proto vid\u00edme pravdu po sv\u00e9m. To znamen\u00e1, \u017ee my, jako lidsk\u00e9 bytosti, reagujeme odli\u0161n\u011b v podstat\u011b na stejnou ud\u00e1lost. A\u010dkoli je na\u0161e v\u011bdom\u00ed subjektivn\u00ed, je d\u016fle\u017eit\u00fdm n\u00e1strojem. Co je v\u011bdom\u00ed?<br \/>\nTe\u0161\u00edme se na spole\u010dn\u00fd inspirativn\u00ed rozhovor.<\/p>\n<p>Odkaz k p\u0159ipojen\u00ed:<br \/>\n<a href=\"https:\/\/teams.live.com\/meet\/9324542597973?p=2ehw2NgmGqU3MTtWsk\" target=\"_blank\">https:\/\/teams.live.com\/meet\/9324542597973?p=2ehw2NgmGqU3MTtWsk<\/a><\/p>\n<p><img decoding=\"async\" data-src=\"https:\/\/rosicrucianum.org\/wp-content\/uploads\/2026\/04\/jaka_je_sila_myslenky_a_mluveneho_slova_co_je_vedomi2026-05.jpg\" alt=\"plakat\" src=\"data:image\/svg+xml;base64,PHN2ZyB3aWR0aD0iMSIgaGVpZ2h0PSIxIiB4bWxucz0iaHR0cDovL3d3dy53My5vcmcvMjAwMC9zdmciPjwvc3ZnPg==\" class=\"lazyload\" style=\"--smush-placeholder-width: 720px; --smush-placeholder-aspect-ratio: 720\/960;\" \/><\/p>\n<hr><\/li>\n<\/ul><\/div>\n","protected":false},"excerpt":{"rendered":"","protected":false},"author":1,"featured_media":0,"parent":0,"menu_order":0,"comment_status":"closed","ping_status":"closed","template":"","meta":{"episode_type":"","audio_file":"","podmotor_file_id":"","podmotor_episode_id":"","cover_image":"","cover_image_id":"","duration":"","filesize":"","filesize_raw":"","date_recorded":"","explicit":"","block":"","itunes_episode_number":"","itunes_title":"","itunes_season_number":"","itunes_episode_type":"","_mc_calendar":[],"footnotes":""},"class_list":["post-11701","page","type-page","status-publish","hentry"],"translation":{"provider":"WPGlobus","version":"3.0.2","language":"sk","enabled_languages":["cz","sk"],"languages":{"cz":{"title":true,"content":true,"excerpt":false},"sk":{"title":true,"content":true,"excerpt":false}}},"_links":{"self":[{"href":"https:\/\/rosicrucianum.org\/sk\/wp-json\/wp\/v2\/pages\/11701","targetHints":{"allow":["GET"]}}],"collection":[{"href":"https:\/\/rosicrucianum.org\/sk\/wp-json\/wp\/v2\/pages"}],"about":[{"href":"https:\/\/rosicrucianum.org\/sk\/wp-json\/wp\/v2\/types\/page"}],"author":[{"embeddable":true,"href":"https:\/\/rosicrucianum.org\/sk\/wp-json\/wp\/v2\/users\/1"}],"replies":[{"embeddable":true,"href":"https:\/\/rosicrucianum.org\/sk\/wp-json\/wp\/v2\/comments?post=11701"}],"version-history":[{"count":0,"href":"https:\/\/rosicrucianum.org\/sk\/wp-json\/wp\/v2\/pages\/11701\/revisions"}],"wp:attachment":[{"href":"https:\/\/rosicrucianum.org\/sk\/wp-json\/wp\/v2\/media?parent=11701"}],"curies":[{"name":"wp","href":"https:\/\/api.w.org\/{rel}","templated":true}]}}