{"id":125354,"date":"2022-02-06T20:37:59","date_gmt":"2022-02-06T19:37:59","guid":{"rendered":"http:\/\/success.local\/?page_id=125354"},"modified":"2022-03-14T07:46:47","modified_gmt":"2022-03-14T06:46:47","slug":"zajemci","status":"publish","type":"page","link":"https:\/\/rosicrucianum.org\/sk\/zajemci\/","title":{"rendered":"Z\u00e1ujemcovia"},"content":{"rendered":"<p><iframe data-src=\"https:\/\/docs.google.com\/forms\/d\/e\/1FAIpQLSc2NPaOfrKTMIGmOx9W8PlFIeihuliC_Znj5CozFiK6tgBm2A\/viewform?embedded=true\" width=\"640\" height=\"1350\" frameborder=\"0\" marginheight=\"0\" marginwidth=\"0\" src=\"data:image\/svg+xml;base64,PHN2ZyB3aWR0aD0iMSIgaGVpZ2h0PSIxIiB4bWxucz0iaHR0cDovL3d3dy53My5vcmcvMjAwMC9zdmciPjwvc3ZnPg==\" class=\"lazyload\" data-load-mode=\"1\">Na\u010d\u00edt\u00e1n\u00ed\u2026<\/iframe><\/p>\n<style>\n.post-title {\n  text-align: center;\n}\n<\/style>\n","protected":false},"excerpt":{"rendered":"<p>Na\u010d\u00edt\u00e1n\u00ed\u2026<\/p>\n","protected":false},"author":1,"featured_media":0,"parent":0,"menu_order":0,"comment_status":"closed","ping_status":"closed","template":"full-width-page-template.php","meta":{"episode_type":"","audio_file":"","podmotor_file_id":"","podmotor_episode_id":"","cover_image":"","cover_image_id":"","duration":"","filesize":"","filesize_raw":"","date_recorded":"","explicit":"","block":"","itunes_episode_number":"","itunes_title":"","itunes_season_number":"","itunes_episode_type":"","_mc_calendar":[],"footnotes":""},"class_list":["post-125354","page","type-page","status-publish","hentry"],"translation":{"provider":"WPGlobus","version":"3.0.2","language":"sk","enabled_languages":["cz","sk"],"languages":{"cz":{"title":true,"content":true,"excerpt":false},"sk":{"title":true,"content":false,"excerpt":false}}},"_links":{"self":[{"href":"https:\/\/rosicrucianum.org\/sk\/wp-json\/wp\/v2\/pages\/125354","targetHints":{"allow":["GET"]}}],"collection":[{"href":"https:\/\/rosicrucianum.org\/sk\/wp-json\/wp\/v2\/pages"}],"about":[{"href":"https:\/\/rosicrucianum.org\/sk\/wp-json\/wp\/v2\/types\/page"}],"author":[{"embeddable":true,"href":"https:\/\/rosicrucianum.org\/sk\/wp-json\/wp\/v2\/users\/1"}],"replies":[{"embeddable":true,"href":"https:\/\/rosicrucianum.org\/sk\/wp-json\/wp\/v2\/comments?post=125354"}],"version-history":[{"count":0,"href":"https:\/\/rosicrucianum.org\/sk\/wp-json\/wp\/v2\/pages\/125354\/revisions"}],"wp:attachment":[{"href":"https:\/\/rosicrucianum.org\/sk\/wp-json\/wp\/v2\/media?parent=125354"}],"curies":[{"name":"wp","href":"https:\/\/api.w.org\/{rel}","templated":true}]}}