{"id":1329,"date":"2012-04-05T12:25:06","date_gmt":"2012-04-05T10:25:06","guid":{"rendered":"http:\/\/www.rosicrucianum.cz\/?page_id=1329"},"modified":"2026-01-21T19:39:11","modified_gmt":"2026-01-21T18:39:11","slug":"prodej","status":"publish","type":"page","link":"https:\/\/rosicrucianum.org\/sk\/literatura\/prodej\/","title":{"rendered":"Predaj kn\u00edh"},"content":{"rendered":"<p style=\"text-align:center;\"><strong>Novinky<\/strong> (len v \u010deskom jazyku)<\/p>\n<ul>\n<li><a href=\"https:\/\/rosicrucianum.org\/sk\/blog\/2026\/01\/18\/aurora-cervanky-na-vychode\/\" target=\"_self\" rel=\"noopener noreferrer\">Aurora \u2013 \u010cerv\u00e1nky na v\u00fdchod\u011b<\/a><\/li>\n<li><a href=\"https:\/\/rosicrucianum.org\/sk\/blog\/2026\/01\/21\/ohnivy-zar-vystupu\/\" target=\"_self\" rel=\"noopener noreferrer\">Ohniv\u00fd \u017e\u00e1r v\u00fdstupu<\/a><\/li>\n<li><a href=\"https:\/\/rosicrucianum.org\/sk\/blog\/2024\/08\/28\/volani-srdcem-sveta\/\" target=\"_self\" rel=\"noopener noreferrer\">Vol\u00e1ni srdcem sv\u011bta<\/a><\/li>\n<li><a href=\"https:\/\/www.rosicrucianum.org\/sk\/blog\/2023\/09\/10\/christianopolis\/\" target=\"_self\" rel=\"noopener noreferrer\">Christianopolis<\/a><\/li>\n<li><a href=\"https:\/\/www.rosicrucianum.org\/sk\/blog\/2023\/03\/13\/mysterium-blahoslavenstvi\/\" target=\"_self\" rel=\"noopener noreferrer\">Myst\u00e9rium blahoslavenstv\u00ed<\/a><\/li>\n<li><a href=\"https:\/\/www.rosicrucianum.org\/sk\/blog\/2023\/03\/13\/nykthemeron-apollonia-z-tyany\/\" target=\"_self\" rel=\"noopener noreferrer\">Nykthemeron Apollonia z Tyany<\/a><\/li>\n<li><a href=\"https:\/\/www.rosicrucianum.org\/sk\/blog\/2022\/07\/08\/egyptska-puvodni-gnose-1\/\" target=\"_self\" rel=\"noopener noreferrer\">Egyptsk\u00e1 p\u016fvodn\u00ed Gnose, 1. d\u00edl<\/a>\u00a0\u2013 Koment\u00e1\u0159e k Tabula Smaragdina a Corpus Hermeticum<\/li>\n<li><a href=\"https:\/\/www.rosicrucianum.org\/sk\/blog\/2022\/07\/08\/egyptska-puvodni-gnose-2\/\" target=\"_self\" rel=\"noopener noreferrer\">Egyptsk\u00e1 p\u016fvodn\u00ed Gnose, 2. d\u00edl<\/a>\u00a0\u2013 Koment\u00e1\u0159e ke Corpus Hermeticum<\/li>\n<li><a href=\"https:\/\/www.rosicrucianum.org\/sk\/blog\/2022\/11\/25\/egyptska-puvodni-gnose-3\/\" target=\"_self\" rel=\"noopener noreferrer\">Egyptsk\u00e1 p\u016fvodn\u00ed Gnose, 3. d\u00edl<\/a>\u00a0\u2013 Koment\u00e1\u0159e ke Corpus Hermeticum<\/li>\n<li><a href=\"https:\/\/www.rosicrucianum.org\/sk\/blog\/2023\/02\/02\/egyptska-puvodni-gnose-4\/\" target=\"_self\" rel=\"noopener noreferrer\">Egyptsk\u00e1 p\u016fvodn\u00ed Gnose, 4. d\u00edl<\/a>\u00a0\u2013 Koment\u00e1\u0159e ke Corpus Hermeticum<\/li>\n<\/ul>\n<hr>\n<p style=\"text-align: justify;\">Literat\u00faru Medzin\u00e1rodnej \u0161koly Zlat\u00e9ho Kr\u00ed\u017ea s Ru\u017eou m\u00f4\u017eete zak\u00fapi\u0165 pri v\u0161etk\u00fdch akci\u00e1ch \u0161koly, ktor\u00e9 sa konaj\u00fa v\u00a0<a href=\"https:\/\/www.rosicrucianum.org\/sk\/centra\/praha\/\">centre Praha<\/a> alebo v\u00a0<a href=\"https:\/\/www.rosicrucianum.org\/sk\/centra\/brno\/\">centre Brno<\/a>.<\/p>\n<p>Objedna\u0165 literat\u00faru k zaslaniu na va\u0161u adresu (zasielame iba z \u010ceskej republiky) m\u00f4\u017eete emailom: <a href=\"mailto:lectorium@rosicrucianum.org\">lectorium@rosicrucianum.org<\/a><\/p>\n<p>V s\u00fa\u010dasnosti s\u00fa k dispoz\u00edcii nasleduj\u00face tituly (zatia\u013e len v \u010deskom jazyku):<\/p>\n<p><strong>\n<table id=\"tablepress-67\" class=\"tablepress tablepress-id-67\">\n<thead>\n<tr class=\"row-1\">\n\t<th class=\"column-1\">Titul<\/th><th class=\"column-2\">Form\u00e1t<\/th><th class=\"column-3\">Vydan\u00e9<\/th><th class=\"column-4\">Cena<\/th>\n<\/tr>\n<\/thead>\n<tbody class=\"row-striping row-hover\">\n<tr class=\"row-2\">\n\t<td class=\"column-1\"><a href=\"https:\/\/www.rosicrucianum.org\/sk\/blog\/2019\/04\/01\/alchymicka-svatba-christiana-rosenkreuze-i-dil-esotericka-analyza-chymicke-svatby-christiana-rosenkreuze-roku-1459\/\" target=\"_self\" rel=\"noopener noreferrer\">Alchymick\u00e1 svatba Christiana Rosenkreuze, I. d\u00edl<\/a> \u2013 Esoterick\u00e1 anal\u00fdza chymick\u00e9 svatby Christiana Rosenkreuze roku 1459<\/td><td class=\"column-2\">364 str\u00e1n, viazan\u00e1 v\u00e4zba<\/td><td class=\"column-3\">2019<\/td><td class=\"column-4\">380 K\u010d<\/td>\n<\/tr>\n<tr class=\"row-3\">\n\t<td class=\"column-1\"><a href=\"https:\/\/www.rosicrucianum.org\/sk\/blog\/2019\/04\/01\/alchymicka-svatba-christiana-rosenkreuze-ii-dil-esotericka-analyza-chymicke-svatby-christiana-rosenkreuze-roku-1459\/\" target=\"_self\" rel=\"noopener noreferrer\">Alchymick\u00e1 svatba Christiana Rosenkreuze, II. d\u00edl<\/a> \u2013 Esoterick\u00e1 anal\u00fdza chymick\u00e9 svatby Christiana Rosenkreuze roku 1459<\/td><td class=\"column-2\">324 str\u00e1n, viazan\u00e1 v\u00e4zba<\/td><td class=\"column-3\">2019<\/td><td class=\"column-4\">360 K\u010d<\/td>\n<\/tr>\n<tr class=\"row-4\">\n\t<td class=\"column-1\"><a href=\"https:\/\/www.rosicrucianum.org\/sk\/blog\/2022\/05\/04\/apokalypsa-nove-doby\/\" target=\"_self\" rel=\"noopener noreferrer\">Apokalypsa nov\u00e9 doby<\/a> \u2013 P\u011bt Vodn\u00e1\u0159sk\u00fdch konferenc\u00ed<\/td><td class=\"column-2\">348 str\u00e1n, bro\u017eovan\u00e1 v\u00e4zba<\/td><td class=\"column-3\">2021<\/td><td class=\"column-4\">200 K\u010d<\/td>\n<\/tr>\n<tr class=\"row-5\">\n\t<td class=\"column-1\"><a href=\"https:\/\/www.rosicrucianum.org\/sk\/2010\/01\/19\/bratrstvo-sambaly\/\" target=\"_self\" rel=\"noopener noreferrer\">Bratrstvo \u0160ambaly<\/a><\/td><td class=\"column-2\">79 str\u00e1n, bro\u017eovan\u00e1 v\u00e4zba<\/td><td class=\"column-3\">2001<\/td><td class=\"column-4\">70 K\u010d<\/td>\n<\/tr>\n<tr class=\"row-6\">\n\t<td class=\"column-1\"><a href=\"https:\/\/www.rosicrucianum.org\/sk\/2016\/03\/22\/cinska-gnose-komentare-k-tao-te-tingu\/\" target=\"_self\" rel=\"noopener noreferrer\">\u010c\u00ednsk\u00e1 Gnose<\/a> \u2013 Koment\u00e1\u0159e k Tao-te-\u0165ingu<\/td><td class=\"column-2\">459 str\u00e1n, viazan\u00e1 v\u00e4zba<\/td><td class=\"column-3\">2014<\/td><td class=\"column-4\">250 K\u010d<\/td>\n<\/tr>\n<tr class=\"row-7\">\n\t<td class=\"column-1\"><a href=\"https:\/\/www.rosicrucianum.org\/sk\/blog\/2023\/09\/10\/christianopolis\/\" target=\"_self\" rel=\"noopener noreferrer\">Christianopolis<\/a><\/td><td class=\"column-2\">109 str\u00e1n, bro\u017eovan\u00e1 v\u00e4zba<\/td><td class=\"column-3\">2023<\/td><td class=\"column-4\">150 K\u010d<\/td>\n<\/tr>\n<tr class=\"row-8\">\n\t<td class=\"column-1\"><a href=\"https:\/\/www.rosicrucianum.org\/sk\/2016\/04\/25\/dei-gloria-intacta-krestanske-mysterium-zasveceni-svateho-krize-s-ruzi-pro-novou-eru\/\" target=\"_self\" rel=\"noopener noreferrer\">Dei Gloria Intacta<\/a> \u2013 K\u0159es\u0165ansk\u00e9 myst\u00e9rium zasv\u011bcen\u00ed Svat\u00e9ho K\u0159\u00ed\u017ee s R\u016f\u017e\u00ed pro novou \u00e9ru<\/td><td class=\"column-2\">220 str\u00e1n, bro\u017eovan\u00e1 v\u00e4zba<\/td><td class=\"column-3\">2015<\/td><td class=\"column-4\">200 K\u010d<\/td>\n<\/tr>\n<tr class=\"row-9\">\n\t<td class=\"column-1\"><a href=\"https:\/\/www.rosicrucianum.org\/sk\/2010\/01\/19\/duchovni-odkaz-jana-amose-komenskeho\/\" target=\"_self\" rel=\"noopener noreferrer\">Duchovn\u00ed odkaz Jana Amose Komensk\u00e9ho<\/a><\/td><td class=\"column-2\">78 str\u00e1n, bro\u017eovan\u00e1 v\u00e4zba<\/td><td class=\"column-3\">2002<\/td><td class=\"column-4\">50 K\u010d<\/td>\n<\/tr>\n<tr class=\"row-10\">\n\t<td class=\"column-1\"><a href=\"https:\/\/www.rosicrucianum.org\/sk\/blog\/2022\/07\/08\/egyptska-puvodni-gnose-1\/\" target=\"_self\" rel=\"noopener noreferrer\">Egyptsk\u00e1 p\u016fvodn\u00ed Gnose, 1. d\u00edl<\/a> \u2013 Koment\u00e1\u0159e k Tabula Smaragdina a Corpus Hermeticum<\/td><td class=\"column-2\">255 str\u00e1n, viazan\u00e1 v\u00e4zba<\/td><td class=\"column-3\">2021<\/td><td class=\"column-4\">400 K\u010d<\/td>\n<\/tr>\n<tr class=\"row-11\">\n\t<td class=\"column-1\"><a href=\"https:\/\/www.rosicrucianum.org\/sk\/blog\/2022\/07\/08\/egyptska-puvodni-gnose-2\/\" target=\"_self\" rel=\"noopener noreferrer\">Egyptsk\u00e1 p\u016fvodn\u00ed Gnose, 2. d\u00edl<\/a> \u2013 Koment\u00e1\u0159e ke Corpus Hermeticum<\/td><td class=\"column-2\">289 str\u00e1n, viazan\u00e1 v\u00e4zba<\/td><td class=\"column-3\">2022<\/td><td class=\"column-4\">450 K\u010d<\/td>\n<\/tr>\n<tr class=\"row-12\">\n\t<td class=\"column-1\"><a href=\"https:\/\/www.rosicrucianum.org\/sk\/blog\/2022\/11\/25\/egyptska-puvodni-gnose-3\/\" target=\"_self\" rel=\"noopener noreferrer\">Egyptsk\u00e1 p\u016fvodn\u00ed Gnose, 3. d\u00edl<\/a> \u2013 Koment\u00e1\u0159e ke Corpus Hermeticum<\/td><td class=\"column-2\">274 str\u00e1n, viazan\u00e1 v\u00e4zba<\/td><td class=\"column-3\">2022<\/td><td class=\"column-4\">520 K\u010d<\/td>\n<\/tr>\n<tr class=\"row-13\">\n\t<td class=\"column-1\"><a href=\"https:\/\/www.rosicrucianum.org\/sk\/blog\/2023\/02\/02\/egyptska-puvodni-gnose-4\/\" target=\"_self\" rel=\"noopener noreferrer\">Egyptsk\u00e1 p\u016fvodn\u00ed Gnose, 4. d\u00edl<\/a> \u2013 Koment\u00e1\u0159e ke Corpus Hermeticum<\/td><td class=\"column-2\">279 str\u00e1n, viazan\u00e1 v\u00e4zba<\/td><td class=\"column-3\">2022<\/td><td class=\"column-4\">520 K\u010d<\/td>\n<\/tr>\n<tr class=\"row-14\">\n\t<td class=\"column-1\"><a href=\"https:\/\/www.rosicrucianum.org\/sk\/2010\/01\/19\/elementarni-filosofie-moderniho-ruzoveho-krize\/\" target=\"_self\" rel=\"noopener noreferrer\">Element\u00e1rn\u00ed filosofie modern\u00edho R\u016f\u017eov\u00e9ho K\u0159\u00ed\u017ee<\/a><\/td><td class=\"column-2\">204 str\u00e1n, viazan\u00e1 v\u00e4zba<\/td><td class=\"column-3\">2001<\/td><td class=\"column-4\">120 K\u010d<\/td>\n<\/tr>\n<tr class=\"row-15\">\n\t<td class=\"column-1\"><a href=\"https:\/\/www.rosicrucianum.org\/sk\/2010\/01\/19\/gnose-v-aktualnim-zjeveni\/\" target=\"_self\" rel=\"noopener noreferrer\">Gnose v aktu\u00e1ln\u00edm zjeven\u00ed<\/a><\/td><td class=\"column-2\">243 str\u00e1n, viazan\u00e1 v\u00e4zba<\/td><td class=\"column-3\">2005<\/td><td class=\"column-4\">150 K\u010d<\/td>\n<\/tr>\n<tr class=\"row-16\">\n\t<td class=\"column-1\"><a href=\"https:\/\/www.rosicrucianum.org\/sk\/blog\/2020\/11\/24\/gnosticka-mysteria-pistis-sofie\/\" target=\"_self\" rel=\"noopener noreferrer\">Gnostick\u00e1 myst\u00e9ria Pistis Sofie<\/a> \u2013 V\u00fdklad k prvn\u00ed knize Pistis Sofie<br \/>\n(v s\u00fa\u010dasnosti nie je na sklade)<\/td><td class=\"column-2\">485 str\u00e1n, viazan\u00e1 v\u00e4zba<\/td><td class=\"column-3\">2020<\/td><td class=\"column-4\"><!--595 K\u010d-->-<\/td>\n<\/tr>\n<tr class=\"row-17\">\n\t<td class=\"column-1\"><a href=\"https:\/\/www.rosicrucianum.org\/sk\/blog\/2023\/10\/03\/jan-naposlednarozeny\/\" target=\"_self\" rel=\"noopener noreferrer\">Jan Naposlednarozen\u00fd<\/a><\/td><td class=\"column-2\">48 str\u00e1n, bro\u017eovan\u00e1 v\u00e4zba<\/td><td class=\"column-3\">2011<\/td><td class=\"column-4\">100 K\u010d<\/td>\n<\/tr>\n<tr class=\"row-18\">\n\t<td class=\"column-1\"><a href=\"https:\/\/www.rosicrucianum.org\/sk\/blog\/2023\/03\/13\/mysterium-blahoslavenstvi\/\" target=\"_self\" rel=\"noopener noreferrer\">Myst\u00e9rium blahoslavenstv\u00ed<\/a><\/td><td class=\"column-2\">96 str\u00e1n, bro\u017eovan\u00e1 v\u00e4zba<\/td><td class=\"column-3\">2023<\/td><td class=\"column-4\">130 K\u010d<\/td>\n<\/tr>\n<tr class=\"row-19\">\n\t<td class=\"column-1\"><a href=\"https:\/\/www.rosicrucianum.org\/sk\/2010\/04\/29\/mysterium-zivota-a-smrti\/\" target=\"_self\" rel=\"noopener noreferrer\">Myst\u00e9rium \u017eivota a smrti<\/a><br \/>\n(v s\u00fa\u010dasnosti nie je na sklade)<\/td><td class=\"column-2\">72 str\u00e1n, bro\u017eovan\u00e1 v\u00e4zba<\/td><td class=\"column-3\">2010<\/td><td class=\"column-4\"><!--100 K\u010d-->-<\/td>\n<\/tr>\n<tr class=\"row-20\">\n\t<td class=\"column-1\"><a href=\"https:\/\/www.rosicrucianum.org\/sk\/blog\/2023\/03\/13\/nykthemeron-apollonia-z-tyany\/\" target=\"_self\" rel=\"noopener noreferrer\">Nykthemeron Apollonia z Tyany<\/a><\/td><td class=\"column-2\">124 str\u00e1n, bro\u017eovan\u00e1 v\u00e4zba<\/td><td class=\"column-3\">2023<\/td><td class=\"column-4\">150 K\u010d<\/td>\n<\/tr>\n<tr class=\"row-21\">\n\t<td class=\"column-1\"><a href=\"https:\/\/rosicrucianum.org\/sk\/blog\/2026\/01\/21\/ohnivy-zar-vystupu\/\" target=\"_self\" rel=\"noopener noreferrer\">Ohniv\u00fd \u017e\u00e1r v\u00fdstupu<\/a><\/td><td class=\"column-2\">268 str\u00e1n, viazan\u00e1 v\u00e4zba<\/td><td class=\"column-3\">2025<\/td><td class=\"column-4\">700 K\u010d<\/td>\n<\/tr>\n<tr class=\"row-22\">\n\t<td class=\"column-1\"><a href=\"https:\/\/www.rosicrucianum.org\/sk\/2010\/01\/19\/prazdny-prostor-neexistuje\/\" target=\"_self\" rel=\"noopener noreferrer\">Pr\u00e1zdn\u00fd prostor neexistuje<\/a><\/td><td class=\"column-2\">57 str\u00e1n, bro\u017eovan\u00e1 v\u00e4zba<\/td><td class=\"column-3\">2001<\/td><td class=\"column-4\">50 K\u010d<\/td>\n<\/tr>\n<tr class=\"row-23\">\n\t<td class=\"column-1\"><a href=\"https:\/\/www.rosicrucianum.org\/sk\/2010\/01\/19\/prichazejici-novy-clovek\/\" target=\"_self\" rel=\"noopener noreferrer\">P\u0159ich\u00e1zej\u00edc\u00ed nov\u00fd \u010dlov\u011bk<\/a><\/td><td class=\"column-2\">300 str\u00e1n, viazan\u00e1 v\u00e4zba<\/td><td class=\"column-3\">2001<\/td><td class=\"column-4\">180 K\u010d<\/td>\n<\/tr>\n<tr class=\"row-24\">\n\t<td class=\"column-1\"><a href=\"https:\/\/www.rosicrucianum.org\/sk\/2010\/01\/19\/univerzalni-gnose\/\" target=\"_self\" rel=\"noopener noreferrer\">Univerz\u00e1ln\u00ed Gnose<\/a><\/td><td class=\"column-2\">160 str\u00e1n, viazan\u00e1 v\u00e4zba<\/td><td class=\"column-3\">2008<\/td><td class=\"column-4\">120 K\u010d<\/td>\n<\/tr>\n<tr class=\"row-25\">\n\t<td class=\"column-1\"><a href=\"https:\/\/rosicrucianum.org\/sk\/blog\/2024\/08\/28\/volani-srdcem-sveta\/\" target=\"_self\" rel=\"noopener noreferrer\">Vol\u00e1ni srdcem sv\u011bta<\/a><\/td><td class=\"column-2\">382 str\u00e1n, viazan\u00e1 v\u00e4zba<\/td><td class=\"column-3\">2024<\/td><td class=\"column-4\">560 K\u010d<\/td>\n<\/tr>\n<tr class=\"row-26\">\n\t<td class=\"column-1\"><a href=\"https:\/\/www.rosicrucianum.org\/sk\/blog\/2019\/04\/01\/vyznani-bratrstva-krize-s-ruzi-esotericka-analyza-spisu-confessio-fraternitatis-r-c\/\" target=\"_self\" rel=\"noopener noreferrer\">Vyzn\u00e1n\u00ed Bratrstva K\u0159\u00ed\u017ee s R\u016f\u017e\u00ed<\/a> \u2013 Esoterick\u00e1 anal\u00fdza spisu Confessio Fraternitatis R. C.<\/td><td class=\"column-2\">88 str\u00e1n, viazan\u00e1 v\u00e4zba<\/td><td class=\"column-3\">2019<\/td><td class=\"column-4\">190 K\u010d<\/td>\n<\/tr>\n<tr class=\"row-27\">\n\t<td class=\"column-1\"><a href=\"https:\/\/www.rosicrucianum.org\/sk\/2016\/08\/30\/zvest-bratrstva-krize-s-ruzi-esotericka-analyza-spisu-fama-fraternitatis-r-c\/\" target=\"_self\" rel=\"noopener noreferrer\">Zv\u011bst Bratrstva K\u0159\u00ed\u017ee s R\u016f\u017e\u00ed<\/a> \u2013 Esoterick\u00e1 anal\u00fdza spisu Fama Fraternitatis R. C.<\/td><td class=\"column-2\">350 str\u00e1n, viazan\u00e1 v\u00e4zba<\/td><td class=\"column-3\">2016<\/td><td class=\"column-4\"><s>220 K\u010d<\/s><br \/>\n100 K\u010d<br \/>\n(\u0160peci\u00e1lna cena k 100. v\u00fdro\u010diu duchovnej \u0161koly Lectorium Rosicrucianum, do vypredania z\u00e1sob)<\/td>\n<\/tr>\n<\/tbody>\n<\/table>\n<!-- #tablepress-67 from cache --><\/strong><\/p>\n<p>Ponuka kn\u00edh partnerov (len v \u010deskom jazyku):<\/p>\n\n<table id=\"tablepress-69\" class=\"tablepress tablepress-id-69\">\n<thead>\n<tr class=\"row-1\">\n\t<th class=\"column-1\">Titul<\/th><th class=\"column-2\">Form\u00e1t<\/th><th class=\"column-3\">Vyd\u00e1n\u00e9<\/th><th class=\"column-4\">Cena<\/th>\n<\/tr>\n<\/thead>\n<tbody class=\"row-striping row-hover\">\n<tr class=\"row-2\">\n\t<td class=\"column-1\"><a href=\"https:\/\/www.rosicrucianum.org\/sk\/blog\/2019\/07\/02\/ad-fontes-nova-zvest-o-chvalyhodnem-bratrstvu-krize-s-ruzi-1614-2014\/\" target=\"_self\" rel=\"noopener noreferrer\">Ad fontes<\/a>. Nov\u00e1 zv\u011bst o chv\u00e1lyhodn\u00e9m Bratrstvu K\u0159\u00ed\u017ee s R\u016f\u017e\u00ed 1614 \u2013 2014<\/td><td class=\"column-2\">88 str\u00e1n, bro\u017eovan\u00e1 v\u00e4zba<\/td><td class=\"column-3\">2019<\/td><td class=\"column-4\">120 K\u010d<\/td>\n<\/tr>\n<tr class=\"row-3\">\n\t<td class=\"column-1\"><a href=\"https:\/\/rosicrucianum.org\/blog\/2026\/01\/18\/aurora-cervanky-na-vychode\/\" target=\"_self\" rel=\"noopener noreferrer\">Aurora \u2013 \u010cerv\u00e1nky na v\u00fdchod\u011b<\/a><\/td><td class=\"column-2\">360 str\u00e1n, tvrd\u00e1 v\u00e4zba V7<\/td><td class=\"column-3\">2025<\/td><td class=\"column-4\">500 K\u010d<\/td>\n<\/tr>\n<tr class=\"row-4\">\n\t<td class=\"column-1\"><a href=\"https:\/\/www.rosicrucianum.org\/sk\/blog\/2019\/05\/22\/bozska-moudrost-bozi-priroda-poselstvi-rosenkrucianskych-manifestu-v-reci-obrazu-17-stoleti\/\" target=\"_self\" rel=\"noopener noreferrer\">Bo\u017esk\u00e1 moudrost \u2013 Bo\u017e\u00ed p\u0159\u00edroda<\/a>. Poselstv\u00ed rosenkruci\u00e1nsk\u00fdch manifest\u016f v \u0159e\u010di obraz\u016f 17. stolet\u00ed<\/td><td class=\"column-2\">166 str\u00e1n, bro\u017eovan\u00e1 v\u00e4zba<\/td><td class=\"column-3\">2019<\/td><td class=\"column-4\">500 K\u010d<\/td>\n<\/tr>\n<tr class=\"row-5\">\n\t<td class=\"column-1\"><a href=\"https:\/\/www.rosicrucianum.org\/sk\/blog\/2021\/12\/01\/triumf-univerzalni-gnose\/\" target=\"_self\" rel=\"noopener noreferrer\">Triumf univerz\u00e1ln\u00ed gnose<\/a><\/td><td class=\"column-2\">224 str\u00e1n, viazan\u00e1 v\u00e4zba<\/td><td class=\"column-3\">2021<\/td><td class=\"column-4\">700 K\u010d<\/td>\n<\/tr>\n<\/tbody>\n<\/table>\n<!-- #tablepress-69 from cache -->\n<p style=\"text-align: justify;\">V pr\u00edpade zasielania kn\u00edh bal\u00edkom na adresu pripo\u010d\u00edtavame k cene za objedn\u00e1vku po\u0161tovn\u00e9 pod\u013ea platn\u00e9ho cenn\u00edka \u010cesk\u00e9 po\u0161ty.<\/p>\n","protected":false},"excerpt":{"rendered":"<p>Novinky (len v \u010deskom jazyku) Aurora \u2013 \u010cerv\u00e1nky na v\u00fdchod\u011b Ohniv\u00fd \u017e\u00e1r v\u00fdstupu Vol\u00e1ni srdcem sv\u011bta Christianopolis Myst\u00e9rium blahoslavenstv\u00ed Nykthemeron Apollonia z Tyany Egyptsk\u00e1 p\u016fvodn\u00ed Gnose, 1. d\u00edl\u00a0\u2013 Koment\u00e1\u0159e k Tabula Smaragdina a Corpus Hermeticum Egyptsk\u00e1 p\u016fvodn\u00ed Gnose, 2. d\u00edl\u00a0\u2013 Koment\u00e1\u0159e ke Corpus Hermeticum Egyptsk\u00e1 p\u016fvodn\u00ed Gnose, 3. d\u00edl\u00a0\u2013 Koment\u00e1\u0159e ke Corpus Hermeticum Egyptsk\u00e1 p\u016fvodn\u00ed [&hellip;]<\/p>\n","protected":false},"author":2,"featured_media":0,"parent":1386,"menu_order":0,"comment_status":"closed","ping_status":"closed","template":"","meta":{"episode_type":"","audio_file":"","podmotor_file_id":"","podmotor_episode_id":"","cover_image":"","cover_image_id":"","duration":"","filesize":"","filesize_raw":"","date_recorded":"","explicit":"","block":"","itunes_episode_number":"","itunes_title":"","itunes_season_number":"","itunes_episode_type":"","_mc_calendar":[],"footnotes":""},"class_list":["post-1329","page","type-page","status-publish","hentry"],"translation":{"provider":"WPGlobus","version":"3.0.2","language":"sk","enabled_languages":["cz","sk"],"languages":{"cz":{"title":true,"content":true,"excerpt":false},"sk":{"title":true,"content":true,"excerpt":false}}},"_links":{"self":[{"href":"https:\/\/rosicrucianum.org\/sk\/wp-json\/wp\/v2\/pages\/1329","targetHints":{"allow":["GET"]}}],"collection":[{"href":"https:\/\/rosicrucianum.org\/sk\/wp-json\/wp\/v2\/pages"}],"about":[{"href":"https:\/\/rosicrucianum.org\/sk\/wp-json\/wp\/v2\/types\/page"}],"author":[{"embeddable":true,"href":"https:\/\/rosicrucianum.org\/sk\/wp-json\/wp\/v2\/users\/2"}],"replies":[{"embeddable":true,"href":"https:\/\/rosicrucianum.org\/sk\/wp-json\/wp\/v2\/comments?post=1329"}],"version-history":[{"count":0,"href":"https:\/\/rosicrucianum.org\/sk\/wp-json\/wp\/v2\/pages\/1329\/revisions"}],"up":[{"embeddable":true,"href":"https:\/\/rosicrucianum.org\/sk\/wp-json\/wp\/v2\/pages\/1386"}],"wp:attachment":[{"href":"https:\/\/rosicrucianum.org\/sk\/wp-json\/wp\/v2\/media?parent=1329"}],"curies":[{"name":"wp","href":"https:\/\/api.w.org\/{rel}","templated":true}]}}