{"id":160222,"date":"2024-01-16T19:19:53","date_gmt":"2024-01-16T18:19:53","guid":{"rendered":"http:\/\/success.local\/?page_id=160222"},"modified":"2025-12-16T09:29:01","modified_gmt":"2025-12-16T08:29:01","slug":"kurz","status":"publish","type":"page","link":"https:\/\/rosicrucianum.org\/sk\/kurz\/","title":{"rendered":"Kurz"},"content":{"rendered":"<p><iframe data-src=\"https:\/\/docs.google.com\/forms\/d\/e\/1FAIpQLSfOy37FzE8QPKnRJVN6DlG_FizO8M_tmrQXXdSVuBfk2b4GwA\/viewform?embedded=true\" width=\"640\" height=\"1000\" frameborder=\"0\" marginheight=\"0\" marginwidth=\"0\" src=\"data:image\/svg+xml;base64,PHN2ZyB3aWR0aD0iMSIgaGVpZ2h0PSIxIiB4bWxucz0iaHR0cDovL3d3dy53My5vcmcvMjAwMC9zdmciPjwvc3ZnPg==\" class=\"lazyload\" data-load-mode=\"1\">Na\u010d\u00edt\u00e1n\u00ed\u2026<\/iframe><\/p>\n<p><!--\n\n\n<p style=\"text-align: center;\"><span style=\"color: #ff0000;\">Registrace ukon\u010dena<\/span><\/p>\n\n\n--><\/p>\n<style>\n.post-title {\n  text-align: center;\n}\n<\/style>\n","protected":false},"excerpt":{"rendered":"<p>Na\u010d\u00edt\u00e1n\u00ed\u2026<\/p>\n","protected":false},"author":1,"featured_media":0,"parent":0,"menu_order":0,"comment_status":"closed","ping_status":"closed","template":"full-width-page-template.php","meta":{"episode_type":"","audio_file":"","podmotor_file_id":"","podmotor_episode_id":"","cover_image":"","cover_image_id":"","duration":"","filesize":"","filesize_raw":"","date_recorded":"","explicit":"","block":"","itunes_episode_number":"","itunes_title":"","itunes_season_number":"","itunes_episode_type":"","_mc_calendar":[],"footnotes":""},"class_list":["post-160222","page","type-page","status-publish","hentry"],"translation":{"provider":"WPGlobus","version":"3.0.2","language":"sk","enabled_languages":["cz","sk"],"languages":{"cz":{"title":true,"content":true,"excerpt":false},"sk":{"title":false,"content":false,"excerpt":false}}},"_links":{"self":[{"href":"https:\/\/rosicrucianum.org\/sk\/wp-json\/wp\/v2\/pages\/160222","targetHints":{"allow":["GET"]}}],"collection":[{"href":"https:\/\/rosicrucianum.org\/sk\/wp-json\/wp\/v2\/pages"}],"about":[{"href":"https:\/\/rosicrucianum.org\/sk\/wp-json\/wp\/v2\/types\/page"}],"author":[{"embeddable":true,"href":"https:\/\/rosicrucianum.org\/sk\/wp-json\/wp\/v2\/users\/1"}],"replies":[{"embeddable":true,"href":"https:\/\/rosicrucianum.org\/sk\/wp-json\/wp\/v2\/comments?post=160222"}],"version-history":[{"count":0,"href":"https:\/\/rosicrucianum.org\/sk\/wp-json\/wp\/v2\/pages\/160222\/revisions"}],"wp:attachment":[{"href":"https:\/\/rosicrucianum.org\/sk\/wp-json\/wp\/v2\/media?parent=160222"}],"curies":[{"name":"wp","href":"https:\/\/api.w.org\/{rel}","templated":true}]}}