{"id":191754,"date":"2025-11-22T21:26:23","date_gmt":"2025-11-22T20:26:23","guid":{"rendered":"https:\/\/rosicrucianum.org\/?page_id=191754"},"modified":"2025-11-22T21:26:23","modified_gmt":"2025-11-22T20:26:23","slug":"akce-v-ostrave","status":"publish","type":"page","link":"https:\/\/rosicrucianum.org\/sk\/akce-v-ostrave\/","title":{"rendered":"Akce v Ostrav\u011b"},"content":{"rendered":"<div class='mc-event-list-container'><ul id='upcoming-events-a8a7d82c52e36010edc0094f0e340684' class='mc-event-list upcoming-events list-events'>\n<li class=\"mc-mc_upcoming_166 upcoming-event mc_ostrava mc_ostrava--sanylex-vzdlvn  future-event mc_primary_ostrava nonrecurring mc-2-hours mc-start-17-30 ungrouped mc-event-148 mc-events mc_rel_ostrava\"><strong><a href='https:\/\/rosicrucianum.org\/sk\/akce\/kvantova-fyzika-na-hranici-poznani-existuji-dva-zivotni-rady-2\/' ><span class='mc-icon' aria-hidden='true'><\/span>Kvantov\u00e1 fyzika na hranici pozn\u00e1n\u00ed. Existuj\u00ed dva \u017eivotn\u00ed \u0159\u00e1dy?<\/a><\/strong><br>\r\n<span style='background-color: #878787; color: #000000'>\u00a0\u00a0<\/span>\u00a0\u00a0Ostrava, <strong>6.5.2026, 17:30<\/strong><br><br>\r\n<p>Kvantov\u00e1 fyzika, \u010dasto pova\u017eovan\u00e1 za jedno z nejv\u00edce matouc\u00edch a nej\u00fa\u017easn\u011bj\u0161\u00edch odv\u011btv\u00ed v\u011bdy, zp\u016fsobila revoluci v na\u0161em ch\u00e1p\u00e1n\u00ed z\u00e1kladn\u00ed povahy reality. Kdy\u017e se v\u0161ak pono\u0159\u00edme hloub\u011bji do oblasti kvantov\u00e9 fyziky, objev\u00ed se zaj\u00edmav\u00e9 souvislosti mezi t\u00edmto slo\u017eit\u00fdm v\u011bdeck\u00fdm oborem a z\u00e1hadn\u00fdm fungov\u00e1n\u00edm lidsk\u00e9 mysli. Tato p\u0159edn\u00e1\u0161ka si klade za c\u00edl nab\u00eddnout vhled do tajemstv\u00ed v\u011bdom\u00ed, vn\u00edm\u00e1n\u00ed a podstaty existence samotn\u00e9.<br \/>\nVSTUP VOLN\u00dd<\/p>\n<hr><\/li>\n<\/ul><\/div>\n","protected":false},"excerpt":{"rendered":"","protected":false},"author":1,"featured_media":0,"parent":0,"menu_order":0,"comment_status":"closed","ping_status":"closed","template":"","meta":{"episode_type":"","audio_file":"","podmotor_file_id":"","podmotor_episode_id":"","cover_image":"","cover_image_id":"","duration":"","filesize":"","filesize_raw":"","date_recorded":"","explicit":"","block":"","itunes_episode_number":"","itunes_title":"","itunes_season_number":"","itunes_episode_type":"","_mc_calendar":[],"footnotes":""},"class_list":["post-191754","page","type-page","status-publish","hentry"],"translation":{"provider":"WPGlobus","version":"3.0.2","language":"sk","enabled_languages":["cz","sk"],"languages":{"cz":{"title":true,"content":true,"excerpt":false},"sk":{"title":false,"content":false,"excerpt":false}}},"_links":{"self":[{"href":"https:\/\/rosicrucianum.org\/sk\/wp-json\/wp\/v2\/pages\/191754","targetHints":{"allow":["GET"]}}],"collection":[{"href":"https:\/\/rosicrucianum.org\/sk\/wp-json\/wp\/v2\/pages"}],"about":[{"href":"https:\/\/rosicrucianum.org\/sk\/wp-json\/wp\/v2\/types\/page"}],"author":[{"embeddable":true,"href":"https:\/\/rosicrucianum.org\/sk\/wp-json\/wp\/v2\/users\/1"}],"replies":[{"embeddable":true,"href":"https:\/\/rosicrucianum.org\/sk\/wp-json\/wp\/v2\/comments?post=191754"}],"version-history":[{"count":0,"href":"https:\/\/rosicrucianum.org\/sk\/wp-json\/wp\/v2\/pages\/191754\/revisions"}],"wp:attachment":[{"href":"https:\/\/rosicrucianum.org\/sk\/wp-json\/wp\/v2\/media?parent=191754"}],"curies":[{"name":"wp","href":"https:\/\/api.w.org\/{rel}","templated":true}]}}