{"id":195237,"date":"2026-01-18T21:56:19","date_gmt":"2026-01-18T20:56:19","guid":{"rendered":"https:\/\/rosicrucianum.org\/?page_id=195237"},"modified":"2026-03-25T20:04:47","modified_gmt":"2026-03-25T19:04:47","slug":"podcast-playlisty","status":"publish","type":"page","link":"https:\/\/rosicrucianum.org\/sk\/podcast-playlisty\/","title":{"rendered":"#podcast Playlisty"},"content":{"rendered":"<p>\n<a href=\"https:\/\/rosicrucianum.org\/sk\/blog\/stitek\/podcast-akce\/\">Akce<\/a><br \/>\n<a href=\"https:\/\/rosicrucianum.org\/sk\/blog\/stitek\/podcast-cinska-gnose\/\">\u010c\u00ednsk\u00e1 Gnose<\/a><br \/>\n<a href=\"https:\/\/rosicrucianum.org\/sk\/blog\/stitek\/podcast-knihy\/\">Knihy<\/a><br \/>\n<a href=\"https:\/\/rosicrucianum.org\/sk\/blog\/stitek\/podcast-kurz\/\">Kurz<\/a><br \/>\n<a href=\"https:\/\/rosicrucianum.org\/sk\/blog\/stitek\/podcast-pohadky-z-ruzove-zahrady\/\">Poh\u00e1dky z R\u016f\u017eov\u00e9 zahrady<\/a><br \/>\n<a href=\"https:\/\/rosicrucianum.org\/sk\/blog\/stitek\/podcast-spiritualni-vyznam-vanoc\/\">Spiritu\u00e1ln\u00ed v\u00fdznam V\u00e1noc<\/a><br \/>\n<a href=\"https:\/\/rosicrucianum.org\/sk\/blog\/stitek\/podcast-spiritualni-vyznam-velikonoc\/\">Spiritu\u00e1ln\u00ed v\u00fdznam Velikonoc<\/a><br \/>\n<a href=\"https:\/\/rosicrucianum.org\/sk\/blog\/stitek\/podcast-zvest-bratrstva-krize-s-ruzi\/\">Zv\u011bst Bratrstva K\u0159\u00ed\u017ee s R\u016f\u017e\u00ed<\/a><\/p>\n","protected":false},"excerpt":{"rendered":"<p>Akce \u010c\u00ednsk\u00e1 Gnose Knihy Kurz Poh\u00e1dky z R\u016f\u017eov\u00e9 zahrady Spiritu\u00e1ln\u00ed v\u00fdznam V\u00e1noc Spiritu\u00e1ln\u00ed v\u00fdznam Velikonoc Zv\u011bst Bratrstva K\u0159\u00ed\u017ee s R\u016f\u017e\u00ed<\/p>\n","protected":false},"author":1,"featured_media":0,"parent":0,"menu_order":0,"comment_status":"closed","ping_status":"closed","template":"","meta":{"episode_type":"","audio_file":"","podmotor_file_id":"","podmotor_episode_id":"","cover_image":"","cover_image_id":"","duration":"","filesize":"","filesize_raw":"","date_recorded":"","explicit":"","block":"","itunes_episode_number":"","itunes_title":"","itunes_season_number":"","itunes_episode_type":"","_mc_calendar":[],"footnotes":""},"class_list":["post-195237","page","type-page","status-publish","hentry"],"translation":{"provider":"WPGlobus","version":"3.0.2","language":"sk","enabled_languages":["cz","sk"],"languages":{"cz":{"title":true,"content":true,"excerpt":false},"sk":{"title":false,"content":true,"excerpt":false}}},"_links":{"self":[{"href":"https:\/\/rosicrucianum.org\/sk\/wp-json\/wp\/v2\/pages\/195237","targetHints":{"allow":["GET"]}}],"collection":[{"href":"https:\/\/rosicrucianum.org\/sk\/wp-json\/wp\/v2\/pages"}],"about":[{"href":"https:\/\/rosicrucianum.org\/sk\/wp-json\/wp\/v2\/types\/page"}],"author":[{"embeddable":true,"href":"https:\/\/rosicrucianum.org\/sk\/wp-json\/wp\/v2\/users\/1"}],"replies":[{"embeddable":true,"href":"https:\/\/rosicrucianum.org\/sk\/wp-json\/wp\/v2\/comments?post=195237"}],"version-history":[{"count":0,"href":"https:\/\/rosicrucianum.org\/sk\/wp-json\/wp\/v2\/pages\/195237\/revisions"}],"wp:attachment":[{"href":"https:\/\/rosicrucianum.org\/sk\/wp-json\/wp\/v2\/media?parent=195237"}],"curies":[{"name":"wp","href":"https:\/\/api.w.org\/{rel}","templated":true}]}}