{"id":2131,"date":"2014-01-15T21:17:16","date_gmt":"2014-01-15T20:17:16","guid":{"rendered":"http:\/\/www.rosicrucianum.cz\/?page_id=2131"},"modified":"2023-05-22T14:41:44","modified_gmt":"2023-05-22T12:41:44","slug":"clenstvi","status":"publish","type":"page","link":"https:\/\/rosicrucianum.org\/sk\/clenstvi\/","title":{"rendered":"\u010clenstvo"},"content":{"rendered":"<h1>\u010clen, \u017eiak a z\u00e1ujemca:<\/h1>\n<p style=\"text-align: justify;\"><em>K slobode sa d\u00e1 d\u00f4js\u0165 iba slobodne.<\/em><br \/>\nDuchovn\u00e1 \u0161kola Zlat\u00e9ho Kr\u00ed\u017ea s Ru\u017eou je silov\u00fdm po\u013eom, ktor\u00e9 nem\u00e1 bari\u00e9ry. M\u00e1 nieko\u013eko mo\u017en\u00fdch sp\u00f4sobov kontaktu a spojenia.<br \/>\n\u0160kola rada pom\u00f4\u017ee s odpove\u010fami na ot\u00e1zky: <em>Kto som? Odkia\u013e som pri\u0161iel a kam kr\u00e1\u010dam? \u010co je moj\u00edm poslan\u00edm? Ak\u00fd je zmysel \u017eivota? Pre\u010do do\u0161lo k stvoreniu bytia? \u010co za t\u00fdm stoj\u00ed? Je mo\u017en\u00e9 pozna\u0165 prvotn\u00fa pr\u00ed\u010dinu a ako? Ako m\u00f4\u017eem pravdivo dosiahnu\u0165 poznanie? \u010co je podstatou v\u0161etk\u00fdch n\u00e1bo\u017eenstiev? \u010co spolo\u010dn\u00e9 mo\u017eno n\u00e1js\u0165 v prastar\u00fdch u\u010deniach? \u010co m\u00e1 \u010dlovek dosiahnu\u0165?<\/em><br \/>\n\u201eTen, kto z\u00edska poznanie, je teda bytos\u0165ou zhora. Ak je volan\u00fd, po\u010duje a odpoved\u00e1, ot\u00e1\u010da sa za t\u00fdm, kto vol\u00e1, st\u00fapa k nemu nahor a rozumie, ako je volan\u00fd. A preto\u017ee teraz vie, pln\u00ed v\u00f4\u013eu toho, ktor\u00fd ho povolal. T\u00fa\u017ei len po tom, aby sa mu zap\u00e1\u010dil a nadobudne pokoj.\u201c Evanjelium pravdy<br \/>\nKto teda vlastn\u00ed toto poznanie, vie odkia\u013e poch\u00e1dza a kam ide.<br \/>\n\u0160kola sp\u00e1ja \u013eud\u00ed, ktor\u00ed sa t\u00fdmito ot\u00e1zkami zaoberaj\u00fa, a sprev\u00e1dza ich na ich ceste oslobodenia. Ako sa k \u0161kole pribl\u00ed\u017ei\u0165?<\/p>\n<h1>\u010clen:<\/h1>\n<p style=\"text-align: justify;\">\u010clen je u\u010den\u00edm \u0161koly, jej podujatiami, atmosf\u00e9rou a filozofiou pritiahnut\u00fd. Form\u00e1lne \u0161kola p\u00f4sob\u00ed ako zdru\u017eenie. Pre \u010dlenstvo je potrebn\u00e9, ako v ka\u017edej organiz\u00e1cii, prihl\u00e1senie. V pr\u00edpade z\u00e1ujmu nap\u00ed\u0161te na e-mail <a href=\"mailto:lectorium@rosicrucianum.org\">lectorium@rosicrucianum.org<\/a>. Na osobnom stretnut\u00ed a priv\u00edtan\u00ed sa dozviete v\u0161etky potrebn\u00e9 inform\u00e1cie. Od \u010dlena sa nevy\u017eaduje \u017eiadna mimoriadna aktivita. V\u0161etko je na jeho zv\u00e1\u017een\u00ed a rozhodnut\u00ed. M\u00f4\u017ee sa z\u00fa\u010dast\u0148ova\u0165 na v\u00edkendov\u00fdch konferenci\u00e1ch a chr\u00e1mov\u00fdch slu\u017eb\u00e1ch pre verejnos\u0165, slu\u017eb\u00e1ch rozpomenutia a slu\u017eb\u00e1ch pre \u017eiakov. \u010ealej sa m\u00f4\u017ee z\u00fa\u010dast\u0148ova\u0165 na stretnutiach, predn\u00e1\u0161kach, workshopoch, webin\u00e1roch a v\u0161etk\u00fdch podujatiach pre z\u00e1ujemcov a verejnos\u0165.<br \/>\nSvoj vz\u0165ah a za\u010dlenenie do \u0161koly vyjadr\u00ed mesa\u010dn\u00fdm pr\u00edspevkom. To je jedin\u00e1 form\u00e1lna podmienka \u010dlenstva. \u0160kola je financovan\u00e1 a podporovan\u00e1 iba z pr\u00edspevkov \u010dlenov a \u017eiakov a dobrovo\u013en\u00fdmi darmi.<br \/>\nSpojenie \u010dlena s duchovnou \u0161kolou m\u00e1 predov\u0161etk\u00fdm ochrann\u00fd aspekt a vn\u00fatorne posil\u0148uj\u00faci novovznikaj\u00facu du\u0161u. \u010clen je tak prijat\u00fd do po\u013ea \u00fasilia Bratstva nesmrte\u013en\u00fdch du\u0161\u00ed. Toto pole je pre neho informa\u010dn\u00e9 a orienta\u010dn\u00e9. Je prijat\u00fd do praxe pobytu a sk\u00famania tejto atmosf\u00e9ry, ohn\u00edsk silov\u00e9ho po\u013ea a ostatn\u00fdch \u010dlenov a \u017eiakov \u0161koly.<\/p>\n<h1>\u017diak:<\/h1>\n<p style=\"text-align: justify;\">\u010eal\u0161ou formou spojenia so silov\u00fdm po\u013eom duchovnej \u0161koly je \u017eiactvo. Predpokladom \u017eiactva je, \u017ee kandid\u00e1t je hlboko zasiahnut\u00fd u\u010den\u00edm \u0161koly a c\u00edti sa by\u0165 k nemu pri\u0165ahovan\u00fd. \u017diactvo je u\u017e\u0161ia forma spojenia so \u0161kolou. \u017diakom sa m\u00f4\u017ee sta\u0165 \u010dlen na vlastn\u00fa \u017eiados\u0165, \u010di ka\u017ed\u00fd \u010dlovek po absolvovan\u00ed p\u00edsomn\u00e9ho, \u00fastneho \u010di online kurzu \u201e\u00davod do univerz\u00e1lneho u\u010denia\u201c. \u017diak sa usiluje o uskuto\u010dnenie duchovnej praxe.<\/p>\n<h1>Z\u00e1ujemca:<\/h1>\n<p style=\"text-align: justify;\">M\u00f4\u017eete tie\u017e \u00faplne nez\u00e1v\u00e4zne nav\u0161tevova\u0165 na\u0161e webov\u00e9 str\u00e1nky a zadarmo \u010d\u00edta\u0165 alebo s\u0165ahova\u0165 obsah, ktor\u00fd je na nich vystaven\u00fd, napr\u00edklad\u00a0\u010dasopis <a href=\"https:\/\/www.rosicrucianum.org\/sk\/blog\/rubrika\/casopis-pentagram\/\" rel=\"noopener\">Pentagram<\/a>, a Logon, sledova\u0165 \u010fal\u0161ie pr\u00edspevky alebo si objedna\u0165 na\u0161u\u00a0<a href=\"https:\/\/www.rosicrucianum.org\/sk\/literatura\/prehled-literatury\/\" rel=\"noopener\">literat\u00faru<\/a>.\u00a0na\u0161u\u00a0literat\u00faru.\u00a0\u0160kola je otvoren\u00e1 pre verejnos\u0165, m\u00f4\u017eete nav\u0161t\u00edvi\u0165 jej programy organizovan\u00e9 \u017eiakmi\u00a0<a href=\"https:\/\/www.rosicrucianum.org\/sk\/centra\/praha\/\" rel=\"noopener\">centra Praha<\/a>\u00a0alebo\u00a0<a href=\"https:\/\/www.rosicrucianum.org\/sk\/centra\/brno\/\" rel=\"noopener\">centra Brno<\/a>, pr\u00edpadne n\u00e1s\u00a0<a href=\"https:\/\/www.rosicrucianum.org\/sk\/kontakty\/\" rel=\"noopener\">kontaktova\u0165<\/a>. V pr\u00edpade v\u00e1\u0161ho z\u00e1ujmu o zasielanie inform\u00e1ci\u00ed o podujatiach \u0161koly Lectorium Rosicrucianum sa m\u00f4\u017eete nez\u00e1v\u00e4zne registrova\u0165 na odkaze: <a href=\"https:\/\/www.rosicrucianum.org\/sk\/zajemci\/\" rel=\"noopener\">z\u00e1ujemcovia<\/a>.<\/p>\n","protected":false},"excerpt":{"rendered":"<p>\u010clen, \u017eiak a z\u00e1ujemca: K slobode sa d\u00e1 d\u00f4js\u0165 iba slobodne. Duchovn\u00e1 \u0161kola Zlat\u00e9ho Kr\u00ed\u017ea s Ru\u017eou je silov\u00fdm po\u013eom, ktor\u00e9 nem\u00e1 bari\u00e9ry. M\u00e1 nieko\u013eko mo\u017en\u00fdch sp\u00f4sobov kontaktu a spojenia. \u0160kola rada pom\u00f4\u017ee s odpove\u010fami na ot\u00e1zky: Kto som? Odkia\u013e som pri\u0161iel a kam kr\u00e1\u010dam? \u010co je moj\u00edm poslan\u00edm? Ak\u00fd je zmysel \u017eivota? Pre\u010do do\u0161lo [&hellip;]<\/p>\n","protected":false},"author":2,"featured_media":0,"parent":0,"menu_order":0,"comment_status":"closed","ping_status":"closed","template":"","meta":{"episode_type":"","audio_file":"","podmotor_file_id":"","podmotor_episode_id":"","cover_image":"","cover_image_id":"","duration":"","filesize":"","filesize_raw":"","date_recorded":"","explicit":"","block":"","itunes_episode_number":"","itunes_title":"","itunes_season_number":"","itunes_episode_type":"","_mc_calendar":[],"footnotes":""},"class_list":["post-2131","page","type-page","status-publish","hentry"],"translation":{"provider":"WPGlobus","version":"3.0.2","language":"sk","enabled_languages":["cz","sk"],"languages":{"cz":{"title":true,"content":true,"excerpt":false},"sk":{"title":true,"content":true,"excerpt":false}}},"_links":{"self":[{"href":"https:\/\/rosicrucianum.org\/sk\/wp-json\/wp\/v2\/pages\/2131","targetHints":{"allow":["GET"]}}],"collection":[{"href":"https:\/\/rosicrucianum.org\/sk\/wp-json\/wp\/v2\/pages"}],"about":[{"href":"https:\/\/rosicrucianum.org\/sk\/wp-json\/wp\/v2\/types\/page"}],"author":[{"embeddable":true,"href":"https:\/\/rosicrucianum.org\/sk\/wp-json\/wp\/v2\/users\/2"}],"replies":[{"embeddable":true,"href":"https:\/\/rosicrucianum.org\/sk\/wp-json\/wp\/v2\/comments?post=2131"}],"version-history":[{"count":0,"href":"https:\/\/rosicrucianum.org\/sk\/wp-json\/wp\/v2\/pages\/2131\/revisions"}],"wp:attachment":[{"href":"https:\/\/rosicrucianum.org\/sk\/wp-json\/wp\/v2\/media?parent=2131"}],"curies":[{"name":"wp","href":"https:\/\/api.w.org\/{rel}","templated":true}]}}