{"id":23,"date":"2010-01-18T22:02:25","date_gmt":"2010-01-18T21:02:25","guid":{"rendered":"http:\/\/www.rosicrucianum.cz\/?page_id=4"},"modified":"2021-02-26T13:34:43","modified_gmt":"2021-02-26T12:34:43","slug":"uvod","status":"publish","type":"page","link":"https:\/\/rosicrucianum.org\/sk\/o-skole\/uvod\/","title":{"rendered":"\u00davod"},"content":{"rendered":"<style>\n  p {\n    text-align: justify;\n  }\n<\/style>\n<table border=\"0\">\n<tbody>\n<tr>\n<td width=\"150\" valign=\"top\">\n<p style=\"text-align: left;\"><strong>Lectorium Rosicrucianum<\/strong><\/p>\n<\/td>\n<td>\n<p>Medzin\u00e1rodn\u00e1 \u0161kola Zlat\u00e9ho K\u0159\u00ed\u017ea s\u00a0Ru\u017eou, Lectorium Rosicrucianum sa odvol\u00e1va na prastar\u00fa trad\u00edciu \u0161k\u00f4l myst\u00e9ri\u00ed, je v\u0161ak modern\u00e1 vo svojom posolstve, ktor\u00e9 mus\u00ed apelova\u0165 na silne individualizovan\u00e9 vedomie \u010dloveka dvadsiateho a\u00a0dvadsiateho prv\u00e9ho storo\u010dia. Pozn\u00e1 v\u00fdvoj, hist\u00f3riu a\u00a0zaklad\u00e1 sa na skor\u0161\u00edch impulzoch duchovn\u00e9ho precitnutia u\u00a0gnostikov, albigensk\u00fdch, kat\u00e1rov a\u00a0klasick\u00fdch rosenkruci\u00e1nov sedemn\u00e1steho storo\u010dia.<\/p>\n<\/td>\n<\/tr>\n<tr>\n<td width=\"150\" valign=\"top\">\n<p style=\"text-align: left;\"><strong>Cesta transfigur\u00e1cie<\/strong><\/p>\n<\/td>\n<td>\n<p>Tento \u017eiariaci zv\u00e4zok tvor\u00ed l\u00e1ska, pravda, poznanie (Gn\u00f3za) a\u00a0\u010din. Predov\u0161etk\u00fdm to je ale cesta, ktorou je mo\u017en\u00e9 \u00eds\u0165 a\u00a0ktor\u00fa v\u0161etky n\u00e1bo\u017eenstv\u00e1 vo svojej po\u010diato\u010dnej forme ukazuj\u00fa. \u017diadny majster ani zasv\u00e4tenec nem\u00f4\u017ee pravdu odovzda\u0165 in\u00fdm \u013eu\u010fom. \u010clovek k\u00a0nej mus\u00ed prenikn\u00fa\u0165 s\u00e1m a\u00a0to s\u00a0ve\u013ek\u00fdm \u00fasil\u00edm a\u00a0cez mnoho prek\u00e1\u017eok, a\u00a0s\u00edce procesom premeny, znovuzroden\u00edm du\u0161e, alebo transfigur\u00e1ciou. Hodnovern\u00e1 \u0160kola ukazuje cestu a\u00a0svojich \u017eiakov u\u010d\u00ed touto cestou \u00eds\u0165.<\/p>\n<p style=\"text-align: center;\"><img decoding=\"async\" width=\"196\" height=\"196\" alt=\"kvetina\" data-src=\"https:\/\/www.rosicrucianum.org\/wp-content\/uploads\/images\/hek.jpg\" src=\"data:image\/svg+xml;base64,PHN2ZyB3aWR0aD0iMSIgaGVpZ2h0PSIxIiB4bWxucz0iaHR0cDovL3d3dy53My5vcmcvMjAwMC9zdmciPjwvc3ZnPg==\" class=\"lazyload\" style=\"--smush-placeholder-width: 196px; --smush-placeholder-aspect-ratio: 196\/196;\" \/><\/p>\n<\/td>\n<\/tr>\n<tr>\n<td width=\"150\" valign=\"top\">\n<p style=\"text-align: left;\"><strong>Bo\u017esk\u00fd poriadok<\/strong><\/p>\n<\/td>\n<td>\n<p>Zo zam\u00fd\u0161\u013eanej transfigur\u00e1cie nem\u00e1 prospech \u013eudsk\u00e1 osobnos\u0165, ale bo\u017esk\u00e9 sebe, ktor\u00e9 v\u00a0\u010dloveku postupne precit\u00e1. Pre osobnos\u0165 to v\u0161ak m\u00e1 ve\u013ek\u00e9 d\u00f4sledky: st\u00e1va sa n\u00e1strojom, slu\u017eobn\u00edkom in\u00e9ho poriadku, Bo\u017eieho poriadku, \u201er\u00ed\u0161e, ktor\u00e1 nie je z\u00a0tohto sveta\u201c. Av\u0161ak \u010dlovek sa aj potom nach\u00e1dza v\u00a0tomto svete a\u00a0v\u00a0slu\u017ebe bl\u00ed\u017enym.<\/p>\n<\/td>\n<\/tr>\n<\/tbody>\n<\/table>\n","protected":false},"excerpt":{"rendered":"<p>Lectorium Rosicrucianum Medzin\u00e1rodn\u00e1 \u0161kola Zlat\u00e9ho K\u0159\u00ed\u017ea s\u00a0Ru\u017eou, Lectorium Rosicrucianum sa odvol\u00e1va na prastar\u00fa trad\u00edciu \u0161k\u00f4l myst\u00e9ri\u00ed, je v\u0161ak modern\u00e1 vo svojom posolstve, ktor\u00e9 mus\u00ed apelova\u0165 na silne individualizovan\u00e9 vedomie \u010dloveka dvadsiateho a\u00a0dvadsiateho prv\u00e9ho storo\u010dia. Pozn\u00e1 v\u00fdvoj, hist\u00f3riu a\u00a0zaklad\u00e1 sa na skor\u0161\u00edch impulzoch duchovn\u00e9ho precitnutia u\u00a0gnostikov, albigensk\u00fdch, kat\u00e1rov a\u00a0klasick\u00fdch rosenkruci\u00e1nov sedemn\u00e1steho storo\u010dia. Cesta transfigur\u00e1cie Tento \u017eiariaci [&hellip;]<\/p>\n","protected":false},"author":2,"featured_media":0,"parent":22,"menu_order":10,"comment_status":"closed","ping_status":"closed","template":"","meta":{"episode_type":"","audio_file":"","podmotor_file_id":"","podmotor_episode_id":"","cover_image":"","cover_image_id":"","duration":"","filesize":"","filesize_raw":"","date_recorded":"","explicit":"","block":"","itunes_episode_number":"","itunes_title":"","itunes_season_number":"","itunes_episode_type":"","_mc_calendar":[],"footnotes":""},"class_list":["post-23","page","type-page","status-publish","hentry"],"translation":{"provider":"WPGlobus","version":"3.0.2","language":"sk","enabled_languages":["cz","sk"],"languages":{"cz":{"title":true,"content":true,"excerpt":false},"sk":{"title":true,"content":true,"excerpt":false}}},"_links":{"self":[{"href":"https:\/\/rosicrucianum.org\/sk\/wp-json\/wp\/v2\/pages\/23","targetHints":{"allow":["GET"]}}],"collection":[{"href":"https:\/\/rosicrucianum.org\/sk\/wp-json\/wp\/v2\/pages"}],"about":[{"href":"https:\/\/rosicrucianum.org\/sk\/wp-json\/wp\/v2\/types\/page"}],"author":[{"embeddable":true,"href":"https:\/\/rosicrucianum.org\/sk\/wp-json\/wp\/v2\/users\/2"}],"replies":[{"embeddable":true,"href":"https:\/\/rosicrucianum.org\/sk\/wp-json\/wp\/v2\/comments?post=23"}],"version-history":[{"count":0,"href":"https:\/\/rosicrucianum.org\/sk\/wp-json\/wp\/v2\/pages\/23\/revisions"}],"up":[{"embeddable":true,"href":"https:\/\/rosicrucianum.org\/sk\/wp-json\/wp\/v2\/pages\/22"}],"wp:attachment":[{"href":"https:\/\/rosicrucianum.org\/sk\/wp-json\/wp\/v2\/media?parent=23"}],"curies":[{"name":"wp","href":"https:\/\/api.w.org\/{rel}","templated":true}]}}