{"id":24,"date":"2010-01-18T22:13:34","date_gmt":"2010-01-18T21:13:34","guid":{"rendered":"http:\/\/www.rosicrucianum.cz\/?page_id=10"},"modified":"2021-02-26T13:30:51","modified_gmt":"2021-02-26T12:30:51","slug":"historie","status":"publish","type":"page","link":"https:\/\/rosicrucianum.org\/sk\/o-skole\/historie\/","title":{"rendered":"Dejiny"},"content":{"rendered":"<style>\n  p {\n    text-align: justify;\n  }\n<\/style>\n<table border=\"0\">\n<tbody>\n<tr>\n<td width=\"150\" valign=\"top\">\n<p style=\"text-align: left;\"><strong>Jan van Rijckenborgh<br \/>\n        Catharose de Petri<\/strong><\/p>\n<\/td>\n<td>\n<p>Hlavn\u00e9 s\u00eddlo a\u00a0miesto vzniku Lectorium Rosicrucianum alebo tie\u017e Medzin\u00e1rodnej \u0161koly Zlat\u00e9ho Kr\u00ed\u017ea s\u00a0Ru\u017eou sa nach\u00e1dza v\u00a0meste Haarlem, v\u00a0Holandsku. V\u00a0roku 1924 vst\u00fapili bratia Z.\u00a0W.\u00a0Leene (1892\u00a0&#8211;\u00a01938) a\u00a0J.\u00a0Leene (1896\u00a0&#8211;\u00a01968) do Het Rozekruisers Genootschap, nieko\u013eko rokov predt\u00fdm vytvorenej pobo\u010dky Rosicrucian Fellowship, ktor\u00fa v\u00a0roku 1909 zalo\u017eil Max Heindl v\u00a0Oceanside, v\u00a0Kalifornii, USA. Kr\u00e1tko na to zaujali v\u00a0Het Rozekruisers Genootschap v\u00fdznamn\u00e9 miesto a\u00a0v\u00a0roku 1929 boli poveren\u00ed veden\u00edm. V\u00a0roku 1930 sa k\u00a0bratom Leene pripojila pani H.\u00a0Stok-Huizer (1902\u00a0&#8211; 1990). Spolo\u010dne za\u010dali spiritu\u00e1lne h\u013eadanie, ktor\u00e9 viedlo v\u00a0roku 1935 k\u00a0tomu, \u017ee \u0161li \u010falej nez\u00e1visle od\u00a0Rosicrucian Fellowship.\u00a0 Z.\u00a0W.\u00a0Leene zomrel v\u00a0roku 1938, av\u0161ak J.\u00a0Leene a\u00a0H.\u00a0Stok-Huizer spolu pokra\u010dovali v\u00a0zapo\u010datej pr\u00e1ci. Nap\u00edsali mnoho kn\u00edh, ktor\u00e9 boli vydan\u00e9 pod pseudonymami\u00a0 Jan van Rijckenborgh a\u00a0Catharose de\u00a0Petri.<\/p>\n<\/td>\n<\/tr>\n<tr>\n<td width=\"150\" valign=\"top\">\n<p style=\"text-align: left;\"><strong>Druh\u00e1 svetov\u00e1 vojna<\/strong><\/p>\n<\/td>\n<td>\n<p>Po druhej svetovej vojne, ke\u010f mohla by\u0165 \u010dinnos\u0165 spolo\u010dnosti (po\u010das vojnov\u00fdch rokov okupantmi zak\u00e1zan\u00e1) op\u00e4\u0165 obnoven\u00e1, menovan\u00ed duchovn\u00ed vodcovia razili nov\u00fa cestu, pri\u010dom centrom z\u00e1ujmu sa st\u00e1le viac st\u00e1val pojem \u201eGn\u00f3za\u201c. Doslovne prelo\u017een\u00e9, \u201eGn\u00f3za\u201c znamen\u00e1 \u201epoznanie\u201c; v\u00a0kristocentrickom zmysle je to bezprostredn\u00e9 poznanie Boha, ktor\u00e9 je v\u00fdsledkom cesty spiritu\u00e1lneho v\u00fdvoja, \u201ezrodenia z\u00a0vody a\u00a0Ducha\u201c (J\u00e1n 3: 5). Tento proces duchovn\u00e9ho v\u00fdvoja sa tie\u017e inak symbolicky ozna\u010duje ako \u201eAlchymick\u00e1 svadba Christiana Rosenkreuza\u201c.<\/p>\n<\/td>\n<\/tr>\n<tr>\n<td width=\"150\" valign=\"top\">\n<p style=\"text-align: left;\"><strong>Christian Rosenkreuz<\/strong><\/p>\n<\/td>\n<td>\n<p>Meno Christian Rosenkreuz je ozna\u010denie pou\u017e\u00edvan\u00e9 klasick\u00fdmi rosikruci\u00e1nmi v\u00a017.\u00a0storo\u010d\u00ed ako prototyp \u010dloveka znovuzroden\u00e9ho v\u00a0Kristovi, teda \u00faplne obnoven\u00e9ho \u010dloveka, ktor\u00fd srdcom sl\u00fa\u017ei \u013eudstvu pri uskuto\u010d\u0148ovan\u00ed pravej duchovnej obnovy.<\/p>\n<\/td>\n<\/tr>\n<tr>\n<td width=\"150\" valign=\"top\">\n<p style=\"text-align: left;\"><strong>Gn\u00f3za<\/strong><\/p>\n<\/td>\n<td>\n<p>\u201eGn\u00f3za\u201c v\u00a0\u0161ir\u0161om slova zmysle znamen\u00e1 univerz\u00e1lny dotyk Krista a\u00a0jeho Bratstva, ako aj ich od \u010dasu nez\u00e1visl\u00fa z\u00e1chrann\u00fa pr\u00e1cu po\u010das cel\u00fdch dej\u00edn (aj pred-kres\u0165ansk\u00fdch).<\/p>\n<\/td>\n<\/tr>\n<tr>\n<td width=\"150\" valign=\"top\">\n<p style=\"text-align: left;\"><strong>Gnostick\u00e1 duchovn\u00e1 \u0161kola<\/strong><\/p>\n<\/td>\n<td>\n<p>Od roku 1945 prijala spolo\u010dnos\u0165 n\u00e1zov Lectorium Rosicrucianum a\u00a0navonok vyst\u00fapila ako \u201egnostick\u00e1 duchovn\u00e1 \u0161kola\u201c. \u010cinnos\u0165 Lectorium Rosicrucianum sa st\u00e1le viac rozv\u00edjala aj mimo Holandska a\u00a0v\u00a0s\u00fa\u010dasnej dobe m\u00e1 Lectorium Rosicrucianum svojich \u017eiakov v\u00a0mnoh\u00fdch krajin\u00e1ch Eur\u00f3py, rovnako aj v\u00a0Ju\u017enej a\u00a0Severnej Amerike, Afrike, Austr\u00e1lii a\u00a0na Novom Z\u00e9lande. Po smrti Jana van Rijckenborgha a\u00a0Catharose de\u00a0Petri je Lectorium Rosicrucianum riaden\u00e9 medzin\u00e1rodn\u00fdm duchovn\u00fdm veden\u00edm, podporovan\u00fdm n\u00e1rodn\u00fdmi vedeniami a\u00a0pracovn\u00fdmi skupinami.<\/p>\n<\/td>\n<\/tr>\n<\/tbody>\n<\/table>\n","protected":false},"excerpt":{"rendered":"<p>Jan van Rijckenborgh Catharose de Petri Hlavn\u00e9 s\u00eddlo a\u00a0miesto vzniku Lectorium Rosicrucianum alebo tie\u017e Medzin\u00e1rodnej \u0161koly Zlat\u00e9ho Kr\u00ed\u017ea s\u00a0Ru\u017eou sa nach\u00e1dza v\u00a0meste Haarlem, v\u00a0Holandsku. V\u00a0roku 1924 vst\u00fapili bratia Z.\u00a0W.\u00a0Leene (1892\u00a0&#8211;\u00a01938) a\u00a0J.\u00a0Leene (1896\u00a0&#8211;\u00a01968) do Het Rozekruisers Genootschap, nieko\u013eko rokov predt\u00fdm vytvorenej pobo\u010dky Rosicrucian Fellowship, ktor\u00fa v\u00a0roku 1909 zalo\u017eil Max Heindl v\u00a0Oceanside, v\u00a0Kalifornii, USA. Kr\u00e1tko na to [&hellip;]<\/p>\n","protected":false},"author":2,"featured_media":0,"parent":22,"menu_order":20,"comment_status":"closed","ping_status":"closed","template":"","meta":{"episode_type":"","audio_file":"","podmotor_file_id":"","podmotor_episode_id":"","cover_image":"","cover_image_id":"","duration":"","filesize":"","filesize_raw":"","date_recorded":"","explicit":"","block":"","itunes_episode_number":"","itunes_title":"","itunes_season_number":"","itunes_episode_type":"","_mc_calendar":[],"footnotes":""},"class_list":["post-24","page","type-page","status-publish","hentry"],"translation":{"provider":"WPGlobus","version":"3.0.2","language":"sk","enabled_languages":["cz","sk"],"languages":{"cz":{"title":true,"content":true,"excerpt":false},"sk":{"title":true,"content":true,"excerpt":false}}},"_links":{"self":[{"href":"https:\/\/rosicrucianum.org\/sk\/wp-json\/wp\/v2\/pages\/24","targetHints":{"allow":["GET"]}}],"collection":[{"href":"https:\/\/rosicrucianum.org\/sk\/wp-json\/wp\/v2\/pages"}],"about":[{"href":"https:\/\/rosicrucianum.org\/sk\/wp-json\/wp\/v2\/types\/page"}],"author":[{"embeddable":true,"href":"https:\/\/rosicrucianum.org\/sk\/wp-json\/wp\/v2\/users\/2"}],"replies":[{"embeddable":true,"href":"https:\/\/rosicrucianum.org\/sk\/wp-json\/wp\/v2\/comments?post=24"}],"version-history":[{"count":0,"href":"https:\/\/rosicrucianum.org\/sk\/wp-json\/wp\/v2\/pages\/24\/revisions"}],"up":[{"embeddable":true,"href":"https:\/\/rosicrucianum.org\/sk\/wp-json\/wp\/v2\/pages\/22"}],"wp:attachment":[{"href":"https:\/\/rosicrucianum.org\/sk\/wp-json\/wp\/v2\/media?parent=24"}],"curies":[{"name":"wp","href":"https:\/\/api.w.org\/{rel}","templated":true}]}}