{"id":25,"date":"2010-01-18T22:14:24","date_gmt":"2010-01-18T21:14:24","guid":{"rendered":"http:\/\/www.rosicrucianum.cz\/?page_id=12"},"modified":"2021-02-26T13:40:48","modified_gmt":"2021-02-26T12:40:48","slug":"uceni-a-cil","status":"publish","type":"page","link":"https:\/\/rosicrucianum.org\/sk\/o-skole\/uceni-a-cil\/","title":{"rendered":"U\u010denie a cie\u013e"},"content":{"rendered":"<style>\n  p {\n    text-align: justify;\n  }\n<\/style>\n<table border=\"0\">\n<tbody>\n<tr>\n<td width=\"150\" valign=\"top\">\n<p style=\"text-align: left;\"><strong>Dva pr\u00edrodn\u00e9 poriadky<\/strong><\/p>\n<\/td>\n<td>\n<p>Lectorium Rosicrucianum vych\u00e1dza z\u00a0idey, \u017ee existuj\u00fa dva pr\u00edrodn\u00e9 poriadky: po prv\u00e9, n\u00e1m zn\u00e1my pr\u00edrodn\u00fd poriadok, ktor\u00fd je n\u00fadzov\u00fdm poriadkom, prechodn\u00fdm domovom. T\u00e1to pr\u00edroda zah\u0155\u0148a tak oblas\u0165 \u017eiv\u00fdch ako aj m\u0155tvych. V\u00a0nej je v\u0161etko podriaden\u00e9 kolobehu zrodenia, \u017eivota, umierania a\u00a0nov\u00e9ho zrodenia. Po druh\u00e9, je tu p\u00f4vodn\u00fd bo\u017e\u00ed poriadok. Ten prv\u00fd je svetom pominute\u013enosti, tzv.\u00a0\u201edialektika\u201c: v\u0161etko v\u00a0\u0148om vznik\u00e1, rozkvit\u00e1 a\u00a0zanik\u00e1; druh\u00fd poriadok je svetom nepominute\u013enosti, tzv.\u00a0\u201estatika\u201c.<\/p>\n<\/td>\n<\/tr>\n<tr>\n<td width=\"150\" valign=\"top\">\n<p style=\"text-align: left;\"><strong>At\u00f3m iskry Ducha<\/strong><\/p>\n<\/td>\n<td>\n<p>Z\u00a0tohto naposledy uveden\u00e9ho poriadku, ktor\u00fd je v\u00a0Biblii naz\u00fdvan\u00fd \u201ekr\u00e1\u013eovstvom nebesk\u00fdm\u201c, sa v\u00a0srdci \u010dloveka nach\u00e1dza e\u0161te posledn\u00fd latentn\u00fd pozostatok, Bo\u017eia iskra alebo \u201eat\u00f3m iskry Ducha\u201c. Tento princ\u00edp sp\u00f4sobuje u\u00a0mnoh\u00fdch h\u013eadaj\u00facich \u013eud\u00ed ak\u00fasi neur\u010dit\u00fa t\u00fa\u017ebu za domovom, hmlist\u00fa spomienku na p\u00f4vodn\u00fd stav u\u00a0Otca\u00a0\u2013 na nesmrte\u013en\u00fa jednotu s\u00a0Bohom.<br \/>\n        <img decoding=\"async\" width=\"370\" height=\"235\" title=\"Zlat\u00e1 Ru\u017ea\" class=\"alignnone lazyload\" alt=\"\" data-src=\"https:\/\/www.rosicrucianum.org\/wp-content\/uploads\/images\/brons.jpg\" src=\"data:image\/svg+xml;base64,PHN2ZyB3aWR0aD0iMSIgaGVpZ2h0PSIxIiB4bWxucz0iaHR0cDovL3d3dy53My5vcmcvMjAwMC9zdmciPjwvc3ZnPg==\" style=\"--smush-placeholder-width: 370px; --smush-placeholder-aspect-ratio: 370\/235;\" \/><\/p>\n<\/td>\n<\/tr>\n<tr>\n<td width=\"150\" valign=\"top\">\n<p style=\"text-align: left;\"><strong>Prebudenie Krista v\u00a0\u010dloveku<\/strong><\/p>\n<\/td>\n<td>\n<p>Lectorium Rosicrucianum sa sna\u017e\u00ed o\u00a0to, konfrontova\u0165 \u013eud\u00ed s\u00a0nutnos\u0165ou n\u00e1vratu k\u00a0bo\u017esk\u00e9mu pr\u00edrodn\u00e9mu poriadku, a\u00a0to procesom \u201ezrodenia z\u00a0Ducha\u201c (J\u00e1n\u00a03:8), ktor\u00e9 Je\u017ei\u0161 okrem in\u00e9ho zjavil Nikod\u00e9movi. Toto znovuzrodenie alebo transfigur\u00e1cia je procesom \u201edenn\u00e9ho umierania\u201c, ako to naz\u00fdva Pavol (I.\u00a0Kor.\u00a015:31). Star\u00e1 pr\u00edroda, ja-vedomie umiera a\u00a0prebudi\u0165 sa mus\u00ed Bo\u017eia pr\u00edroda, Kristus v\u00a0\u010dloveku. Lectorium Rosicrucianum oboznamuje s\u00a0t\u00fdmto procesom \u017eiakov a\u00a0oni sa ho sna\u017eia realizova\u0165 vo svojom \u017eivote.<\/p>\n<\/td>\n<\/tr>\n<tr>\n<td width=\"150\" valign=\"top\">\n<p style=\"text-align: left;\"><strong>U\u010denie transfigur\u00e1cie<\/strong><\/p>\n<\/td>\n<td>\n<p>Transfiguristick\u00e9 u\u010denie m\u00fadrosti, ktor\u00e9 sprostredkuje Lectorium Rosicrucianum, je obsiahnut\u00e9 v\u00a0posolstv\u00e1ch v\u0161etk\u00fdch ve\u013ek\u00fdch n\u00e1bo\u017eenstiev. Tak aj v\u00a0Biblii je mo\u017en\u00e9 n\u00e1js\u0165 pojmy dvoch pr\u00edrodn\u00fdch poriadkov, bo\u017esk\u00e9ho princ\u00edpu v\u00a0srdci \u010dloveka a\u00a0cesty transfigur\u00e1cie, medziin\u00fdm aj v\u00a0nasleduj\u00facich vet\u00e1ch: \u201eMoje kr\u00e1\u013eovstvo nie je z\u00a0tohoto sveta.\u201c (J\u00e1n\u00a018:36), \u201eKr\u00e1\u013eovstvo Bo\u017eie je v\u00a0n\u00e1s.\u201c (Luk\u00e1\u0161\u00a017:21), \u201eOn mus\u00ed r\u00e1s\u0165, m\u0148a mus\u00ed ub\u00fada\u0165.\u201c (J\u00e1n\u00a03:30)<\/p>\n<\/td>\n<\/tr>\n<tr>\n<td width=\"150\" valign=\"top\">\n<p style=\"text-align: left;\"><strong>\u010clovek ako mikrokozmos<\/strong><\/p>\n<\/td>\n<td>\n<p>Podstatn\u00e9 je, \u017ee \u010dlovek, jeho vidite\u013en\u00e1 a\u00a0nevidite\u013en\u00e1 telesnos\u0165 vn\u00fatri mikrokozmu, ktor\u00fd ho obklopuje, je vn\u00edman\u00fd ako svet v\u00a0malom, v\u00a0s\u00falade\u00a0s\u00a0hermetickou axi\u00f3mou: \u201eAko hore, tak dole.\u201c<\/p>\n<\/td>\n<\/tr>\n<tr>\n<td width=\"150\" valign=\"top\">\n<p style=\"text-align: left;\"><strong>P\u00e4\u0165 d\u00f4le\u017eit\u00fdch stup\u0148ov na ceste transfigur\u00e1cie<\/strong><\/p>\n<\/td>\n<td>\n<p>Na ceste transfigur\u00e1cie existuje p\u00e4\u0165 stup\u0148ov, ktor\u00e9 s\u00fa obzvl\u00e1\u0161\u0165 d\u00f4le\u017eit\u00e9:<\/p>\n<ol>\n<li>\n<p>Odhalenie povahy tohto pozemsk\u00e9ho \u017eivotn\u00e9ho po\u013ea\u00a0a\u00a0sk\u00fasenos\u0165 vn\u00fatorn\u00e9ho volania k\u00a0n\u00e1vratu do bo\u017esk\u00e9ho pr\u00edrodn\u00e9ho poriadku.<\/p>\n<\/li>\n<li>\n<p>Prav\u00e1 t\u00fa\u017eba po sp\u00e1se.<\/p>\n<\/li>\n<li>\n<p>Odovzdanie osobnosti uskuto\u010dneniu sp\u00e1sy.<\/p>\n<\/li>\n<li>\n<p>Z\u00a0toho spont\u00e1nne vypl\u00fdvaj\u00faci nov\u00fd \u017eivotn\u00fd postoj pod veden\u00edm iskry Ducha, ako je nazna\u010den\u00fd v\u00a0K\u00e1zni na hore.<\/p>\n<\/li>\n<li>\n<p>Dokonanie tejto cesty: prebudenie (znovuzrodenie) v\u00a0p\u00f4vodnom \u017eivotnom poli.<\/p>\n<\/li>\n<\/ol>\n<\/td>\n<\/tr>\n<\/tbody>\n<\/table>\n","protected":false},"excerpt":{"rendered":"<p>Dva pr\u00edrodn\u00e9 poriadky Lectorium Rosicrucianum vych\u00e1dza z\u00a0idey, \u017ee existuj\u00fa dva pr\u00edrodn\u00e9 poriadky: po prv\u00e9, n\u00e1m zn\u00e1my pr\u00edrodn\u00fd poriadok, ktor\u00fd je n\u00fadzov\u00fdm poriadkom, prechodn\u00fdm domovom. T\u00e1to pr\u00edroda zah\u0155\u0148a tak oblas\u0165 \u017eiv\u00fdch ako aj m\u0155tvych. V\u00a0nej je v\u0161etko podriaden\u00e9 kolobehu zrodenia, \u017eivota, umierania a\u00a0nov\u00e9ho zrodenia. Po druh\u00e9, je tu p\u00f4vodn\u00fd bo\u017e\u00ed poriadok. Ten prv\u00fd je svetom pominute\u013enosti, [&hellip;]<\/p>\n","protected":false},"author":2,"featured_media":0,"parent":22,"menu_order":30,"comment_status":"closed","ping_status":"closed","template":"","meta":{"episode_type":"","audio_file":"","podmotor_file_id":"","podmotor_episode_id":"","cover_image":"","cover_image_id":"","duration":"","filesize":"","filesize_raw":"","date_recorded":"","explicit":"","block":"","itunes_episode_number":"","itunes_title":"","itunes_season_number":"","itunes_episode_type":"","_mc_calendar":[],"footnotes":""},"class_list":["post-25","page","type-page","status-publish","hentry"],"translation":{"provider":"WPGlobus","version":"3.0.2","language":"sk","enabled_languages":["cz","sk"],"languages":{"cz":{"title":true,"content":true,"excerpt":false},"sk":{"title":true,"content":true,"excerpt":false}}},"_links":{"self":[{"href":"https:\/\/rosicrucianum.org\/sk\/wp-json\/wp\/v2\/pages\/25","targetHints":{"allow":["GET"]}}],"collection":[{"href":"https:\/\/rosicrucianum.org\/sk\/wp-json\/wp\/v2\/pages"}],"about":[{"href":"https:\/\/rosicrucianum.org\/sk\/wp-json\/wp\/v2\/types\/page"}],"author":[{"embeddable":true,"href":"https:\/\/rosicrucianum.org\/sk\/wp-json\/wp\/v2\/users\/2"}],"replies":[{"embeddable":true,"href":"https:\/\/rosicrucianum.org\/sk\/wp-json\/wp\/v2\/comments?post=25"}],"version-history":[{"count":0,"href":"https:\/\/rosicrucianum.org\/sk\/wp-json\/wp\/v2\/pages\/25\/revisions"}],"up":[{"embeddable":true,"href":"https:\/\/rosicrucianum.org\/sk\/wp-json\/wp\/v2\/pages\/22"}],"wp:attachment":[{"href":"https:\/\/rosicrucianum.org\/sk\/wp-json\/wp\/v2\/media?parent=25"}],"curies":[{"name":"wp","href":"https:\/\/api.w.org\/{rel}","templated":true}]}}