{"id":26,"date":"2010-01-18T22:15:08","date_gmt":"2010-01-18T21:15:08","guid":{"rendered":"http:\/\/www.rosicrucianum.cz\/?page_id=14"},"modified":"2021-02-26T13:42:36","modified_gmt":"2021-02-26T12:42:36","slug":"symbolika","status":"publish","type":"page","link":"https:\/\/rosicrucianum.org\/sk\/o-skole\/symbolika\/","title":{"rendered":"Symbolika"},"content":{"rendered":"<style>\n  p {\n    text-align: justify;\n  }\n<\/style>\n<table border=\"0\">\n<tbody>\n<tr>\n<td width=\"150\" valign=\"top\">\n<p style=\"text-align: left;\"><strong>Symbolika<\/strong><\/p>\n<\/td>\n<td>\n<p>Najviac pou\u017e\u00edvan\u00fdmi symbolmi s\u00fa:<\/p>\n<\/td>\n<\/tr>\n<tr>\n<td width=\"150\" valign=\"top\">\n<p style=\"text-align: left;\"><strong>Kr\u00ed\u017e s\u00a0ru\u017eou<\/strong><\/p>\n<\/td>\n<td>\n<p>Kr\u00ed\u017e s\u00a0ru\u017eou v\u00a0priese\u010dn\u00edku, v\u00a0zlatej farbe.<\/p>\n<p><\/p>\n<p style=\"text-align: center;\"><img decoding=\"async\" width=\"125\" height=\"178\" class=\"aligncenter lazyload\" alt=\"K\u0159\u00ed\u017e s r\u016f\u017e\u00ed\" data-src=\"https:\/\/www.rosicrucianum.org\/wp-content\/uploads\/images\/symbole_rosenkreuz.jpg\" src=\"data:image\/svg+xml;base64,PHN2ZyB3aWR0aD0iMSIgaGVpZ2h0PSIxIiB4bWxucz0iaHR0cDovL3d3dy53My5vcmcvMjAwMC9zdmciPjwvc3ZnPg==\" style=\"--smush-placeholder-width: 125px; --smush-placeholder-aspect-ratio: 125\/178;\" \/><\/p>\n<\/td>\n<\/tr>\n<tr>\n<td width=\"150\" valign=\"top\">\n<p style=\"text-align: left;\"><strong>Kruh, trojuholn\u00edk a\u00a0\u0161tvorec<\/strong><\/p>\n<\/td>\n<td>\n<p>Kruh, trojuholn\u00edk a\u00a0\u0161tvorec:<\/p>\n<p style=\"text-align: center;\"><img decoding=\"async\" width=\"113\" height=\"113\" title=\"logolr21\" class=\"size-full wp-image-183 aligncenter lazyload\" alt=\"\" data-src=\"https:\/\/www.rosicrucianum.org\/wp-content\/uploads\/2016\/04\/logolr21.jpg\" src=\"data:image\/svg+xml;base64,PHN2ZyB3aWR0aD0iMSIgaGVpZ2h0PSIxIiB4bWxucz0iaHR0cDovL3d3dy53My5vcmcvMjAwMC9zdmciPjwvc3ZnPg==\" style=\"--smush-placeholder-width: 113px; --smush-placeholder-aspect-ratio: 113\/113;\" \/><\/p>\n<p>Kruh symbolizuje ve\u010dnos\u0165, nekone\u010dnos\u0165 a\u00a0tie\u017e mikrokozmos.<br \/>\n        Trojuholn\u00edk je symbolom troch ve\u013ek\u00fdch s\u00edl vych\u00e1dzaj\u00facich z\u00a0Logosa, ktor\u00e9 s\u00fa ozna\u010dovan\u00e9 ako Otec, Syn a\u00a0Sv\u00e4t\u00fd Duch.<br \/>\n        \u0160tvorec predstavuje z\u00e1klad pre stavbu nov\u00e9ho \u010dloveka.<\/p>\n<\/td>\n<\/tr>\n<tr>\n<td width=\"150\" valign=\"top\">\n<p style=\"text-align: left;\"><strong>Pentagram<\/strong><\/p>\n<\/td>\n<td>\n<p>Pentagram je symbolom znovuzroden\u00e9ho, nov\u00e9ho \u010dloveka.<\/p>\n<p style=\"text-align: center;\"><img decoding=\"async\" width=\"139\" height=\"134\" title=\"Symbolika3\" class=\"alignnone lazyload\" alt=\"\" data-src=\"https:\/\/www.rosicrucianum.org\/wp-content\/uploads\/images\/pentagr.gif\" src=\"data:image\/svg+xml;base64,PHN2ZyB3aWR0aD0iMSIgaGVpZ2h0PSIxIiB4bWxucz0iaHR0cDovL3d3dy53My5vcmcvMjAwMC9zdmciPjwvc3ZnPg==\" style=\"--smush-placeholder-width: 139px; --smush-placeholder-aspect-ratio: 139\/134;\" \/><\/p>\n<\/td>\n<\/tr>\n<\/tbody>\n<\/table>\n","protected":false},"excerpt":{"rendered":"<p>Symbolika Najviac pou\u017e\u00edvan\u00fdmi symbolmi s\u00fa: Kr\u00ed\u017e s\u00a0ru\u017eou Kr\u00ed\u017e s\u00a0ru\u017eou v\u00a0priese\u010dn\u00edku, v\u00a0zlatej farbe. Kruh, trojuholn\u00edk a\u00a0\u0161tvorec Kruh, trojuholn\u00edk a\u00a0\u0161tvorec: Kruh symbolizuje ve\u010dnos\u0165, nekone\u010dnos\u0165 a\u00a0tie\u017e mikrokozmos. Trojuholn\u00edk je symbolom troch ve\u013ek\u00fdch s\u00edl vych\u00e1dzaj\u00facich z\u00a0Logosa, ktor\u00e9 s\u00fa ozna\u010dovan\u00e9 ako Otec, Syn a\u00a0Sv\u00e4t\u00fd Duch. \u0160tvorec predstavuje z\u00e1klad pre stavbu nov\u00e9ho \u010dloveka. Pentagram Pentagram je symbolom znovuzroden\u00e9ho, nov\u00e9ho \u010dloveka.<\/p>\n","protected":false},"author":2,"featured_media":0,"parent":22,"menu_order":40,"comment_status":"closed","ping_status":"closed","template":"","meta":{"episode_type":"","audio_file":"","podmotor_file_id":"","podmotor_episode_id":"","cover_image":"","cover_image_id":"","duration":"","filesize":"","filesize_raw":"","date_recorded":"","explicit":"","block":"","itunes_episode_number":"","itunes_title":"","itunes_season_number":"","itunes_episode_type":"","_mc_calendar":[],"footnotes":""},"class_list":["post-26","page","type-page","status-publish","hentry"],"translation":{"provider":"WPGlobus","version":"3.0.2","language":"sk","enabled_languages":["cz","sk"],"languages":{"cz":{"title":true,"content":true,"excerpt":false},"sk":{"title":true,"content":true,"excerpt":false}}},"_links":{"self":[{"href":"https:\/\/rosicrucianum.org\/sk\/wp-json\/wp\/v2\/pages\/26","targetHints":{"allow":["GET"]}}],"collection":[{"href":"https:\/\/rosicrucianum.org\/sk\/wp-json\/wp\/v2\/pages"}],"about":[{"href":"https:\/\/rosicrucianum.org\/sk\/wp-json\/wp\/v2\/types\/page"}],"author":[{"embeddable":true,"href":"https:\/\/rosicrucianum.org\/sk\/wp-json\/wp\/v2\/users\/2"}],"replies":[{"embeddable":true,"href":"https:\/\/rosicrucianum.org\/sk\/wp-json\/wp\/v2\/comments?post=26"}],"version-history":[{"count":0,"href":"https:\/\/rosicrucianum.org\/sk\/wp-json\/wp\/v2\/pages\/26\/revisions"}],"up":[{"embeddable":true,"href":"https:\/\/rosicrucianum.org\/sk\/wp-json\/wp\/v2\/pages\/22"}],"wp:attachment":[{"href":"https:\/\/rosicrucianum.org\/sk\/wp-json\/wp\/v2\/media?parent=26"}],"curies":[{"name":"wp","href":"https:\/\/api.w.org\/{rel}","templated":true}]}}