{"id":27,"date":"2010-01-18T22:16:19","date_gmt":"2010-01-18T21:16:19","guid":{"rendered":"http:\/\/www.rosicrucianum.cz\/?page_id=16"},"modified":"2021-02-26T13:46:14","modified_gmt":"2021-02-26T12:46:14","slug":"zakovstvi","status":"publish","type":"page","link":"https:\/\/rosicrucianum.org\/sk\/o-skole\/zakovstvi\/","title":{"rendered":"\u017diactvo"},"content":{"rendered":"<style>\n  p {\n    text-align: justify;\n  }\n<\/style>\n<table border=\"0\">\n<tbody>\n<tr>\n<td width=\"150\" valign=\"top\">\n<p style=\"text-align: left;\"><strong>\u017diactvo a\u00a0\u010dlenstvo\u00a0v\u00a0\u0161kole<\/strong><\/p>\n<\/td>\n<td>\n<p>\u010co v\u00a0praxi znamen\u00e1 by\u0165 \u017eiakom Zlat\u00e9ho Kr\u00ed\u017ea s\u00a0Ru\u017eou?<br \/>\n        U\u010denie transfigur\u00e1cie nie je len filozofick\u00fdm syst\u00e9mom, ale mus\u00ed by\u0165\u00a0 \u201epre\u017e\u00edvan\u00e9\u201c. O\u00a0to sa sna\u017eia\u00a0\u017eiaci Duchovnej \u0161koly. Popri \u017eiactve je tie\u017e t\u00fdm, ktor\u00ed (e\u0161te) nechc\u00fa alebo nem\u00f4\u017eu splni\u0165 podmienky pre \u017eiactvo, ale predsa by chceli zosta\u0165 so \u0160kolou v\u00a0kontakte, umo\u017enen\u00e9 \u010dlenstvo v\u00a0Lectorium Rosicrucianum. Pre obe formy vz\u0165ahu s\u00fa stanoven\u00e9 pevn\u00e9 mesa\u010dn\u00e9 pr\u00edspevky.<\/p>\n<\/td>\n<\/tr>\n<tr>\n<td width=\"150\" valign=\"top\">\n<p style=\"text-align: left;\"><strong>Orient\u00e1cia a\u00a0osobn\u00e1 sloboda<\/strong><\/p>\n<\/td>\n<td>\n<p>Ne\u017e sa niekto dobrovo\u013ene rozhodne vst\u00fapi\u0165 do \u0161koly, m\u00f4\u017ee vyu\u017ei\u0165 mnoho, samozrejme, nez\u00e1v\u00e4zn\u00fdch mo\u017enost\u00ed k\u00a0orient\u00e1cii. Pr\u00e1ve tak m\u00f4\u017ee, kedyko\u013evek si to bude pria\u0165, op\u00e4\u0165 preru\u0161i\u0165 kontakt so \u0160kolou. Osobn\u00e1 sloboda je pova\u017eovan\u00e1 za jedin\u00fd spr\u00e1vny z\u00e1klad pre to, \u010do ka\u017ed\u00fd \u010dlovek s\u00e1m spozn\u00e1 ako svoje poslanie.<\/p>\n<\/td>\n<\/tr>\n<tr>\n<td width=\"150\" valign=\"top\">\n<p style=\"text-align: left;\"><strong>Chr\u00e1my, konferen\u010dn\u00e9 miesta a\u00a0mestsk\u00e9 centr\u00e1<\/strong><\/p>\n<\/td>\n<td>\n<p>Lectorium Rosicrucianum vlastn\u00ed chr\u00e1my a\u00a0konferen\u010dn\u00e9 miesta v\u00a0mnoh\u00fdch krajin\u00e1ch. \u017diaci sa tam pravidelne sch\u00e1dzaj\u00fa na chr\u00e1mov\u00e9 slu\u017eby alebo na in\u00e9 stretnutia, po\u010das ktor\u00fdch sa zahlbuj\u00fa do u\u010denia m\u00fadrosti transfigur\u00e1cie a\u00a0zam\u00fd\u0161\u013eaj\u00fa sa nad t\u00fdm, ako toto u\u010denie prenies\u0165 do svojho \u017eivota. Pribli\u017ene sto\u0161es\u0165desiat men\u0161\u00edch centier sl\u00fa\u017ei rovnak\u00e9mu cie\u013eu, rovnako ako verejn\u00e9 predn\u00e1\u0161ky a\u00a0kurzy pre t\u00fdch, ktor\u00ed maj\u00fa z\u00e1ujem o\u00a0u\u010denie \u0161koly. Okrem toho e\u0161te asi 4000 \u010dlenov vyu\u017e\u00edva mo\u017enos\u0165 orient\u00e1cie.<\/p>\n<\/td>\n<\/tr>\n<tr>\n<td width=\"150\" valign=\"top\">\n<p style=\"text-align: left;\"><strong>\u017divotn\u00e1\u00a0zmena, mor\u00e1lka<\/strong><\/p>\n<\/td>\n<td>\n<p>\u017diaci s\u00fa nab\u00e1dan\u00ed k\u00a0z\u00e1sadnej zmene \u017eivota, ako je napr\u00edklad vegetari\u00e1nstvo, zrieknutie sa faj\u010denia, alkoholu a\u00a0in\u00fdch drog. Samozrejme, o\u010dak\u00e1van\u00e1 je vysok\u00e1 mor\u00e1lka. Na vn\u00fatornom v\u00fdvoji i\u00a0vonkaj\u0161\u00edch aktivit\u00e1ch sa podie\u013eaj\u00fa v\u00a0rovnakej miere mu\u017ei aj \u017eeny. \u017diaci s\u00fa \u013eudia v\u0161etk\u00fdch vekov\u00fdch kateg\u00f3ri\u00ed, diela \u0161koly Lectorium Rosicrucianum sa akt\u00edvne z\u00fa\u010dast\u0148uje tie\u017e ve\u013ea mlad\u00fdch \u013eud\u00ed. \u017diakom sa je mo\u017en\u00e9 sta\u0165 od 18 rokov.<\/p>\n<\/td>\n<\/tr>\n<tr>\n<td width=\"150\" valign=\"top\">\n<p style=\"text-align: left;\"><strong>Pr\u00e1ca s de\u0165mi, \u0161koly Jana van Rijckenborgha<\/strong><\/p>\n<\/td>\n<td>\n<p><img decoding=\"async\" align=\"left\" style=\"margin-right: 20px; margin-top: 10px;\" alt=\"Pam\u00e1tn\u00edk\" data-src=\"https:\/\/www.rosicrucianum.org\/wp-content\/uploads\/images\/novsteen.jpg\" hspace=\"20\" src=\"data:image\/svg+xml;base64,PHN2ZyB3aWR0aD0iMSIgaGVpZ2h0PSIxIiB4bWxucz0iaHR0cDovL3d3dy53My5vcmcvMjAwMC9zdmciPjwvc3ZnPg==\" class=\"lazyload\" \/>V\u00fdchove det\u00ed je venovan\u00e1 ve\u013ek\u00e1 pozornos\u0165. Existuje akt\u00edvne dielo ml\u00e1de\u017ee s\u00a0vlastn\u00fdm medzin\u00e1rodn\u00fdm centrom \u201eNoverosa\u201c v\u00a0strednej \u010dasti Holandska. De\u0165om s\u00fa pribli\u017eovan\u00e9 z\u00e1kladn\u00e9 pojmy gnostick\u00e9ho u\u010denia v\u0161etk\u00fdch d\u00f4b prostredn\u00edctvom rozpr\u00e1vok a\u00a0poviedok. Star\u0161\u00edm de\u0165om s\u00fa tieto pojmy racion\u00e1lne vysvet\u013eovan\u00e9. Okrem toho existuj\u00fa v\u00a0Holandsku tri \u0161peci\u00e1lne z\u00e1kladn\u00e9 \u0161koly \u201eJana van Rijckenborgha\u201c.<\/p>\n<\/td>\n<\/tr>\n<\/tbody>\n<\/table>\n","protected":false},"excerpt":{"rendered":"<p>\u017diactvo a\u00a0\u010dlenstvo\u00a0v\u00a0\u0161kole \u010co v\u00a0praxi znamen\u00e1 by\u0165 \u017eiakom Zlat\u00e9ho Kr\u00ed\u017ea s\u00a0Ru\u017eou? U\u010denie transfigur\u00e1cie nie je len filozofick\u00fdm syst\u00e9mom, ale mus\u00ed by\u0165\u00a0 \u201epre\u017e\u00edvan\u00e9\u201c. O\u00a0to sa sna\u017eia\u00a0\u017eiaci Duchovnej \u0161koly. Popri \u017eiactve je tie\u017e t\u00fdm, ktor\u00ed (e\u0161te) nechc\u00fa alebo nem\u00f4\u017eu splni\u0165 podmienky pre \u017eiactvo, ale predsa by chceli zosta\u0165 so \u0160kolou v\u00a0kontakte, umo\u017enen\u00e9 \u010dlenstvo v\u00a0Lectorium Rosicrucianum. Pre obe formy [&hellip;]<\/p>\n","protected":false},"author":2,"featured_media":0,"parent":22,"menu_order":50,"comment_status":"closed","ping_status":"closed","template":"","meta":{"episode_type":"","audio_file":"","podmotor_file_id":"","podmotor_episode_id":"","cover_image":"","cover_image_id":"","duration":"","filesize":"","filesize_raw":"","date_recorded":"","explicit":"","block":"","itunes_episode_number":"","itunes_title":"","itunes_season_number":"","itunes_episode_type":"","_mc_calendar":[],"footnotes":""},"class_list":["post-27","page","type-page","status-publish","hentry"],"translation":{"provider":"WPGlobus","version":"3.0.2","language":"sk","enabled_languages":["cz","sk"],"languages":{"cz":{"title":true,"content":true,"excerpt":false},"sk":{"title":true,"content":true,"excerpt":false}}},"_links":{"self":[{"href":"https:\/\/rosicrucianum.org\/sk\/wp-json\/wp\/v2\/pages\/27","targetHints":{"allow":["GET"]}}],"collection":[{"href":"https:\/\/rosicrucianum.org\/sk\/wp-json\/wp\/v2\/pages"}],"about":[{"href":"https:\/\/rosicrucianum.org\/sk\/wp-json\/wp\/v2\/types\/page"}],"author":[{"embeddable":true,"href":"https:\/\/rosicrucianum.org\/sk\/wp-json\/wp\/v2\/users\/2"}],"replies":[{"embeddable":true,"href":"https:\/\/rosicrucianum.org\/sk\/wp-json\/wp\/v2\/comments?post=27"}],"version-history":[{"count":0,"href":"https:\/\/rosicrucianum.org\/sk\/wp-json\/wp\/v2\/pages\/27\/revisions"}],"up":[{"embeddable":true,"href":"https:\/\/rosicrucianum.org\/sk\/wp-json\/wp\/v2\/pages\/22"}],"wp:attachment":[{"href":"https:\/\/rosicrucianum.org\/sk\/wp-json\/wp\/v2\/media?parent=27"}],"curies":[{"name":"wp","href":"https:\/\/api.w.org\/{rel}","templated":true}]}}