{"id":28,"date":"2010-01-18T23:35:25","date_gmt":"2010-01-18T22:35:25","guid":{"rendered":"http:\/\/www.rosicrucianum.cz\/?page_id=28"},"modified":"2024-04-21T17:35:30","modified_gmt":"2024-04-21T15:35:30","slug":"kontakty","status":"publish","type":"page","link":"https:\/\/rosicrucianum.org\/sk\/kontakty\/","title":{"rendered":"Kontakty"},"content":{"rendered":"<table border=\"0\">\n<tbody>\n<tr>\n<td width=\"140\" valign=\"top\">\n<p><strong>\u00davodn\u00e1 bro\u017e\u00fara<\/strong><\/p>\n<\/td>\n<td style=\"text-align: justify;\">\n<p>Cie\u013e a u\u010denie Medzin\u00e1rodnej \u0161koly Zlat\u00e9ho Kr\u00ed\u017ea s Ru\u017eou nie je jednoduch\u00e9 vysvetli\u0165 na nieko\u013ek\u00fdch str\u00e1nkach. Preto bola vydan\u00e1 \u00favodn\u00e1 informa\u010dn\u00e1 bro\u017e\u00fara, v ktorej je u\u010denie \u0161koly vysvetlen\u00e9. Pokia\u013e by ste chceli jeden s exempl\u00e1rov vlastni\u0165, obr\u00e1\u0165te sa pod\u013ea V\u00e1\u0161ho bydliska na niektor\u00fa nasleduj\u00facu adresu.<\/p>\n<\/td>\n<\/tr>\n<tr>\n<td width=\"140\" valign=\"top\">\n<p><strong>E-mail<\/strong><\/p>\n<\/td>\n<td style=\"text-align: justify;\">\n<p>Va\u0161e ot\u00e1zky a pripomienky k obsahu t\u00fdchto str\u00e1nok po\u0161lite na e-mailov\u00fa adresu: <a href=\"mailto:lectorium@rosicrucianum.org\">lectorium@rosicrucianum.org<\/a><\/p>\n<\/td>\n<\/tr>\n<tr>\n<td width=\"140\" valign=\"top\">\n<p><strong>Adresy<\/strong><\/p>\n<\/td>\n<td>\n<table width=\"600\" border=\"0\" rules=\"cols\">\n<tbody>\n<tr>\n<td width=\"35%\" height=\"60\" bgcolor=\"#cccccc\">\n<p><strong>Krajina<\/strong><\/p>\n<\/td>\n<td bgcolor=\"#cccccc\">\n<p><strong>Lectorium Rosicrucianum<\/strong><\/p>\n<\/td>\n<\/tr>\n<tr>\n<td width=\"35%\" valign=\"top\">\n<p><strong>\u010cesk\u00e1 republika<\/strong><\/p>\n<\/td>\n<td>\n<p><strong>Mezin\u00e1rodn\u00ed \u0161kola Zlat\u00e9ho K\u0159\u00ed\u017ee s R\u016f\u017e\u00ed<br \/><\/strong><br \/>\nLectorium Rosicrucianum, z. s.<br \/>\nK\u0159esomyslova 599\/8<br \/>\n140 00 Praha 4<br \/>\nE-mail: <a href=\"mailto:lectorium@rosicrucianum.org\">lectorium@rosicrucianum.org<\/a><\/p>\n<\/td>\n<\/tr>\n<tr>\n<td width=\"35%\" valign=\"top\">\n<p><strong>Slovensk\u00e1 republika<\/strong><\/p>\n<\/td>\n<td>\n<p><strong>Medzin\u00e1rodn\u00e1 \u0161kola Zlat\u00e9ho Kr\u00ed\u017ea s Ru\u017eou<br \/><\/strong><br \/>\nLectorium Rosicrucianum<br \/>\nV s\u00fa\u010dasnosti sa h\u013eadaj\u00fa nov\u00e9 priestory<br \/>\n<!--\nBakossova 5783\/1<br \/>\n974 01 Bansk\u00e1 Bystrica<br \/>\n--><br \/>\nE-mail: <a href=\"mailto:lectorium@rosicrucianum.org\">lectorium@rosicrucianum.org<\/a><\/p>\n<\/td>\n<\/tr>\n<tr>\n<td width=\"35%\" valign=\"top\">\n<p><strong>Holandsko<\/strong><\/p>\n<\/td>\n<td>\n<p><strong>Medzin\u00e1rodn\u00e9 \u00fastredie:<\/strong><br \/>\n<span style=\"font-weight: normal;\">Lectorium Rosicrucianum<br \/>\nBakenessergracht 11<br \/>\n2011 JS Haarlem<br \/>\nE-mail: <\/span><a href=\"mailto:info@lectoriumrosicrucianum.org\"><span style=\"font-weight: normal;\">info@lectoriumrosicrucianum.org<\/span><\/a><\/strong><\/p>\n<\/td>\n<\/tr>\n<\/tbody>\n<\/table>\n<\/td>\n<\/tr>\n<\/tbody>\n<\/table>\n","protected":false},"excerpt":{"rendered":"<p>\u00davodn\u00e1 bro\u017e\u00fara Cie\u013e a u\u010denie Medzin\u00e1rodnej \u0161koly Zlat\u00e9ho Kr\u00ed\u017ea s Ru\u017eou nie je jednoduch\u00e9 vysvetli\u0165 na nieko\u013ek\u00fdch str\u00e1nkach. Preto bola vydan\u00e1 \u00favodn\u00e1 informa\u010dn\u00e1 bro\u017e\u00fara, v ktorej je u\u010denie \u0161koly vysvetlen\u00e9. Pokia\u013e by ste chceli jeden s exempl\u00e1rov vlastni\u0165, obr\u00e1\u0165te sa pod\u013ea V\u00e1\u0161ho bydliska na niektor\u00fa nasleduj\u00facu adresu. E-mail Va\u0161e ot\u00e1zky a pripomienky k obsahu t\u00fdchto [&hellip;]<\/p>\n","protected":false},"author":2,"featured_media":0,"parent":0,"menu_order":90,"comment_status":"closed","ping_status":"closed","template":"","meta":{"episode_type":"","audio_file":"","podmotor_file_id":"","podmotor_episode_id":"","cover_image":"","cover_image_id":"","duration":"","filesize":"","filesize_raw":"","date_recorded":"","explicit":"","block":"","itunes_episode_number":"","itunes_title":"","itunes_season_number":"","itunes_episode_type":"","_mc_calendar":[],"footnotes":""},"class_list":["post-28","page","type-page","status-publish","hentry"],"translation":{"provider":"WPGlobus","version":"3.0.2","language":"sk","enabled_languages":["cz","sk"],"languages":{"cz":{"title":true,"content":true,"excerpt":false},"sk":{"title":true,"content":true,"excerpt":false}}},"_links":{"self":[{"href":"https:\/\/rosicrucianum.org\/sk\/wp-json\/wp\/v2\/pages\/28","targetHints":{"allow":["GET"]}}],"collection":[{"href":"https:\/\/rosicrucianum.org\/sk\/wp-json\/wp\/v2\/pages"}],"about":[{"href":"https:\/\/rosicrucianum.org\/sk\/wp-json\/wp\/v2\/types\/page"}],"author":[{"embeddable":true,"href":"https:\/\/rosicrucianum.org\/sk\/wp-json\/wp\/v2\/users\/2"}],"replies":[{"embeddable":true,"href":"https:\/\/rosicrucianum.org\/sk\/wp-json\/wp\/v2\/comments?post=28"}],"version-history":[{"count":0,"href":"https:\/\/rosicrucianum.org\/sk\/wp-json\/wp\/v2\/pages\/28\/revisions"}],"wp:attachment":[{"href":"https:\/\/rosicrucianum.org\/sk\/wp-json\/wp\/v2\/media?parent=28"}],"curies":[{"name":"wp","href":"https:\/\/api.w.org\/{rel}","templated":true}]}}