{"id":36,"date":"2010-01-19T02:39:24","date_gmt":"2010-01-19T01:39:24","guid":{"rendered":"http:\/\/www.rosicrucianum.cz\/?page_id=36"},"modified":"2025-07-23T18:45:56","modified_gmt":"2025-07-23T16:45:56","slug":"vydavatelstvi","status":"publish","type":"page","link":"https:\/\/rosicrucianum.org\/sk\/literatura\/vydavatelstvi\/","title":{"rendered":"Vydavate\u013estvo"},"content":{"rendered":"<table border=\"0\">\n<tbody>\n<tr>\n<td width=\"140\" valign=\"top\">\n<p><strong>Rozekruis Pers<\/strong><\/p>\n<\/td>\n<td style=\"text-align: justify;\">\n<p><img decoding=\"async\" width=\"254\" height=\"147\" class=\"alignleft lazyload\" style=\"--smush-placeholder-width: 254px; --smush-placeholder-aspect-ratio: 254\/147;margin-right: 10px;\" alt=\"foto vydavatelstv\u00ed\" data-src=\"https:\/\/www.rosicrucianum.org\/wp-content\/uploads\/images\/rkp_winkel.jpg\" src=\"data:image\/svg+xml;base64,PHN2ZyB3aWR0aD0iMSIgaGVpZ2h0PSIxIiB4bWxucz0iaHR0cDovL3d3dy53My5vcmcvMjAwMC9zdmciPjwvc3ZnPg==\" \/>Vydavate\u013estvo Lectorium Rosicrucianum, Rozekruis Pers, m\u00e1 svoje s\u00eddlo taktie\u017e v Haarleme v Holandsku. Vydavate\u013estvo vydalo ve\u013ek\u00fd po\u010det kn\u00edh, autormi ktor\u00fdch s\u00fa J\u00e1n van Rijckenborgh a Catharose de Petri. Ich diela boli prelo\u017een\u00e9 do p\u00e4tn\u00e1stich jazykov. Toto vydavate\u013estvo vydalo tie\u017e aj r\u00f4zne diela in\u00fdch autorov.<\/p>\n<\/td>\n<\/tr>\n<p><!--\n\n<tr>\n\n\n<td width=\"140\" valign=\"top\">\n\n<p><strong>Pentagram<\/strong><\/p>\n\n<\/td>\n\n\n\n\n<td style=\"text-align: justify;\">\n\n<p><img decoding=\"async\" width=\"139\" height=\"134\" align=\"right\" class=\"alignright lazyload\" style=\"--smush-placeholder-width: 139px; --smush-placeholder-aspect-ratio: 139\/134;margin-left: 10px;\" alt=\"Pentagram\" data-src=\"https:\/\/www.rosicrucianum.org\/wp-content\/uploads\/images\/pentagr.gif\" src=\"data:image\/svg+xml;base64,PHN2ZyB3aWR0aD0iMSIgaGVpZ2h0PSIxIiB4bWxucz0iaHR0cDovL3d3dy53My5vcmcvMjAwMC9zdmciPjwvc3ZnPg==\" \/>Okrem toho vych\u00e1dza \u0161tvr\u0165ro\u010dne \u010dasopis s n\u00e1zvom Pentagram, a to v holandskom, nemeckom, anglickom, franc\u00fazskom, ma\u010farskom, talianskom, po\u013eskom, portugalskom, \u0161panielskom a \u0161v\u00e9dskom jazyku. Nieko\u013eko \u010dasopisov je prelo\u017een\u00fdch aj do \u010desk\u00e9ho a slovensk\u00e9ho jazyka. V s\u00fa\u010dasnosti je \u010dasopis Pentagram postupne nahr\u00e1dzan\u00fd nov\u00fdm online \u010dasopisom Logon.<\/p>\n\n<\/td>\n\n\n<\/tr>\n\n--><br \/>\n<\/tbody>\n<\/table>\n","protected":false},"excerpt":{"rendered":"<p>Rozekruis Pers Vydavate\u013estvo Lectorium Rosicrucianum, Rozekruis Pers, m\u00e1 svoje s\u00eddlo taktie\u017e v Haarleme v Holandsku. Vydavate\u013estvo vydalo ve\u013ek\u00fd po\u010det kn\u00edh, autormi ktor\u00fdch s\u00fa J\u00e1n van Rijckenborgh a Catharose de Petri. Ich diela boli prelo\u017een\u00e9 do p\u00e4tn\u00e1stich jazykov. Toto vydavate\u013estvo vydalo tie\u017e aj r\u00f4zne diela in\u00fdch autorov.<\/p>\n","protected":false},"author":2,"featured_media":0,"parent":1386,"menu_order":10,"comment_status":"closed","ping_status":"closed","template":"","meta":{"episode_type":"","audio_file":"","podmotor_file_id":"","podmotor_episode_id":"","cover_image":"","cover_image_id":"","duration":"","filesize":"","filesize_raw":"","date_recorded":"","explicit":"","block":"","itunes_episode_number":"","itunes_title":"","itunes_season_number":"","itunes_episode_type":"","_mc_calendar":[],"footnotes":""},"class_list":["post-36","page","type-page","status-publish","hentry"],"translation":{"provider":"WPGlobus","version":"3.0.2","language":"sk","enabled_languages":["cz","sk"],"languages":{"cz":{"title":true,"content":true,"excerpt":false},"sk":{"title":true,"content":true,"excerpt":false}}},"_links":{"self":[{"href":"https:\/\/rosicrucianum.org\/sk\/wp-json\/wp\/v2\/pages\/36","targetHints":{"allow":["GET"]}}],"collection":[{"href":"https:\/\/rosicrucianum.org\/sk\/wp-json\/wp\/v2\/pages"}],"about":[{"href":"https:\/\/rosicrucianum.org\/sk\/wp-json\/wp\/v2\/types\/page"}],"author":[{"embeddable":true,"href":"https:\/\/rosicrucianum.org\/sk\/wp-json\/wp\/v2\/users\/2"}],"replies":[{"embeddable":true,"href":"https:\/\/rosicrucianum.org\/sk\/wp-json\/wp\/v2\/comments?post=36"}],"version-history":[{"count":0,"href":"https:\/\/rosicrucianum.org\/sk\/wp-json\/wp\/v2\/pages\/36\/revisions"}],"up":[{"embeddable":true,"href":"https:\/\/rosicrucianum.org\/sk\/wp-json\/wp\/v2\/pages\/1386"}],"wp:attachment":[{"href":"https:\/\/rosicrucianum.org\/sk\/wp-json\/wp\/v2\/media?parent=36"}],"curies":[{"name":"wp","href":"https:\/\/api.w.org\/{rel}","templated":true}]}}