{"id":51,"date":"2010-01-19T03:09:22","date_gmt":"2010-01-19T02:09:22","guid":{"rendered":"http:\/\/www.rosicrucianum.cz\/?page_id=51"},"modified":"2024-04-20T12:13:13","modified_gmt":"2024-04-20T10:13:13","slug":"praha","status":"publish","type":"page","link":"https:\/\/rosicrucianum.org\/sk\/centra\/praha\/","title":{"rendered":"Praha"},"content":{"rendered":"<h2><img decoding=\"async\" width=\"322\" height=\"210\" title=\"Lectorium Rosicrucianum - Centrum Praha\" class=\"alignnone wp-image-1281 size-full lazyload\" alt=\"Lectorium Rosicrucianum - Centrum Praha\" data-src=\"https:\/\/www.rosicrucianum.org\/wp-content\/uploads\/2019\/06\/centrum-praha20190404.jpg\" src=\"data:image\/svg+xml;base64,PHN2ZyB3aWR0aD0iMSIgaGVpZ2h0PSIxIiB4bWxucz0iaHR0cDovL3d3dy53My5vcmcvMjAwMC9zdmciPjwvc3ZnPg==\" style=\"--smush-placeholder-width: 322px; --smush-placeholder-aspect-ratio: 322\/210;\" \/> <img decoding=\"async\" width=\"272\" height=\"210\" title=\"Lectorium Rosicrucianum - Centrum Praha\" class=\"alignnone wp-image-1458 size-full lazyload\" alt=\"Lectorium Rosicrucianum - Centrum Praha\" data-src=\"https:\/\/www.rosicrucianum.org\/wp-content\/uploads\/2019\/06\/centrum-praha20190329.jpg\" src=\"data:image\/svg+xml;base64,PHN2ZyB3aWR0aD0iMSIgaGVpZ2h0PSIxIiB4bWxucz0iaHR0cDovL3d3dy53My5vcmcvMjAwMC9zdmciPjwvc3ZnPg==\" style=\"--smush-placeholder-width: 272px; --smush-placeholder-aspect-ratio: 272\/210;\" \/><\/h2>\n<h2>Kontaktn\u00e9 \u00fadaje<\/h2>\n<p style=\"text-align: center;\">Mezin\u00e1rodn\u00ed \u0161kola Zlat\u00e9ho K\u0159\u00ed\u017ee s R\u016f\u017e\u00ed,<br \/>\nLectorium Rosicrucianum, z. s.<br \/>\nCentrum Praha<br \/>\nK\u0159esomyslova 599\/8<br \/>\n140 00 Praha 4 \u2013 Nusle<br \/>\ne-mail: <a href=\"mailto:praha@rosicrucianum.org\">praha@rosicrucianum.org<\/a><\/p>\n<h2>Kde n\u00e1s n\u00e1jdete<\/h2>\n<p style=\"text-align: center;\"><iframe data-src=\"https:\/\/www.google.com\/maps\/embed?pb=!1m18!1m12!1m3!1d2561.152781701004!2d14.436280115901111!3d50.06470032296516!2m3!1f0!2f0!3f0!3m2!1i1024!2i768!4f13.1!3m3!1m2!1s0x470b947c4760d973%3A0xc6909a714c3816d3!2zTWV6aW7DoXJvZG7DrSDFoWtvbGEgWmxhdMOpaG8gS8WZw63FvmUgcyBSxa_FvsOtIC0gTGVjdG9yaXVtIFJvc2ljcnVjaWFudW0!5e0!3m2!1scs!2sus!4v1670310343491!5m2!1scs!2sus\" width=\"600\" height=\"450\" style=\"border:0;\" allowfullscreen=\"\" referrerpolicy=\"no-referrer-when-downgrade\" src=\"data:image\/svg+xml;base64,PHN2ZyB3aWR0aD0iMSIgaGVpZ2h0PSIxIiB4bWxucz0iaHR0cDovL3d3dy53My5vcmcvMjAwMC9zdmciPjwvc3ZnPg==\" class=\"lazyload\" data-load-mode=\"1\"><\/iframe><\/p>\n<p><!--\n\n\n<h2>Program pre verejnos\u0165<\/h2>\n\n\n[table id=44 \/]\n<center><img decoding=\"async\" class=\"wp-image-1283 size-full aligncenter lazyload\" title=\"Lectorium Rosicrucianum - Centrum Praha\" data-src=\"https:\/\/www.rosicrucianum.org\/wp-content\/uploads\/2010\/01\/DSC02074.jpg\" alt=\"\" width=\"333\" height=\"2<\/center src=\"data:image\/svg+xml;base64,PHN2ZyB3aWR0aD0iMSIgaGVpZ2h0PSIxIiB4bWxucz0iaHR0cDovL3d3dy53My5vcmcvMjAwMC9zdmciPjwvc3ZnPg==\">\n--><\/p>\n","protected":false},"excerpt":{"rendered":"<p>Kontaktn\u00e9 \u00fadaje Mezin\u00e1rodn\u00ed \u0161kola Zlat\u00e9ho K\u0159\u00ed\u017ee s R\u016f\u017e\u00ed, Lectorium Rosicrucianum, z. s. Centrum Praha K\u0159esomyslova 599\/8 140 00 Praha 4 \u2013 Nusle e-mail: praha@rosicrucianum.org Kde n\u00e1s n\u00e1jdete<\/p>\n","protected":false},"author":2,"featured_media":0,"parent":48,"menu_order":10,"comment_status":"closed","ping_status":"closed","template":"","meta":{"episode_type":"","audio_file":"","podmotor_file_id":"","podmotor_episode_id":"","cover_image":"","cover_image_id":"","duration":"","filesize":"","filesize_raw":"","date_recorded":"","explicit":"","block":"","itunes_episode_number":"","itunes_title":"","itunes_season_number":"","itunes_episode_type":"","_mc_calendar":[],"footnotes":""},"class_list":["post-51","page","type-page","status-publish","hentry"],"translation":{"provider":"WPGlobus","version":"3.0.2","language":"sk","enabled_languages":["cz","sk"],"languages":{"cz":{"title":true,"content":true,"excerpt":false},"sk":{"title":true,"content":true,"excerpt":false}}},"_links":{"self":[{"href":"https:\/\/rosicrucianum.org\/sk\/wp-json\/wp\/v2\/pages\/51","targetHints":{"allow":["GET"]}}],"collection":[{"href":"https:\/\/rosicrucianum.org\/sk\/wp-json\/wp\/v2\/pages"}],"about":[{"href":"https:\/\/rosicrucianum.org\/sk\/wp-json\/wp\/v2\/types\/page"}],"author":[{"embeddable":true,"href":"https:\/\/rosicrucianum.org\/sk\/wp-json\/wp\/v2\/users\/2"}],"replies":[{"embeddable":true,"href":"https:\/\/rosicrucianum.org\/sk\/wp-json\/wp\/v2\/comments?post=51"}],"version-history":[{"count":0,"href":"https:\/\/rosicrucianum.org\/sk\/wp-json\/wp\/v2\/pages\/51\/revisions"}],"up":[{"embeddable":true,"href":"https:\/\/rosicrucianum.org\/sk\/wp-json\/wp\/v2\/pages\/48"}],"wp:attachment":[{"href":"https:\/\/rosicrucianum.org\/sk\/wp-json\/wp\/v2\/media?parent=51"}],"curies":[{"name":"wp","href":"https:\/\/api.w.org\/{rel}","templated":true}]}}