{"id":53,"date":"2010-01-19T03:09:49","date_gmt":"2010-01-19T02:09:49","guid":{"rendered":"http:\/\/www.rosicrucianum.cz\/?page_id=53"},"modified":"2023-11-19T20:24:12","modified_gmt":"2023-11-19T19:24:12","slug":"brno","status":"publish","type":"page","link":"https:\/\/rosicrucianum.org\/sk\/centra\/brno\/","title":{"rendered":"Brno"},"content":{"rendered":"<h2><img decoding=\"async\" width=\"300\" height=\"205\" title=\"Lectorium Rosicrucianum - Centrum Brno\" class=\"alignnone wp-image-1210 size-full lazyload\" alt=\"\" data-src=\"https:\/\/www.rosicrucianum.org\/wp-content\/uploads\/2010\/01\/centrum_brno17.png\" src=\"data:image\/svg+xml;base64,PHN2ZyB3aWR0aD0iMSIgaGVpZ2h0PSIxIiB4bWxucz0iaHR0cDovL3d3dy53My5vcmcvMjAwMC9zdmciPjwvc3ZnPg==\" style=\"--smush-placeholder-width: 300px; --smush-placeholder-aspect-ratio: 300\/205;\" \/> <img decoding=\"async\" width=\"300\" height=\"205\" title=\"Lectorium Rosicrucianum - Centrum Brno\" class=\"alignnone wp-image-1211 size-full lazyload\" alt=\"\" data-src=\"https:\/\/www.rosicrucianum.org\/wp-content\/uploads\/2010\/01\/centrum_brno27.png\" src=\"data:image\/svg+xml;base64,PHN2ZyB3aWR0aD0iMSIgaGVpZ2h0PSIxIiB4bWxucz0iaHR0cDovL3d3dy53My5vcmcvMjAwMC9zdmciPjwvc3ZnPg==\" style=\"--smush-placeholder-width: 300px; --smush-placeholder-aspect-ratio: 300\/205;\" \/><\/h2>\n<h2>Kontaktn\u00e9 \u00fadaje<\/h2>\n<p style=\"text-align: center;\">Mezin\u00e1rodn\u00ed \u0161kola Zlat\u00e9ho K\u0159\u00ed\u017ee s R\u016f\u017e\u00ed,<br \/>\nLectorium Rosicrucianum, z. s.<br \/>\nCentrum Brno<br \/>\nNov\u00e9 sady 676\/4<br \/>\n<br \/>\n602 00 Brno<br \/>\n<br \/>\ne-mail: <a href=\"mailto:brno@rosicrucianum.org\">brno@rosicrucianum.org<\/a><\/p>\n<h2>Kde n\u00e1s n\u00e1jdete<\/h2>\n<p>Na adrese centra sme na\u010falej, hoci po rekon\u0161trukcii vstupu domu tu u\u017e nie je ozna\u010denie n\u00e1\u0161ho spolku.<\/p>\n<p style=\"text-align: center;\"><iframe data-src=\"https:\/\/www.google.com\/maps\/embed?pb=!1m18!1m12!1m3!1d2607.6258178500525!2d16.604564615877994!3d49.18868658534675!2m3!1f0!2f0!3f0!3m2!1i1024!2i768!4f13.1!3m3!1m2!1s0x471295d4b9465f6f%3A0x91a39c27e660bb12!2zTWV6aW7DoXJvZG7DrSDFoWtvbGEgWmxhdMOpaG8gS8WZw63FvmUgcyBSxa_FvsOtIC0gTGVjdG9yaXVtIFJvc2ljcnVjaWFudW0!5e0!3m2!1scs!2sus!4v1670309926502!5m2!1scs!2sus\" width=\"600\" height=\"450\" style=\"border:0;\" allowfullscreen=\"\" referrerpolicy=\"no-referrer-when-downgrade\" src=\"data:image\/svg+xml;base64,PHN2ZyB3aWR0aD0iMSIgaGVpZ2h0PSIxIiB4bWxucz0iaHR0cDovL3d3dy53My5vcmcvMjAwMC9zdmciPjwvc3ZnPg==\" class=\"lazyload\" data-load-mode=\"1\"><\/iframe><\/p>\n<p><!--\n\n\n<h2>Program pre verejnos\u0165<\/h2>\n\n\n\n\n<p style=\"text-align: justify;\">[table id=43 \/]<\/p>\n\n\n--><\/p>\n","protected":false},"excerpt":{"rendered":"<p>Kontaktn\u00e9 \u00fadaje Mezin\u00e1rodn\u00ed \u0161kola Zlat\u00e9ho K\u0159\u00ed\u017ee s R\u016f\u017e\u00ed, Lectorium Rosicrucianum, z. s. Centrum Brno Nov\u00e9 sady 676\/4 602 00 Brno e-mail: brno@rosicrucianum.org Kde n\u00e1s n\u00e1jdete Na adrese centra sme na\u010falej, hoci po rekon\u0161trukcii vstupu domu tu u\u017e nie je ozna\u010denie n\u00e1\u0161ho spolku.<\/p>\n","protected":false},"author":2,"featured_media":0,"parent":48,"menu_order":20,"comment_status":"closed","ping_status":"closed","template":"","meta":{"episode_type":"","audio_file":"","podmotor_file_id":"","podmotor_episode_id":"","cover_image":"","cover_image_id":"","duration":"","filesize":"","filesize_raw":"","date_recorded":"","explicit":"","block":"","itunes_episode_number":"","itunes_title":"","itunes_season_number":"","itunes_episode_type":"","_mc_calendar":[],"footnotes":""},"class_list":["post-53","page","type-page","status-publish","hentry"],"translation":{"provider":"WPGlobus","version":"3.0.2","language":"sk","enabled_languages":["cz","sk"],"languages":{"cz":{"title":true,"content":true,"excerpt":false},"sk":{"title":true,"content":true,"excerpt":false}}},"_links":{"self":[{"href":"https:\/\/rosicrucianum.org\/sk\/wp-json\/wp\/v2\/pages\/53","targetHints":{"allow":["GET"]}}],"collection":[{"href":"https:\/\/rosicrucianum.org\/sk\/wp-json\/wp\/v2\/pages"}],"about":[{"href":"https:\/\/rosicrucianum.org\/sk\/wp-json\/wp\/v2\/types\/page"}],"author":[{"embeddable":true,"href":"https:\/\/rosicrucianum.org\/sk\/wp-json\/wp\/v2\/users\/2"}],"replies":[{"embeddable":true,"href":"https:\/\/rosicrucianum.org\/sk\/wp-json\/wp\/v2\/comments?post=53"}],"version-history":[{"count":0,"href":"https:\/\/rosicrucianum.org\/sk\/wp-json\/wp\/v2\/pages\/53\/revisions"}],"up":[{"embeddable":true,"href":"https:\/\/rosicrucianum.org\/sk\/wp-json\/wp\/v2\/pages\/48"}],"wp:attachment":[{"href":"https:\/\/rosicrucianum.org\/sk\/wp-json\/wp\/v2\/media?parent=53"}],"curies":[{"name":"wp","href":"https:\/\/api.w.org\/{rel}","templated":true}]}}