{"id":7393,"date":"2019-02-08T13:18:43","date_gmt":"2019-02-08T12:18:43","guid":{"rendered":"http:\/\/success.local\/?page_id=7393"},"modified":"2024-05-06T22:05:59","modified_gmt":"2024-05-06T20:05:59","slug":"nadchazejici-akce","status":"publish","type":"page","link":"https:\/\/rosicrucianum.org\/sk\/nadchazejici-akce\/","title":{"rendered":"Aktu\u00e1lne podujatia"},"content":{"rendered":"<div class='mc-event-list-container'><ul id='upcoming-events-ecc3f205f7c882e31f9da04b96822239' class='mc-event-list upcoming-events list-events'>\n<li class=\"mc-mc_upcoming_169 upcoming-event mc_bratislava mc_bratislava--hotel-premium  future-event mc_primary_bratislava nonrecurring mc-2-hours mc-start-19-00 ungrouped mc-event-149 mc-events mc_rel_bratislava\"><strong><a href='https:\/\/rosicrucianum.org\/sk\/akce\/kvantova-fyzika-na-hranici-poznania-existuju-dva-zivotne-poriadky\/' ><span class='mc-icon' aria-hidden='true'><\/span>Kvantov\u00e1 fyzika  na hranici poznania. Existuj\u00fa dva \u017eivotn\u00e9 poriadky?<\/a><\/strong><br>\r\n<span style='background-color: #097004; color: #ffffff'>\u00a0\u00a0<\/span>\u00a0\u00a0Bratislava, <strong>22.4.2026, 19:00<\/strong><br><br>\r\n<p>Kvantov\u00e1 fyzika, \u010dasto pova\u017eovan\u00e1 za jednu z najzlo\u017eitej\u0161\u00edch a naj\u00fa\u017easnej\u0161\u00edch vedn\u00fdch discipl\u00edn, priniesla revol\u00faciu v na\u0161om ch\u00e1pan\u00ed z\u00e1kladnej povahy reality. Ke\u010f sa v\u0161ak ponor\u00edme hlb\u0161ie do oblasti kvantovej fyziky, objavuj\u00fa sa zauj\u00edmav\u00e9 s\u00favislosti medzi touto zlo\u017eitou vednou discipl\u00ednou a tajomn\u00fdm fungovan\u00edm \u013eudskej mysle. Cie\u013eom tejto predn\u00e1\u0161ky je pon\u00faknu\u0165 poh\u013ead na tajomstv\u00e1 vedomia, vn\u00edmania a podstaty samotnej existencie.<br \/>\nVstup vo\u013en\u00fd<\/p>\n<p><img decoding=\"async\" data-src=\"https:\/\/rosicrucianum.org\/wp-content\/uploads\/2026\/04\/kvantova_fyzika.jpg\" alt=\"plakat\" src=\"data:image\/svg+xml;base64,PHN2ZyB3aWR0aD0iMSIgaGVpZ2h0PSIxIiB4bWxucz0iaHR0cDovL3d3dy53My5vcmcvMjAwMC9zdmciPjwvc3ZnPg==\" class=\"lazyload\" style=\"--smush-placeholder-width: 960px; --smush-placeholder-aspect-ratio: 960\/640;\" \/><\/p>\n<p><iframe width=\"337\" height=\"599\" data-src=\"https:\/\/www.youtube.com\/embed\/ReJt_PUy6pc\" title=\"#shorts Kvantov\u00e1 fyzika na hranici poznania. Existuj\u00fa dva \u017eivotn\u00e9 poriadky? \u2013 pozv\u00e1nka\" frameborder=\"0\" allow=\"accelerometer; autoplay; clipboard-write; encrypted-media; gyroscope; picture-in-picture; web-share\" allowfullscreen src=\"data:image\/svg+xml;base64,PHN2ZyB3aWR0aD0iMSIgaGVpZ2h0PSIxIiB4bWxucz0iaHR0cDovL3d3dy53My5vcmcvMjAwMC9zdmciPjwvc3ZnPg==\" class=\"lazyload\" data-load-mode=\"1\"><\/iframe><\/p>\n<hr><\/li>\n\n<li class=\"mc-mc_upcoming_144 upcoming-event mc_brno mc_brno--centrum-lectorium-rosicrucianum  future-event mc_primary_brno nonrecurring mc-1-hour mc-start-13-30 ungrouped mc-event-133 mc-events mc_rel_brno\"><strong><a href='https:\/\/rosicrucianum.org\/sk\/akce\/sebepoznani-a-vhled\/' ><span class='mc-icon' aria-hidden='true'><\/span>Sebepozn\u00e1n\u00ed a vhled<\/a><\/strong><br>\r\n<span style='background-color: #243f82; color: #ffffff'>\u00a0\u00a0<\/span>\u00a0\u00a0Brno, <strong>3.5.2026, 13:30<\/strong><br><br>\r\n<p><em>\u201eExistuje Bo\u017esk\u00e9 \u017eivotn\u00ed pole, kter\u00e9 obklopuje a prostupuje cel\u00fd vesm\u00edr svou vzne\u0161enou vibrac\u00ed. Existuje Univerz\u00e1ln\u00ed Pravda, kter\u00e1 le\u017e\u00ed hluboce poh\u0159bena v ka\u017ed\u00e9m lidsk\u00e9m srdci a kter\u00e1 se chce manifestovat v ka\u017ed\u00e9m \u010dlov\u011bku a skrze ka\u017ed\u00e9ho \u010dlov\u011bka.<br \/>\nPo miliony let hmotn\u00e9 lidstvo putovalo po Zemi. Po miliony let bylo padl\u00e9 lidstvo zam\u011bstn\u00e1no prolamov\u00e1n\u00edm nadiru materialismu, aby tak zm\u011bnilo sv\u016fj kurz involuce v evoluci, aby se kone\u010dn\u011b obnovila jeho cesta zp\u011bt do Otcova domu. Po miliony let se Bo\u017esk\u00e9 bytosti sna\u017eily poh\u00e1n\u011bt lidstvo, aby pln\u011b obnovilo sv\u00e9 du\u0161evn\u00ed v\u011bdom\u00ed, kter\u00e9 je v n\u011bm organicky p\u0159\u00edtomno, a aby ho pou\u017eilo pro jeho vzne\u0161en\u00fd \u00fa\u010del, a to dosa\u017een\u00ed transfigurace.\u201c<\/em><\/p>\n<p>Srde\u010dn\u011b zveme ve\u0159ejnost na kontemplativn\u00ed setk\u00e1n\u00ed v chr\u00e1mu s n\u00e1slednou mo\u017enost\u00ed rozhovoru.<br \/>\nJe dobr\u00e9 p\u0159ij\u00edt alespo\u0148 20 minut p\u0159ed zah\u00e1jen\u00edm.<\/p>\n<hr><\/li>\n\n<li class=\"mc-mc_upcoming_166 upcoming-event mc_ostrava mc_ostrava--sanylex-vzdlvn  future-event mc_primary_ostrava nonrecurring mc-2-hours mc-start-17-30 ungrouped mc-event-148 mc-events mc_rel_ostrava\"><strong><a href='https:\/\/rosicrucianum.org\/sk\/akce\/kvantova-fyzika-na-hranici-poznani-existuji-dva-zivotni-rady-2\/' ><span class='mc-icon' aria-hidden='true'><\/span>Kvantov\u00e1 fyzika na hranici pozn\u00e1n\u00ed. Existuj\u00ed dva \u017eivotn\u00ed \u0159\u00e1dy?<\/a><\/strong><br>\r\n<span style='background-color: #878787; color: #000000'>\u00a0\u00a0<\/span>\u00a0\u00a0Ostrava, <strong>6.5.2026, 17:30<\/strong><br><br>\r\n<p>Kvantov\u00e1 fyzika, \u010dasto pova\u017eovan\u00e1 za jedno z nejv\u00edce matouc\u00edch a nej\u00fa\u017easn\u011bj\u0161\u00edch odv\u011btv\u00ed v\u011bdy, zp\u016fsobila revoluci v na\u0161em ch\u00e1p\u00e1n\u00ed z\u00e1kladn\u00ed povahy reality. Kdy\u017e se v\u0161ak pono\u0159\u00edme hloub\u011bji do oblasti kvantov\u00e9 fyziky, objev\u00ed se zaj\u00edmav\u00e9 souvislosti mezi t\u00edmto slo\u017eit\u00fdm v\u011bdeck\u00fdm oborem a z\u00e1hadn\u00fdm fungov\u00e1n\u00edm lidsk\u00e9 mysli. Tato p\u0159edn\u00e1\u0161ka si klade za c\u00edl nab\u00eddnout vhled do tajemstv\u00ed v\u011bdom\u00ed, vn\u00edm\u00e1n\u00ed a podstaty existence samotn\u00e9.<br \/>\nVSTUP VOLN\u00dd<\/p>\n<hr><\/li>\n\n<li class=\"mc-mc_upcoming_178 upcoming-event mc_online  future-event mc_primary_online nonrecurring mc-1-hour mc-start-19-00 ungrouped mc-event-154 mc-events mc_rel_online\"><strong><a href='https:\/\/rosicrucianum.org\/sk\/akce\/jaka-je-sila-myslenky-a-mluveneho-slova-co-je-vedomi\/' ><span class='mc-icon' aria-hidden='true'><\/span>Jak\u00e1 je s\u00edla my\u0161lenky a mluven\u00e9ho slova? Co je v\u011bdom\u00ed?<\/a><\/strong><br>\r\n<span style='background-color: #dd9933; color: #000000'>\u00a0\u00a0<\/span>\u00a0\u00a0Online, <strong>12.5.2026, 19:00<\/strong><br><br>\r\n<p>- Ka\u017ed\u00e1 my\u0161lenka a zejm\u00e9na vy\u0159\u010den\u00e9 slovo je magickou v\u00fdzvou a b\u00fdv\u00e1 v\u017edy vysly\u0161ena, ale nikoli v tom smyslu, jak v\u011bt\u0161ina lid\u00ed o\u010dek\u00e1v\u00e1.<br \/>\nKdy\u017e intenzivn\u011b mysl\u00edte, chcete a tou\u017e\u00edte, pak doch\u00e1z\u00ed k tvo\u0159en\u00ed, k tv\u016fr\u010d\u00edmu \u201efiat\u201c. Kdy\u017e jsou p\u0159\u00e1n\u00ed sobeck\u00e1, p\u0159itahuj\u00ed sobeck\u00e9 s\u00edly a tyto primitivn\u00ed s\u00edly n\u00e1s pak vedou osobn\u00edm \u017eivotem.<br \/>\n- Je pozoruhodn\u00e9, \u017ee ka\u017ed\u00fd z n\u00e1s m\u00e1 jin\u00e9 v\u011bdom\u00ed, a proto vid\u00edme pravdu po sv\u00e9m. To znamen\u00e1, \u017ee my, jako lidsk\u00e9 bytosti, reagujeme odli\u0161n\u011b v podstat\u011b na stejnou ud\u00e1lost. A\u010dkoli je na\u0161e v\u011bdom\u00ed subjektivn\u00ed, je d\u016fle\u017eit\u00fdm n\u00e1strojem. Co je v\u011bdom\u00ed?<br \/>\nTe\u0161\u00edme se na spole\u010dn\u00fd inspirativn\u00ed rozhovor.<\/p>\n<p>Odkaz k p\u0159ipojen\u00ed:<br \/>\n<a href=\"https:\/\/teams.live.com\/meet\/9324542597973?p=2ehw2NgmGqU3MTtWsk\" target=\"_blank\">https:\/\/teams.live.com\/meet\/9324542597973?p=2ehw2NgmGqU3MTtWsk<\/a><\/p>\n<p><img decoding=\"async\" data-src=\"https:\/\/rosicrucianum.org\/wp-content\/uploads\/2026\/04\/jaka_je_sila_myslenky_a_mluveneho_slova_co_je_vedomi2026-05.jpg\" alt=\"plakat\" src=\"data:image\/svg+xml;base64,PHN2ZyB3aWR0aD0iMSIgaGVpZ2h0PSIxIiB4bWxucz0iaHR0cDovL3d3dy53My5vcmcvMjAwMC9zdmciPjwvc3ZnPg==\" class=\"lazyload\" style=\"--smush-placeholder-width: 720px; --smush-placeholder-aspect-ratio: 720\/960;\" \/><\/p>\n<hr><\/li>\n\n<li class=\"mc-mc_upcoming_150 upcoming-event mc_praha mc_praha--centrum-lectorium-rosicrucianum  future-event mc_primary_praha nonrecurring mc-2-hours mc-start-19-00 ungrouped mc-event-139 mc-events mc_rel_praha\"><strong><a href='https:\/\/rosicrucianum.org\/sk\/akce\/cas-srdce-a-ctvrta-dimenze-zivota\/' ><span class='mc-icon' aria-hidden='true'><\/span>\u010cas srdce a \u010dtvrt\u00e1 dimenze \u017eivota<\/a><\/strong><br>\r\n<span style='background-color: #8224e3; color: #ffffff'>\u00a0\u00a0<\/span>\u00a0\u00a0Praha, <strong>13.5.2026, 19:00<\/strong><br><br>\r\n<p>V\u00fdvoj intuice znamen\u00e1 probuzen\u00ed duchovn\u00ed du\u0161e v srdci \u010dlov\u011bka.<br \/>\nJak m\u016f\u017ee du\u0161e vyvinout absolutn\u011b nov\u00e9 z\u0159en\u00ed, kter\u00e9 je nezbytn\u00e9 k vn\u00edm\u00e1n\u00ed \u010dist\u00e9 sf\u00e9ry gnostick\u00e9ho magnetick\u00e9ho \u017eiv\u00e9ho t\u011bla?<br \/>\nToto nov\u00e9 intuitivn\u00ed vid\u011bn\u00ed lze p\u0159irovnat ke vstupu do toho, co naz\u00fdv\u00e1me \u010dtvrtou dimenz\u00ed - p\u016fvodn\u00edho pole \u017eivota \u010dlov\u011bka.<br \/>\nZveme V\u00e1s na na\u0161i p\u0159edn\u00e1\u0161ku, kde t\u00e9matiku \u00falohy lidsk\u00e9ho srdce a \u017eivotn\u00ed oblasti \u010dtvrt\u00e9 dimenze je\u0161t\u011b v\u00edce prohloub\u00edme.<br \/>\nVSTUP VOLN\u00dd<\/p>\n<p><img decoding=\"async\" data-src=\"https:\/\/rosicrucianum.org\/wp-content\/uploads\/2026\/04\/cas-srdce-a-ctvrta-dimenze-zivota-2026-05.jpg\" alt=\"plak\u00e1t\" src=\"data:image\/svg+xml;base64,PHN2ZyB3aWR0aD0iMSIgaGVpZ2h0PSIxIiB4bWxucz0iaHR0cDovL3d3dy53My5vcmcvMjAwMC9zdmciPjwvc3ZnPg==\" class=\"lazyload\" style=\"--smush-placeholder-width: 1080px; --smush-placeholder-aspect-ratio: 1080\/1440;\" \/><\/p>\n<hr><\/li>\n\n<li class=\"mc-mc_upcoming_140 upcoming-event mc_praha mc_praha--centrum-lectorium-rosicrucianum  future-event mc_primary_praha nonrecurring mc-1-hour mc-start-16-30 ungrouped mc-event-129 mc-events mc_rel_praha\"><strong><a href='https:\/\/rosicrucianum.org\/sk\/akce\/kontemplativni-setkani-v-chramu-5\/' ><span class='mc-icon' aria-hidden='true'><\/span>Kontemplativn\u00ed setk\u00e1n\u00ed v chr\u00e1mu<\/a><\/strong><br>\r\n<span style='background-color: #8224e3; color: #ffffff'>\u00a0\u00a0<\/span>\u00a0\u00a0Praha, <strong>16.5.2026, 16:30<\/strong><br><br>\r\n<p>Srde\u010dn\u011b zveme ve\u0159ejnost na kontemplativn\u00ed setk\u00e1n\u00ed v chr\u00e1mu s n\u00e1slednou mo\u017enost\u00ed rozhovoru.<br \/>\nJe dobr\u00e9 p\u0159ij\u00edt alespo\u0148 20 minut p\u0159ed zah\u00e1jen\u00edm.<\/p>\n<hr><\/li>\n\n<li class=\"mc-mc_upcoming_151 upcoming-event mc_praha mc_praha--centrum-lectorium-rosicrucianum  future-event mc_primary_praha nonrecurring mc-2-hours mc-start-19-00 ungrouped mc-event-140 mc-events mc_rel_praha\"><strong><a href='https:\/\/rosicrucianum.org\/sk\/akce\/kdo-jsou-rosekruciani\/' ><span class='mc-icon' aria-hidden='true'><\/span>Kdo jsou Rosekruci\u00e1ni<\/a><\/strong><br>\r\n<span style='background-color: #8224e3; color: #ffffff'>\u00a0\u00a0<\/span>\u00a0\u00a0Praha, <strong>3.6.2026, 19:00<\/strong><br><br>\r\n<p>Srde\u010dn\u011b zveme ve\u0159ejnost na p\u0159edn\u00e1\u0161ku.<\/p>\n<hr><\/li>\n\n<li class=\"mc-mc_upcoming_164 upcoming-event mc_brno mc_brno--centrum-lectorium-rosicrucianum  future-event mc_primary_brno nonrecurring mc-24-hours mc-start-00-00 ungrouped mc-event-134 mc-events mc_rel_brno\"><strong><a href='https:\/\/rosicrucianum.org\/sk\/akce\/den-otevrenych-dveri-s-prednaskou-posvatna-geometrie\/' ><span class='mc-icon' aria-hidden='true'><\/span>Den otev\u0159en\u00fdch dve\u0159\u00ed s p\u0159edn\u00e1\u0161kou: Posv\u00e1tn\u00e1 Geometrie<\/a><\/strong><br>\r\n<span style='background-color: #243f82; color: #ffffff'>\u00a0\u00a0<\/span>\u00a0\u00a0Brno, <strong>6.6.2026, <\/strong><br><br>\r\n<p>\u010cas a bli\u017e\u0161\u00ed program bude up\u0159esn\u011bn<\/p>\n<hr><\/li>\n\n<li class=\"mc-mc_upcoming_141 upcoming-event mc_praha mc_praha--centrum-lectorium-rosicrucianum  future-event mc_primary_praha nonrecurring mc-1-hour mc-start-16-30 ungrouped mc-event-130 mc-events mc_rel_praha\"><strong><a href='https:\/\/rosicrucianum.org\/sk\/akce\/chramova-sluzba-6\/' ><span class='mc-icon' aria-hidden='true'><\/span>Chr\u00e1mov\u00e1 slu\u017eba<\/a><\/strong><br>\r\n<span style='background-color: #8224e3; color: #ffffff'>\u00a0\u00a0<\/span>\u00a0\u00a0Praha, <strong>6.6.2026, 16:30<\/strong><br><br>\r\n<p>Srde\u010dn\u011b zveme ve\u0159ejnost na chr\u00e1movou slu\u017ebu s n\u00e1slednou mo\u017enost\u00ed rozhovoru.<br \/>\nJe dobr\u00e9 p\u0159ij\u00edt alespo\u0148 20 minut p\u0159ed zah\u00e1jen\u00edm.<\/p>\n<hr><\/li>\n\n<li class=\"mc-mc_upcoming_146 upcoming-event mc_brno mc_brno--centrum-lectorium-rosicrucianum  future-event mc_primary_brno nonrecurring mc-1-hour mc-start-13-30 ungrouped mc-event-135 mc-events mc_rel_brno\"><strong><a href='https:\/\/rosicrucianum.org\/sk\/akce\/jak-pochopit-pojmy-buh-kosmos-a-clovek-a-jejich-vzajemny-vyvoj-v-prubehu-casu-z-pohledu-hermetiky-viz-corpus-hermeticum\/' ><span class='mc-icon' aria-hidden='true'><\/span>Jak pochopit pojmy \"B\u016fh, kosmos a \u010dlov\u011bk\" a jejich vz\u00e1jemn\u00fd v\u00fdvoj v pr\u016fb\u011bhu \u010dasu z pohledu hermetiky - viz Corpus Hermeticum<\/a><\/strong><br>\r\n<span style='background-color: #243f82; color: #ffffff'>\u00a0\u00a0<\/span>\u00a0\u00a0Brno, <strong>7.6.2026, 13:30<\/strong><br><br>\r\n<p>Srde\u010dn\u011b zveme ve\u0159ejnost na kontemplativn\u00ed setk\u00e1n\u00ed v chr\u00e1mu s n\u00e1slednou mo\u017enost\u00ed rozhovoru.<br \/>\nJe dobr\u00e9 p\u0159ij\u00edt alespo\u0148 20 minut p\u0159ed zah\u00e1jen\u00edm.<\/p>\n<hr><\/li>\n<\/ul><\/div>\n","protected":false},"excerpt":{"rendered":"","protected":false},"author":2,"featured_media":0,"parent":0,"menu_order":0,"comment_status":"closed","ping_status":"closed","template":"","meta":{"episode_type":"","audio_file":"","podmotor_file_id":"","podmotor_episode_id":"","cover_image":"","cover_image_id":"","duration":"","filesize":"","filesize_raw":"","date_recorded":"","explicit":"","block":"","itunes_episode_number":"","itunes_title":"","itunes_season_number":"","itunes_episode_type":"","_mc_calendar":[],"footnotes":""},"class_list":["post-7393","page","type-page","status-publish","hentry"],"translation":{"provider":"WPGlobus","version":"3.0.2","language":"sk","enabled_languages":["cz","sk"],"languages":{"cz":{"title":true,"content":true,"excerpt":false},"sk":{"title":true,"content":true,"excerpt":false}}},"_links":{"self":[{"href":"https:\/\/rosicrucianum.org\/sk\/wp-json\/wp\/v2\/pages\/7393","targetHints":{"allow":["GET"]}}],"collection":[{"href":"https:\/\/rosicrucianum.org\/sk\/wp-json\/wp\/v2\/pages"}],"about":[{"href":"https:\/\/rosicrucianum.org\/sk\/wp-json\/wp\/v2\/types\/page"}],"author":[{"embeddable":true,"href":"https:\/\/rosicrucianum.org\/sk\/wp-json\/wp\/v2\/users\/2"}],"replies":[{"embeddable":true,"href":"https:\/\/rosicrucianum.org\/sk\/wp-json\/wp\/v2\/comments?post=7393"}],"version-history":[{"count":0,"href":"https:\/\/rosicrucianum.org\/sk\/wp-json\/wp\/v2\/pages\/7393\/revisions"}],"wp:attachment":[{"href":"https:\/\/rosicrucianum.org\/sk\/wp-json\/wp\/v2\/media?parent=7393"}],"curies":[{"name":"wp","href":"https:\/\/api.w.org\/{rel}","templated":true}]}}