{"id":7418,"date":"2019-02-08T14:20:38","date_gmt":"2019-02-08T13:20:38","guid":{"rendered":"http:\/\/success.local\/?page_id=7418"},"modified":"2024-05-06T21:52:51","modified_gmt":"2024-05-06T19:52:51","slug":"akce-v-praze","status":"publish","type":"page","link":"https:\/\/rosicrucianum.org\/sk\/akce-v-praze\/","title":{"rendered":"Podujatia v Prahe"},"content":{"rendered":"<div class='mc-event-list-container'><ul id='upcoming-events-67ef4124ca1a56753b8bcec7746217af' class='mc-event-list upcoming-events list-events'>\n<li class=\"mc-mc_upcoming_150 upcoming-event mc_praha mc_praha--centrum-lectorium-rosicrucianum  future-event mc_primary_praha nonrecurring mc-2-hours mc-start-19-00 ungrouped mc-event-139 mc-events mc_rel_praha\"><strong><a href='https:\/\/rosicrucianum.org\/sk\/akce\/cas-srdce-a-ctvrta-dimenze-zivota\/' ><span class='mc-icon' aria-hidden='true'><\/span>\u010cas srdce a \u010dtvrt\u00e1 dimenze \u017eivota<\/a><\/strong><br>\r\n<span style='background-color: #8224e3; color: #ffffff'>\u00a0\u00a0<\/span>\u00a0\u00a0Praha, <strong>13.5.2026, 19:00<\/strong><br><br>\r\n<p>V\u00fdvoj intuice znamen\u00e1 probuzen\u00ed duchovn\u00ed du\u0161e v srdci \u010dlov\u011bka.<br \/>\nJak m\u016f\u017ee du\u0161e vyvinout absolutn\u011b nov\u00e9 z\u0159en\u00ed, kter\u00e9 je nezbytn\u00e9 k vn\u00edm\u00e1n\u00ed \u010dist\u00e9 sf\u00e9ry gnostick\u00e9ho magnetick\u00e9ho \u017eiv\u00e9ho t\u011bla?<br \/>\nToto nov\u00e9 intuitivn\u00ed vid\u011bn\u00ed lze p\u0159irovnat ke vstupu do toho, co naz\u00fdv\u00e1me \u010dtvrtou dimenz\u00ed - p\u016fvodn\u00edho pole \u017eivota \u010dlov\u011bka.<br \/>\nZveme V\u00e1s na na\u0161i p\u0159edn\u00e1\u0161ku, kde t\u00e9matiku \u00falohy lidsk\u00e9ho srdce a \u017eivotn\u00ed oblasti \u010dtvrt\u00e9 dimenze je\u0161t\u011b v\u00edce prohloub\u00edme.<br \/>\nVSTUP VOLN\u00dd<\/p>\n<p><img decoding=\"async\" data-src=\"https:\/\/rosicrucianum.org\/wp-content\/uploads\/2026\/04\/cas-srdce-a-ctvrta-dimenze-zivota-2026-05.jpg\" alt=\"plak\u00e1t\" src=\"data:image\/svg+xml;base64,PHN2ZyB3aWR0aD0iMSIgaGVpZ2h0PSIxIiB4bWxucz0iaHR0cDovL3d3dy53My5vcmcvMjAwMC9zdmciPjwvc3ZnPg==\" class=\"lazyload\" style=\"--smush-placeholder-width: 1080px; --smush-placeholder-aspect-ratio: 1080\/1440;\" \/><\/p>\n<hr><\/li>\n\n<li class=\"mc-mc_upcoming_140 upcoming-event mc_praha mc_praha--centrum-lectorium-rosicrucianum  future-event mc_primary_praha nonrecurring mc-1-hour mc-start-16-30 ungrouped mc-event-129 mc-events mc_rel_praha\"><strong><a href='https:\/\/rosicrucianum.org\/sk\/akce\/kontemplativni-setkani-v-chramu-5\/' ><span class='mc-icon' aria-hidden='true'><\/span>Kontemplativn\u00ed setk\u00e1n\u00ed v chr\u00e1mu<\/a><\/strong><br>\r\n<span style='background-color: #8224e3; color: #ffffff'>\u00a0\u00a0<\/span>\u00a0\u00a0Praha, <strong>16.5.2026, 16:30<\/strong><br><br>\r\n<p>Srde\u010dn\u011b zveme ve\u0159ejnost na kontemplativn\u00ed setk\u00e1n\u00ed v chr\u00e1mu s n\u00e1slednou mo\u017enost\u00ed rozhovoru.<br \/>\nJe dobr\u00e9 p\u0159ij\u00edt alespo\u0148 20 minut p\u0159ed zah\u00e1jen\u00edm.<\/p>\n<hr><\/li>\n\n<li class=\"mc-mc_upcoming_151 upcoming-event mc_praha mc_praha--centrum-lectorium-rosicrucianum  future-event mc_primary_praha nonrecurring mc-2-hours mc-start-19-00 ungrouped mc-event-140 mc-events mc_rel_praha\"><strong><a href='https:\/\/rosicrucianum.org\/sk\/akce\/kdo-jsou-rosekruciani\/' ><span class='mc-icon' aria-hidden='true'><\/span>Kdo jsou Rosekruci\u00e1ni<\/a><\/strong><br>\r\n<span style='background-color: #8224e3; color: #ffffff'>\u00a0\u00a0<\/span>\u00a0\u00a0Praha, <strong>3.6.2026, 19:00<\/strong><br><br>\r\n<p>Srde\u010dn\u011b zveme ve\u0159ejnost na p\u0159edn\u00e1\u0161ku.<\/p>\n<hr><\/li>\n\n<li class=\"mc-mc_upcoming_141 upcoming-event mc_praha mc_praha--centrum-lectorium-rosicrucianum  future-event mc_primary_praha nonrecurring mc-1-hour mc-start-16-30 ungrouped mc-event-130 mc-events mc_rel_praha\"><strong><a href='https:\/\/rosicrucianum.org\/sk\/akce\/chramova-sluzba-6\/' ><span class='mc-icon' aria-hidden='true'><\/span>Chr\u00e1mov\u00e1 slu\u017eba<\/a><\/strong><br>\r\n<span style='background-color: #8224e3; color: #ffffff'>\u00a0\u00a0<\/span>\u00a0\u00a0Praha, <strong>6.6.2026, 16:30<\/strong><br><br>\r\n<p>Srde\u010dn\u011b zveme ve\u0159ejnost na chr\u00e1movou slu\u017ebu s n\u00e1slednou mo\u017enost\u00ed rozhovoru.<br \/>\nJe dobr\u00e9 p\u0159ij\u00edt alespo\u0148 20 minut p\u0159ed zah\u00e1jen\u00edm.<\/p>\n<hr><\/li>\n<\/ul><\/div>\n","protected":false},"excerpt":{"rendered":"","protected":false},"author":2,"featured_media":0,"parent":0,"menu_order":0,"comment_status":"closed","ping_status":"closed","template":"","meta":{"episode_type":"","audio_file":"","podmotor_file_id":"","podmotor_episode_id":"","cover_image":"","cover_image_id":"","duration":"","filesize":"","filesize_raw":"","date_recorded":"","explicit":"","block":"","itunes_episode_number":"","itunes_title":"","itunes_season_number":"","itunes_episode_type":"","_mc_calendar":[],"footnotes":""},"class_list":["post-7418","page","type-page","status-publish","hentry"],"translation":{"provider":"WPGlobus","version":"3.0.2","language":"sk","enabled_languages":["cz","sk"],"languages":{"cz":{"title":true,"content":true,"excerpt":false},"sk":{"title":true,"content":true,"excerpt":false}}},"_links":{"self":[{"href":"https:\/\/rosicrucianum.org\/sk\/wp-json\/wp\/v2\/pages\/7418","targetHints":{"allow":["GET"]}}],"collection":[{"href":"https:\/\/rosicrucianum.org\/sk\/wp-json\/wp\/v2\/pages"}],"about":[{"href":"https:\/\/rosicrucianum.org\/sk\/wp-json\/wp\/v2\/types\/page"}],"author":[{"embeddable":true,"href":"https:\/\/rosicrucianum.org\/sk\/wp-json\/wp\/v2\/users\/2"}],"replies":[{"embeddable":true,"href":"https:\/\/rosicrucianum.org\/sk\/wp-json\/wp\/v2\/comments?post=7418"}],"version-history":[{"count":0,"href":"https:\/\/rosicrucianum.org\/sk\/wp-json\/wp\/v2\/pages\/7418\/revisions"}],"wp:attachment":[{"href":"https:\/\/rosicrucianum.org\/sk\/wp-json\/wp\/v2\/media?parent=7418"}],"curies":[{"name":"wp","href":"https:\/\/api.w.org\/{rel}","templated":true}]}}