{"id":7456,"date":"2019-02-10T09:23:18","date_gmt":"2019-02-10T08:23:18","guid":{"rendered":"http:\/\/success.local\/?page_id=7456"},"modified":"2024-05-06T21:52:25","modified_gmt":"2024-05-06T19:52:25","slug":"akce-v-brne","status":"publish","type":"page","link":"https:\/\/rosicrucianum.org\/sk\/akce-v-brne\/","title":{"rendered":"Podujatia v Brne"},"content":{"rendered":"<div class='mc-event-list-container'><ul id='upcoming-events-729ac04528b9c0ac0e7989521e02469e' class='mc-event-list upcoming-events list-events'>\n<li class=\"mc-mc_upcoming_144 upcoming-event mc_brno mc_brno--centrum-lectorium-rosicrucianum  future-event mc_primary_brno nonrecurring mc-1-hour mc-start-13-30 ungrouped mc-event-133 mc-events mc_rel_brno\"><strong><a href='https:\/\/rosicrucianum.org\/sk\/akce\/sebepoznani-a-vhled\/' ><span class='mc-icon' aria-hidden='true'><\/span>Sebepozn\u00e1n\u00ed a vhled<\/a><\/strong><br>\r\n<span style='background-color: #243f82; color: #ffffff'>\u00a0\u00a0<\/span>\u00a0\u00a0Brno, <strong>3.5.2026, 13:30<\/strong><br><br>\r\n<p><em>\u201eExistuje Bo\u017esk\u00e9 \u017eivotn\u00ed pole, kter\u00e9 obklopuje a prostupuje cel\u00fd vesm\u00edr svou vzne\u0161enou vibrac\u00ed. Existuje Univerz\u00e1ln\u00ed Pravda, kter\u00e1 le\u017e\u00ed hluboce poh\u0159bena v ka\u017ed\u00e9m lidsk\u00e9m srdci a kter\u00e1 se chce manifestovat v ka\u017ed\u00e9m \u010dlov\u011bku a skrze ka\u017ed\u00e9ho \u010dlov\u011bka.<br \/>\nPo miliony let hmotn\u00e9 lidstvo putovalo po Zemi. Po miliony let bylo padl\u00e9 lidstvo zam\u011bstn\u00e1no prolamov\u00e1n\u00edm nadiru materialismu, aby tak zm\u011bnilo sv\u016fj kurz involuce v evoluci, aby se kone\u010dn\u011b obnovila jeho cesta zp\u011bt do Otcova domu. Po miliony let se Bo\u017esk\u00e9 bytosti sna\u017eily poh\u00e1n\u011bt lidstvo, aby pln\u011b obnovilo sv\u00e9 du\u0161evn\u00ed v\u011bdom\u00ed, kter\u00e9 je v n\u011bm organicky p\u0159\u00edtomno, a aby ho pou\u017eilo pro jeho vzne\u0161en\u00fd \u00fa\u010del, a to dosa\u017een\u00ed transfigurace.\u201c<\/em><\/p>\n<p>Srde\u010dn\u011b zveme ve\u0159ejnost na kontemplativn\u00ed setk\u00e1n\u00ed v chr\u00e1mu s n\u00e1slednou mo\u017enost\u00ed rozhovoru.<br \/>\nJe dobr\u00e9 p\u0159ij\u00edt alespo\u0148 20 minut p\u0159ed zah\u00e1jen\u00edm.<\/p>\n<hr><\/li>\n\n<li class=\"mc-mc_upcoming_164 upcoming-event mc_brno mc_brno--centrum-lectorium-rosicrucianum  future-event mc_primary_brno nonrecurring mc-24-hours mc-start-00-00 ungrouped mc-event-134 mc-events mc_rel_brno\"><strong><a href='https:\/\/rosicrucianum.org\/sk\/akce\/den-otevrenych-dveri-s-prednaskou-posvatna-geometrie\/' ><span class='mc-icon' aria-hidden='true'><\/span>Den otev\u0159en\u00fdch dve\u0159\u00ed s p\u0159edn\u00e1\u0161kou: Posv\u00e1tn\u00e1 Geometrie<\/a><\/strong><br>\r\n<span style='background-color: #243f82; color: #ffffff'>\u00a0\u00a0<\/span>\u00a0\u00a0Brno, <strong>6.6.2026, <\/strong><br><br>\r\n<p>\u010cas a bli\u017e\u0161\u00ed program bude up\u0159esn\u011bn<\/p>\n<hr><\/li>\n\n<li class=\"mc-mc_upcoming_146 upcoming-event mc_brno mc_brno--centrum-lectorium-rosicrucianum  future-event mc_primary_brno nonrecurring mc-1-hour mc-start-13-30 ungrouped mc-event-135 mc-events mc_rel_brno\"><strong><a href='https:\/\/rosicrucianum.org\/sk\/akce\/jak-pochopit-pojmy-buh-kosmos-a-clovek-a-jejich-vzajemny-vyvoj-v-prubehu-casu-z-pohledu-hermetiky-viz-corpus-hermeticum\/' ><span class='mc-icon' aria-hidden='true'><\/span>Jak pochopit pojmy \"B\u016fh, kosmos a \u010dlov\u011bk\" a jejich vz\u00e1jemn\u00fd v\u00fdvoj v pr\u016fb\u011bhu \u010dasu z pohledu hermetiky - viz Corpus Hermeticum<\/a><\/strong><br>\r\n<span style='background-color: #243f82; color: #ffffff'>\u00a0\u00a0<\/span>\u00a0\u00a0Brno, <strong>7.6.2026, 13:30<\/strong><br><br>\r\n<p>Srde\u010dn\u011b zveme ve\u0159ejnost na kontemplativn\u00ed setk\u00e1n\u00ed v chr\u00e1mu s n\u00e1slednou mo\u017enost\u00ed rozhovoru.<br \/>\nJe dobr\u00e9 p\u0159ij\u00edt alespo\u0148 20 minut p\u0159ed zah\u00e1jen\u00edm.<\/p>\n<hr><\/li>\n<\/ul><\/div>\n","protected":false},"excerpt":{"rendered":"","protected":false},"author":2,"featured_media":0,"parent":0,"menu_order":0,"comment_status":"closed","ping_status":"closed","template":"","meta":{"episode_type":"","audio_file":"","podmotor_file_id":"","podmotor_episode_id":"","cover_image":"","cover_image_id":"","duration":"","filesize":"","filesize_raw":"","date_recorded":"","explicit":"","block":"","itunes_episode_number":"","itunes_title":"","itunes_season_number":"","itunes_episode_type":"","_mc_calendar":[],"footnotes":""},"class_list":["post-7456","page","type-page","status-publish","hentry"],"translation":{"provider":"WPGlobus","version":"3.0.2","language":"sk","enabled_languages":["cz","sk"],"languages":{"cz":{"title":true,"content":true,"excerpt":false},"sk":{"title":true,"content":true,"excerpt":false}}},"_links":{"self":[{"href":"https:\/\/rosicrucianum.org\/sk\/wp-json\/wp\/v2\/pages\/7456","targetHints":{"allow":["GET"]}}],"collection":[{"href":"https:\/\/rosicrucianum.org\/sk\/wp-json\/wp\/v2\/pages"}],"about":[{"href":"https:\/\/rosicrucianum.org\/sk\/wp-json\/wp\/v2\/types\/page"}],"author":[{"embeddable":true,"href":"https:\/\/rosicrucianum.org\/sk\/wp-json\/wp\/v2\/users\/2"}],"replies":[{"embeddable":true,"href":"https:\/\/rosicrucianum.org\/sk\/wp-json\/wp\/v2\/comments?post=7456"}],"version-history":[{"count":0,"href":"https:\/\/rosicrucianum.org\/sk\/wp-json\/wp\/v2\/pages\/7456\/revisions"}],"wp:attachment":[{"href":"https:\/\/rosicrucianum.org\/sk\/wp-json\/wp\/v2\/media?parent=7456"}],"curies":[{"name":"wp","href":"https:\/\/api.w.org\/{rel}","templated":true}]}}