{"id":7496,"date":"2019-02-11T12:40:41","date_gmt":"2019-02-11T11:40:41","guid":{"rendered":"http:\/\/success.local\/?page_id=7496"},"modified":"2025-03-12T18:07:18","modified_gmt":"2025-03-12T17:07:18","slug":"bratislava","status":"publish","type":"page","link":"https:\/\/rosicrucianum.org\/sk\/centra\/bratislava\/","title":{"rendered":"Bratislava"},"content":{"rendered":"<h2>Kontaktn\u00e9 \u00fadaje<\/h2>\n<p style=\"text-align: center;\">Medzin\u00e1rodn\u00e1 \u0161kola Zlat\u00e9ho Kr\u00ed\u017ea s Ru\u017eou,<br \/>\nLectorium Rosicrucianum<br \/>\ne-mail: <a href=\"mailto:bratislava@rosicrucianum.org\">bratislava@rosicrucianum.org<\/a><\/p>\n<p><!--\n\n\n<h2>Program pre verejnos\u0165<\/h2>\n\n\n\n\n<p style=\"text-align: justify;\">[table id=45 \/]<\/p>\n\n\n--><\/p>\n","protected":false},"excerpt":{"rendered":"<p>Kontaktn\u00e9 \u00fadaje Medzin\u00e1rodn\u00e1 \u0161kola Zlat\u00e9ho Kr\u00ed\u017ea s Ru\u017eou, Lectorium Rosicrucianum e-mail: bratislava@rosicrucianum.org<\/p>\n","protected":false},"author":1,"featured_media":0,"parent":48,"menu_order":0,"comment_status":"closed","ping_status":"closed","template":"","meta":{"episode_type":"","audio_file":"","podmotor_file_id":"","podmotor_episode_id":"","cover_image":"","cover_image_id":"","duration":"","filesize":"","filesize_raw":"","date_recorded":"","explicit":"","block":"","itunes_episode_number":"","itunes_title":"","itunes_season_number":"","itunes_episode_type":"","_mc_calendar":[],"footnotes":""},"class_list":["post-7496","page","type-page","status-publish","hentry"],"translation":{"provider":"WPGlobus","version":"3.0.2","language":"sk","enabled_languages":["cz","sk"],"languages":{"cz":{"title":true,"content":true,"excerpt":false},"sk":{"title":true,"content":true,"excerpt":false}}},"_links":{"self":[{"href":"https:\/\/rosicrucianum.org\/sk\/wp-json\/wp\/v2\/pages\/7496","targetHints":{"allow":["GET"]}}],"collection":[{"href":"https:\/\/rosicrucianum.org\/sk\/wp-json\/wp\/v2\/pages"}],"about":[{"href":"https:\/\/rosicrucianum.org\/sk\/wp-json\/wp\/v2\/types\/page"}],"author":[{"embeddable":true,"href":"https:\/\/rosicrucianum.org\/sk\/wp-json\/wp\/v2\/users\/1"}],"replies":[{"embeddable":true,"href":"https:\/\/rosicrucianum.org\/sk\/wp-json\/wp\/v2\/comments?post=7496"}],"version-history":[{"count":0,"href":"https:\/\/rosicrucianum.org\/sk\/wp-json\/wp\/v2\/pages\/7496\/revisions"}],"up":[{"embeddable":true,"href":"https:\/\/rosicrucianum.org\/sk\/wp-json\/wp\/v2\/pages\/48"}],"wp:attachment":[{"href":"https:\/\/rosicrucianum.org\/sk\/wp-json\/wp\/v2\/media?parent=7496"}],"curies":[{"name":"wp","href":"https:\/\/api.w.org\/{rel}","templated":true}]}}