{"id":7530,"date":"2019-02-12T08:14:51","date_gmt":"2019-02-12T07:14:51","guid":{"rendered":"http:\/\/success.local\/?page_id=7530"},"modified":"2024-05-06T21:53:09","modified_gmt":"2024-05-06T19:53:09","slug":"akce-v-bratislave","status":"publish","type":"page","link":"https:\/\/rosicrucianum.org\/sk\/akce-v-bratislave\/","title":{"rendered":"Podujatia v Bratislave"},"content":{"rendered":"<div class='mc-event-list-container'><ul id='upcoming-events-1e8fb57634dcda6b12a5112b72a2e08c' class='mc-event-list upcoming-events list-events'>\n<li class=\"mc-mc_upcoming_169 upcoming-event mc_bratislava mc_bratislava--hotel-premium  future-event mc_primary_bratislava nonrecurring mc-2-hours mc-start-19-00 ungrouped mc-event-149 mc-events mc_rel_bratislava\"><strong><a href='https:\/\/rosicrucianum.org\/sk\/akce\/kvantova-fyzika-na-hranici-poznania-existuju-dva-zivotne-poriadky\/' ><span class='mc-icon' aria-hidden='true'><\/span>Kvantov\u00e1 fyzika  na hranici poznania. Existuj\u00fa dva \u017eivotn\u00e9 poriadky?<\/a><\/strong><br>\r\n<span style='background-color: #097004; color: #ffffff'>\u00a0\u00a0<\/span>\u00a0\u00a0Bratislava, <strong>22.4.2026, 19:00<\/strong><br><br>\r\n<p>Kvantov\u00e1 fyzika, \u010dasto pova\u017eovan\u00e1 za jednu z najzlo\u017eitej\u0161\u00edch a naj\u00fa\u017easnej\u0161\u00edch vedn\u00fdch discipl\u00edn, priniesla revol\u00faciu v na\u0161om ch\u00e1pan\u00ed z\u00e1kladnej povahy reality. Ke\u010f sa v\u0161ak ponor\u00edme hlb\u0161ie do oblasti kvantovej fyziky, objavuj\u00fa sa zauj\u00edmav\u00e9 s\u00favislosti medzi touto zlo\u017eitou vednou discipl\u00ednou a tajomn\u00fdm fungovan\u00edm \u013eudskej mysle. Cie\u013eom tejto predn\u00e1\u0161ky je pon\u00faknu\u0165 poh\u013ead na tajomstv\u00e1 vedomia, vn\u00edmania a podstaty samotnej existencie.<br \/>\nVstup vo\u013en\u00fd<\/p>\n<p><img decoding=\"async\" data-src=\"https:\/\/rosicrucianum.org\/wp-content\/uploads\/2026\/04\/kvantova_fyzika.jpg\" alt=\"plakat\" src=\"data:image\/svg+xml;base64,PHN2ZyB3aWR0aD0iMSIgaGVpZ2h0PSIxIiB4bWxucz0iaHR0cDovL3d3dy53My5vcmcvMjAwMC9zdmciPjwvc3ZnPg==\" class=\"lazyload\" style=\"--smush-placeholder-width: 960px; --smush-placeholder-aspect-ratio: 960\/640;\" \/><\/p>\n<p><iframe width=\"337\" height=\"599\" data-src=\"https:\/\/www.youtube.com\/embed\/ReJt_PUy6pc\" title=\"#shorts Kvantov\u00e1 fyzika na hranici poznania. Existuj\u00fa dva \u017eivotn\u00e9 poriadky? \u2013 pozv\u00e1nka\" frameborder=\"0\" allow=\"accelerometer; autoplay; clipboard-write; encrypted-media; gyroscope; picture-in-picture; web-share\" allowfullscreen src=\"data:image\/svg+xml;base64,PHN2ZyB3aWR0aD0iMSIgaGVpZ2h0PSIxIiB4bWxucz0iaHR0cDovL3d3dy53My5vcmcvMjAwMC9zdmciPjwvc3ZnPg==\" class=\"lazyload\" data-load-mode=\"1\"><\/iframe><\/p>\n<hr><\/li>\n<\/ul><\/div>\n","protected":false},"excerpt":{"rendered":"","protected":false},"author":1,"featured_media":0,"parent":0,"menu_order":0,"comment_status":"closed","ping_status":"closed","template":"","meta":{"episode_type":"","audio_file":"","podmotor_file_id":"","podmotor_episode_id":"","cover_image":"","cover_image_id":"","duration":"","filesize":"","filesize_raw":"","date_recorded":"","explicit":"","block":"","itunes_episode_number":"","itunes_title":"","itunes_season_number":"","itunes_episode_type":"","_mc_calendar":[],"footnotes":""},"class_list":["post-7530","page","type-page","status-publish","hentry"],"translation":{"provider":"WPGlobus","version":"3.0.2","language":"sk","enabled_languages":["cz","sk"],"languages":{"cz":{"title":true,"content":true,"excerpt":false},"sk":{"title":true,"content":true,"excerpt":false}}},"_links":{"self":[{"href":"https:\/\/rosicrucianum.org\/sk\/wp-json\/wp\/v2\/pages\/7530","targetHints":{"allow":["GET"]}}],"collection":[{"href":"https:\/\/rosicrucianum.org\/sk\/wp-json\/wp\/v2\/pages"}],"about":[{"href":"https:\/\/rosicrucianum.org\/sk\/wp-json\/wp\/v2\/types\/page"}],"author":[{"embeddable":true,"href":"https:\/\/rosicrucianum.org\/sk\/wp-json\/wp\/v2\/users\/1"}],"replies":[{"embeddable":true,"href":"https:\/\/rosicrucianum.org\/sk\/wp-json\/wp\/v2\/comments?post=7530"}],"version-history":[{"count":0,"href":"https:\/\/rosicrucianum.org\/sk\/wp-json\/wp\/v2\/pages\/7530\/revisions"}],"wp:attachment":[{"href":"https:\/\/rosicrucianum.org\/sk\/wp-json\/wp\/v2\/media?parent=7530"}],"curies":[{"name":"wp","href":"https:\/\/api.w.org\/{rel}","templated":true}]}}