{"id":7673,"date":"2019-02-13T10:08:05","date_gmt":"2019-02-13T09:08:05","guid":{"rendered":"http:\/\/success.local\/?page_id=7673"},"modified":"2026-02-15T17:44:37","modified_gmt":"2026-02-15T16:44:37","slug":"uvodni-kurz","status":"publish","type":"page","link":"https:\/\/rosicrucianum.org\/sk\/uvodni-kurz\/","title":{"rendered":"\u00davodn\u00fd kurz"},"content":{"rendered":"<style>\nul#join_online_button {\n  list-style-type: none;\n  text-align: center;\n  margin: 0;\n  padding: 0;\n}\nli a.join_online_button_item {\n  padding: 6px 14px;\n  margin-right: 10px;\n  border-radius: 3px;\n  float: left;\n  color: black;\n}\na.join_online_button_item {\n  display: block;\n  text-decoration: none;\n  background-color: #FFC107;\n  \/* border-style: solid;\n  border-color: lightgray;\n  border-width: 1px; *\/\n}\na.join_online_button_item:hover {\n  text-decoration: none;\n  background-color: tomato;\n  color: black;\n  border-color: white;\n}\n<\/style>\n<h2>\u00davod do univerz\u00e1lneho u\u010denia<\/h2>\n<p><!--\n\n<p><iframe width=\"560\" height=\"315\" data-src=\"https:\/\/www.youtube.com\/embed\/T43gKiLaiJQ\" frameborder=\"0\" allow=\"accelerometer; autoplay; encrypted-media; gyroscope; picture-in-picture\" allowfullscreen src=\"data:image\/svg+xml;base64,PHN2ZyB3aWR0aD0iMSIgaGVpZ2h0PSIxIiB4bWxucz0iaHR0cDovL3d3dy53My5vcmcvMjAwMC9zdmciPjwvc3ZnPg==\" class=\"lazyload\" data-load-mode=\"1\"><\/iframe><\/p>\n\n\n\n\n<p style=\"text-align: justify;\">Registr\u00e1cia do online kurzu 20. 1. \u2013 7. 4. 2026: <a href=\"https:\/\/rosicrucianum.org\/sk\/kurz\/\">https:\/\/rosicrucianum.org\/sk\/kurz\/<\/a><\/p>\n\n--><\/p>\n<p><em>Vieme naozaj, kto sme?<br \/>\nPozn\u00e1me svoju prav\u00fa podstatu?<br \/>\nVieme, odkia\u013e prich\u00e1dzame?<br \/>\nPre\u010do sme na Zemi?<br \/>\n\u010co sa s nami stane po tomto \u017eivote na Zemi?<br \/>\nKde sa vzal tento svet?<br \/>\nZ akej sily vznikol?<br \/>\nAk\u00e1 sila ho udr\u017euje pri \u017eivote a ako dlho?<\/em><\/p>\n<p style=\"text-align: justify;\">Pozn\u00e1me, \u010di h\u013ead\u00e1me odpovede na tieto \u017eivotn\u00e9 ot\u00e1zky?<br \/>\nOz\u00fdvaj\u00fa sa v h\u013abke srdca dotyky \u010dohosi ve\u010dn\u00e9ho, nepominute\u013en\u00e9ho v n\u00e1s samotn\u00fdch?<!--<br \/>\nNad t\u00fdmito a in\u00fdmi t\u00e9mami sa s Vami radi stretneme na na\u0161om online kurzu usporiadanom ka\u017ed\u00fa stredu od 19:00.--><\/p>\n<p><p style=\"text-align: justify;\"><img decoding=\"async\" data-src=\"https:\/\/www.rosicrucianum.org\/wp-content\/uploads\/2011\/06\/IMG_1053.jpg\" alt=\"Je n\u00e1\u0161 \u017eivot sen nebo skute\u010dnost?\" style=\"width: 438px; height: 340px;\" src=\"data:image\/svg+xml;base64,PHN2ZyB3aWR0aD0iMSIgaGVpZ2h0PSIxIiB4bWxucz0iaHR0cDovL3d3dy53My5vcmcvMjAwMC9zdmciPjwvc3ZnPg==\" class=\"lazyload\" \/><\/p>\n<p style=\"text-align: justify;\">Medzin\u00e1rodn\u00e1 \u0161kola Zlat\u00e9ho Kr\u00ed\u017ea s Ru\u017eou, Lectorium Rosicrucianum je v s\u00fa\u010dasnej dobe posledn\u00fdm \u010dl\u00e1nkom v re\u0165azci \u0161k\u00f4l myst\u00e9ri\u00ed, ktor\u00e9 existovali od po\u010diatku hist\u00f3rie \u013eudstva a nepretr\u017eite na seba nadv\u00e4zovali. Pomyslime len na zasv\u00e4cuj\u00face chr\u00e1my star\u00e9ho Egypta, Prednej \u00c1zie, Gr\u00e9cka a stredovekej Eur\u00f3py. Tieto \u0161koly, ktor\u00e9 v\u00e4\u010d\u0161inou pracuj\u00fa skryto, vystupuj\u00fa v danej dobe na verejnos\u0165, aby spojili v\u0161etk\u00fdch \u013eud\u00ed, ktor\u00ed c\u00edtia, \u017ee okrem n\u00e1m zn\u00e1meho sveta mus\u00ed existova\u0165 e\u0161te in\u00fd svet, a ktor\u00ed po tomto inom, bo\u017eskom svete t\u00fa\u017eia. \u0160koly myst\u00e9ri\u00ed alebo duchovn\u00e9 \u0161koly t\u00fdmto \u013eu\u010fom sprostredkov\u00e1vaj\u00fa univerz\u00e1lne u\u010denie m\u00fadrosti, v ktorom je skryt\u00e1 nemenn\u00e1 pravda. Duchovn\u00e9 \u0161koly odha\u013euj\u00fa h\u013eadaj\u00facim \u013eu\u010fom, t\u00fa\u017eiacim po poznan\u00ed tejto pravdy, skryt\u00fd obsah m\u00fdtov, b\u00e1j\u00ed a u\u010den\u00ed m\u00fadrosti sv\u00e4t\u00fdch p\u00edsiem v\u0161etk\u00fdch n\u00e1rodov.<\/p>\n<p style=\"text-align: justify;\">Z\u00e1ujemcom pon\u00fakame zozn\u00e1menie s filozofiou \u0161koly Kr\u00ed\u017ea s Ru\u017eou vo forme 12 listov <em>\u00davod do univerz\u00e1lneho u\u010denia<\/em>, ktor\u00e9 si m\u00f4\u017eete vypo\u010du\u0165, pr\u00edpadne pre\u010d\u00edta\u0165.<br \/>\n<img decoding=\"async\" data-src=\"https:\/\/www.rosicrucianum.org\/wp-content\/uploads\/images\/moderni_kriz.gif\" alt=\"prebal knihy\" style=\"height: 159px; width: 100px; float: left; margin-left: 0px; margin-right: 20px; margin-top: 10px; margin-bottom: 10px;\" src=\"data:image\/svg+xml;base64,PHN2ZyB3aWR0aD0iMSIgaGVpZ2h0PSIxIiB4bWxucz0iaHR0cDovL3d3dy53My5vcmcvMjAwMC9zdmciPjwvc3ZnPg==\" class=\"lazyload\" \/>\u00davodn\u00fd kurz \u010derp\u00e1 z knihy <a href=\"https:\/\/www.rosicrucianum.org\/sk\/blog\/2010\/01\/19\/elementarni-filosofie-moderniho-ruzoveho-krize\/\" target=\"_blank\" rel=\"noopener noreferrer\">Element\u00e1rn\u00ed filosofie modern\u00edho R\u016f\u017eov\u00e9ho K\u0159\u00ed\u017ee<\/a>, ktor\u00fa si taktie\u017e m\u00f4\u017eete objedna\u0165.<br \/>\n<!--K t\u00e9mam bud\u00fa prebieha\u0165 po t\u00fd\u017edni online stretnut\u00ed na Skype, na ktor\u00e1 ste srde\u010dne pozvan\u00fd. Pripoji\u0165 sa m\u00f4\u017eete pomocou odkazu uveden\u00e9ho pri aktu\u00e1lne prebiehaj\u00facom stretnut\u00ed (bez nutnosti in\u0161tal\u00e1cie a registr\u00e1cie na Skype).<br \/>\n\u00davodn\u00fd kurz a online stretnutia s\u00fa bezplatn\u00e9 a nez\u00e1v\u00e4zn\u00e9.<br \/>--><br \/>\n\u00davodn\u00fd kurz je bezplatn\u00fd a nez\u00e1v\u00e4zn\u00fd.<br \/>\nV pr\u00edpade ot\u00e1zok nev\u00e1hajte a nap\u00ed\u0161te na e-mail:<br \/>\n<a href=\"mailto:lectorium@rosicrucianum.org\">lectorium@rosicrucianum.org<\/a><\/p>\n<p><!--\n\n<p><strong>2. 4. 2024 za\u010d\u00edna \u00favodn\u00fd 12dielny online kurz Univerz\u00e1lneho u\u010denia, registrova\u0165 sa m\u00f4\u017eete <a href=\"https:\/\/www.rosicrucianum.org\/sk\/kurz\/\" target=\"_blank\" rel=\"noopener\">tu<\/a>.<\/strong><\/p>\n\n--><\/p>\n<hr \/>\n<p><strong>1. Bo\u017esk\u00e9 prajadro v \u010dloveku<\/strong><\/p>\n<p><audio controls controlsList=\"nodownload\" oncontextmenu=\"return false\"><source src=\"https:\/\/www.rosicrucianum.org\/wp-content\/uploads\/2020\/05\/uvodni_kurz01.mp3\" type=\"audio\/mpeg\">Your browser does not support the audio tag.<\/audio><br \/>\n<a href=\"https:\/\/www.rosicrucianum.org\/wp-content\/uploads\/2020\/05\/uvodny_kurz01.pdf\" target=\"_blank\" rel=\"noopener noreferrer\">Text 1. listu<\/a><!--<br \/>\nStretnutie na Skype:<br \/>\nStreda 2. 12. 2020, 19:00\u201320:00 hod\u00edn--><\/p>\n<p><!--\n\n\n<div>\n\n\n<ul id=\"join_online_button\">\n    \n\n<li><a class=\"join_online_button_item\" href=\"https:\/\/join.skype.com\/nWBEfXQzP5HP\" target=\"_blank\" rel=\"noopener noreferrer\">Pripoji\u0165 sa online<\/a><\/li>\n\n\n<\/ul>\n\n\n<\/div>\n\n<br \/>\n--><\/p>\n<hr \/>\n<p><strong>2. Poznanie sebe sama a poznanie dvoch pr\u00edrodn\u00fdch poriadkov<\/strong><\/p>\n<p><audio controls controlsList=\"nodownload\" oncontextmenu=\"return false\"><source src=\"https:\/\/www.rosicrucianum.org\/wp-content\/uploads\/2020\/05\/uvodni_kurz02.mp3\" type=\"audio\/mpeg\">Your browser does not support the audio tag.<\/audio><br \/>\n<a href=\"https:\/\/www.rosicrucianum.org\/wp-content\/uploads\/2020\/05\/uvodny_kurz02.pdf\" target=\"_blank\" rel=\"noopener noreferrer\">Text 2. listu<\/a><!--<br \/>\nStretnutie na Skype:<br \/>\nStreda 9. 12. 2020, 19:00\u201320:00 hod\u00edn--><\/p>\n<hr \/>\n<p><strong>3. Dve \u017eivotn\u00e9 polia (1. \u010das\u0165)<\/strong><\/p>\n<p><audio controls controlsList=\"nodownload\" oncontextmenu=\"return false\"><source src=\"https:\/\/www.rosicrucianum.org\/wp-content\/uploads\/2020\/05\/uvodni_kurz03.mp3\" type=\"audio\/mpeg\">Your browser does not support the audio tag.<\/audio><br \/>\n<a href=\"https:\/\/www.rosicrucianum.org\/wp-content\/uploads\/2020\/05\/uvodny_kurz03.pdf\" target=\"_blank\" rel=\"noopener noreferrer\">Text 3. listu<\/a><!--<br \/>\nStretnutie na Skype:<br \/>\nStreda 16. 12. 2020, 19:00\u201320:00 hod\u00edn--><\/p>\n<hr \/>\n<p><strong>4. Dve \u017eivotn\u00e9 polia (2. \u010das\u0165), \u010dlovek \u2013 mikrokozmos, znovuzrodenie alebo reinkarn\u00e1cia<\/strong><\/p>\n<p><audio controls controlsList=\"nodownload\" oncontextmenu=\"return false\"><source src=\"https:\/\/www.rosicrucianum.org\/wp-content\/uploads\/2020\/05\/uvodni_kurz04.mp3\" type=\"audio\/mpeg\">Your browser does not support the audio tag.<\/audio><br \/>\n<a href=\"https:\/\/www.rosicrucianum.org\/wp-content\/uploads\/2020\/06\/uvodny_kurz04.pdf\" target=\"_blank\" rel=\"noopener noreferrer\">Text 4. listu<\/a><!--<br \/>\nStretnutie na Skype:<br \/>\nStreda 6. 1. 2021, 19:00\u201320:00 hod\u00edn--><\/p>\n<hr \/>\n<p><strong>5. Mikrokozmos a osobnos\u0165, mikrokozmos a makrokozmos, z\u00e1kladn\u00fd obrat<\/strong><\/p>\n<p><audio controls controlsList=\"nodownload\" oncontextmenu=\"return false\"><source src=\"https:\/\/www.rosicrucianum.org\/wp-content\/uploads\/2020\/06\/uvodni_kurz05.mp3\" type=\"audio\/mpeg\">Your browser does not support the audio tag.<\/audio><br \/>\n<a href=\"https:\/\/www.rosicrucianum.org\/wp-content\/uploads\/2020\/06\/uvodny_kurz05.pdf\" target=\"_blank\" rel=\"noopener noreferrer\">Text 5. listu<\/a><!--<br \/>\nStretnutie na Skype:<br \/>\nStreda 13. 1. 2021, 19:00\u201320:00 hod\u00edn--><\/p>\n<hr \/>\n<p><strong>6. \u00daloha pozemskej osobnosti<\/strong><\/p>\n<p><audio controls controlsList=\"nodownload\" oncontextmenu=\"return false\"><source src=\"https:\/\/www.rosicrucianum.org\/wp-content\/uploads\/2020\/06\/uvodni_kurz06.mp3\" type=\"audio\/mpeg\">Your browser does not support the audio tag.<\/audio><br \/>\n<a href=\"https:\/\/www.rosicrucianum.org\/wp-content\/uploads\/2020\/06\/uvodny_kurz06.pdf\" target=\"_blank\" rel=\"noopener noreferrer\">Text 6. listu<\/a><!--<br \/>\nStretnutie na Skype:<br \/>\nStreda 20. 1. 2021, 19:00\u201320:00 hod\u00edn--><\/p>\n<hr \/>\n<p><strong>7. Niektor\u00e9 konzekvencie a endura<\/strong><\/p>\n<p><audio controls controlsList=\"nodownload\" oncontextmenu=\"return false\"><source src=\"https:\/\/www.rosicrucianum.org\/wp-content\/uploads\/2020\/06\/uvodni_kurz07.mp3\" type=\"audio\/mpeg\">Your browser does not support the audio tag.<\/audio><br \/>\n<a href=\"https:\/\/www.rosicrucianum.org\/wp-content\/uploads\/2020\/06\/uvodny_kurz07.pdf\" target=\"_blank\" rel=\"noopener noreferrer\">Text 7. listu<\/a><!--<br \/>\nStretnutie na Skype:<br \/>\nStreda 27. 1. 2021, 19:00\u201320:00 hod\u00edn--><\/p>\n<hr \/>\n<p><strong>8. Prav\u00e1 modlitba, transfigur\u00e1cia (1. \u010das\u0165)<\/strong><\/p>\n<p><audio controls controlsList=\"nodownload\" oncontextmenu=\"return false\"><source src=\"https:\/\/www.rosicrucianum.org\/wp-content\/uploads\/2020\/06\/uvodni_kurz08.mp3\" type=\"audio\/mpeg\">Your browser does not support the audio tag.<\/audio><br \/>\n<a href=\"https:\/\/www.rosicrucianum.org\/wp-content\/uploads\/2020\/06\/uvodny_kurz08.pdf\" target=\"_blank\" rel=\"noopener noreferrer\">Text 8. listu<\/a><!--<br \/>\nStretnutie na Skype:<br \/>\nStreda 1. 7. 2020, 19:00\u201320:00 hod\u00edn--><\/p>\n<hr \/>\n<p><strong>9. Transfigur\u00e1cia (2. \u010das\u0165), alchymick\u00fd proces<\/strong><\/p>\n<p><audio controls controlsList=\"nodownload\" oncontextmenu=\"return false\"><source src=\"https:\/\/www.rosicrucianum.org\/wp-content\/uploads\/2021\/01\/uvodni_kurz09.mp3\" type=\"audio\/mpeg\">Your browser does not support the audio tag.<\/audio><br \/>\n<a href=\"https:\/\/www.rosicrucianum.org\/wp-content\/uploads\/2020\/07\/uvodny_kurz09.pdf\" target=\"_blank\" rel=\"noopener noreferrer\">Text 9. listu<\/a><!--<br \/>\nStretnutie na Skype:<br \/>\nNie je pl\u00e1novan\u00e9--><\/p>\n<hr \/>\n<p><strong>10. Sily klamu, cesta oslobodenia<\/strong><\/p>\n<p><audio controls controlsList=\"nodownload\" oncontextmenu=\"return false\"><source src=\"https:\/\/www.rosicrucianum.org\/wp-content\/uploads\/2021\/01\/uvodni_kurz10.mp3\" type=\"audio\/mpeg\">Your browser does not support the audio tag.<\/audio><br \/>\n<a href=\"https:\/\/www.rosicrucianum.org\/wp-content\/uploads\/2020\/07\/uvodny_kurz10.pdf\" target=\"_blank\" rel=\"noopener noreferrer\">Text 10. listu<\/a><!--<br \/>\nStretnutie na Skype:<br \/>\nNie je pl\u00e1novan\u00e9--><\/p>\n<hr \/>\n<p><strong>11. Univerz\u00e1lne u\u010denie, Biblia, ve\u010dn\u00fd chodn\u00edk<\/strong><\/p>\n<p><audio controls controlsList=\"nodownload\" oncontextmenu=\"return false\"><source src=\"https:\/\/www.rosicrucianum.org\/wp-content\/uploads\/2021\/04\/uvodni_kurz11.mp3\" type=\"audio\/mpeg\">Your browser does not support the audio tag.<\/audio><br \/>\n<a href=\"https:\/\/www.rosicrucianum.org\/wp-content\/uploads\/2020\/07\/uvodny_kurz11.pdf\" target=\"_blank\" rel=\"noopener noreferrer\">Text 11. listu<\/a><!--<br \/>\nStretnutie na Skype:<br \/>\nNie je pl\u00e1novan\u00e9--><\/p>\n<hr \/>\n<p><strong>12. Cesta \u017eiaka v silovom poli duchovnej \u0161koly<\/strong><\/p>\n<p><audio controls controlsList=\"nodownload\" oncontextmenu=\"return false\"><source src=\"https:\/\/www.rosicrucianum.org\/wp-content\/uploads\/2021\/12\/uvodni_kurz12.mp3\" type=\"audio\/mpeg\">Your browser does not support the audio tag.<\/audio><br \/>\n<a href=\"https:\/\/www.rosicrucianum.org\/wp-content\/uploads\/2020\/07\/uvodny_kurz12.pdf\" target=\"_blank\" rel=\"noopener noreferrer\">Text 12. listu<\/a><!--<br \/>\nStretnutie na Skype:<br \/>\nStreda 29. 7. 2020, 19:00\u201320:00 hod\u00edn--><\/p>\n<hr \/>\n<p>Srde\u010dne v\u00e1s poz\u00fdvame do na\u0161ich centier: <a href=\"https:\/\/www.rosicrucianum.org\/sk\/nadchazejici-akce\/\" target=\"_blank\" rel=\"noopener noreferrer\">aktu\u00e1lne podujatia<\/a><\/p>\n","protected":false},"excerpt":{"rendered":"<p>\u00davod do univerz\u00e1lneho u\u010denia Vieme naozaj, kto sme? Pozn\u00e1me svoju prav\u00fa podstatu? Vieme, odkia\u013e prich\u00e1dzame? Pre\u010do sme na Zemi? \u010co sa s nami stane po tomto \u017eivote na Zemi? Kde sa vzal tento svet? Z akej sily vznikol? Ak\u00e1 sila ho udr\u017euje pri \u017eivote a ako dlho? Pozn\u00e1me, \u010di h\u013ead\u00e1me odpovede na tieto \u017eivotn\u00e9 ot\u00e1zky? [&hellip;]<\/p>\n","protected":false},"author":1,"featured_media":0,"parent":0,"menu_order":0,"comment_status":"closed","ping_status":"closed","template":"","meta":{"episode_type":"","audio_file":"","podmotor_file_id":"","podmotor_episode_id":"","cover_image":"","cover_image_id":"","duration":"","filesize":"","filesize_raw":"","date_recorded":"","explicit":"","block":"","itunes_episode_number":"","itunes_title":"","itunes_season_number":"","itunes_episode_type":"","_mc_calendar":[],"footnotes":""},"class_list":["post-7673","page","type-page","status-publish","hentry"],"translation":{"provider":"WPGlobus","version":"3.0.2","language":"sk","enabled_languages":["cz","sk"],"languages":{"cz":{"title":true,"content":true,"excerpt":false},"sk":{"title":true,"content":true,"excerpt":false}}},"_links":{"self":[{"href":"https:\/\/rosicrucianum.org\/sk\/wp-json\/wp\/v2\/pages\/7673","targetHints":{"allow":["GET"]}}],"collection":[{"href":"https:\/\/rosicrucianum.org\/sk\/wp-json\/wp\/v2\/pages"}],"about":[{"href":"https:\/\/rosicrucianum.org\/sk\/wp-json\/wp\/v2\/types\/page"}],"author":[{"embeddable":true,"href":"https:\/\/rosicrucianum.org\/sk\/wp-json\/wp\/v2\/users\/1"}],"replies":[{"embeddable":true,"href":"https:\/\/rosicrucianum.org\/sk\/wp-json\/wp\/v2\/comments?post=7673"}],"version-history":[{"count":0,"href":"https:\/\/rosicrucianum.org\/sk\/wp-json\/wp\/v2\/pages\/7673\/revisions"}],"wp:attachment":[{"href":"https:\/\/rosicrucianum.org\/sk\/wp-json\/wp\/v2\/media?parent=7673"}],"curies":[{"name":"wp","href":"https:\/\/api.w.org\/{rel}","templated":true}]}}